{"id":83633,"date":"2023-08-22T17:26:50","date_gmt":"2023-08-22T15:26:50","guid":{"rendered":"https:\/\/murena.com\/?post_type=product&#038;p=83633"},"modified":"2026-04-27T13:02:49","modified_gmt":"2026-04-27T11:02:49","slug":"batterie-fairphone-5","status":"publish","type":"product","link":"https:\/\/murenatest.com\/fr\/boutique\/pieces-detachees\/batterie-fairphone-5\/","title":{"rendered":"Batterie Fairphone 5"},"content":{"rendered":"","protected":false},"excerpt":{"rendered":"<p>Obtenez une nouvelle batterie pour votre Murena Fairphone 5.<\/p>\n<p>Redonnez \u00e0 votre Murena Fairphone 5 toute sa puissance de charge rapide avec la batterie originale Fairphone 5.<br \/>\nUne capacit\u00e9 de 4200 mAh, fabriqu\u00e9e avec des composants \u00e9quitables.<\/p>\n<p>Compatible uniquement avec le Murena Fairphone 5.<\/p>\n<p><strong>Incompatible<\/strong> avec Murena Fairphone 4, Murena Fairphone 3+, Murena Fairphone 3 et Murena Teracube.<\/p>\n","protected":false},"featured_media":83639,"comment_status":"open","ping_status":"closed","template":"","meta":{"_seopress_robots_primary_cat":"none","_seopress_titles_title":"","_seopress_titles_desc":"","_seopress_robots_index":""},"product_brand":[],"product_cat":[940],"product_tag":[],"class_list":{"0":"post-83633","1":"product","2":"type-product","3":"status-publish","4":"has-post-thumbnail","6":"product_cat-pieces-detachees","7":"wpbf-post","10":"instock","11":"taxable","12":"shipping-taxable","13":"purchasable","14":"product-type-simple"},"bundled_by":[],"bundle_stock_status":"instock","bundle_stock_quantity":12,"bundle_virtual":false,"bundle_layout":"","bundle_add_to_cart_form_location":"","bundle_editable_in_cart":false,"bundle_sold_individually_context":"","bundle_item_grouping":"","bundle_min_size":"","bundle_max_size":"","bundle_price":[],"bundled_items":[],"bundle_sell_ids":[],"supplier_id":28948,"supplier_sku":"F5BATT-1ZW-WW1","barcode":null,"atum_controlled":true,"out_stock_date":null,"out_stock_threshold":null,"inheritable":false,"inbound_stock":0,"stock_on_hold":0,"sold_today":0,"sales_last_days":0,"reserved_stock":0,"customer_returns":0,"warehouse_damage":0,"lost_in_post":0,"other_logs":1,"out_stock_days":0,"lost_sales":0,"has_location":false,"update_date":"2026-05-17T07:14:09","atum_locations":[],"atum_stock_status":"instock","restock_status":false,"low_stock_amount":"","sales_update_date":"2026-05-17T07:14:09","calc_backorders":null,"linked_bom":[],"sync_purchase_price":false,"bom_sellable":null,"minimum_threshold":null,"available_to_purchase":null,"selling_priority":null,"calculated_stock":null,"is_bom":false,"mi_inventories":[],"multi_inventory":"global","inventory_sorting_mode":"global","inventory_iteration":"global","expirable_inventories":"global","price_per_inventory":"global","show_write_off_inventories":"global","selectable_inventories":"global","selectable_inventories_mode":"global","_links":{"self":[{"href":"https:\/\/murenatest.com\/fr\/wp-json\/wp\/v2\/product\/83633","targetHints":{"allow":["GET"]}}],"collection":[{"href":"https:\/\/murenatest.com\/fr\/wp-json\/wp\/v2\/product"}],"about":[{"href":"https:\/\/murenatest.com\/fr\/wp-json\/wp\/v2\/types\/product"}],"replies":[{"embeddable":true,"href":"https:\/\/murenatest.com\/fr\/wp-json\/wp\/v2\/comments?post=83633"}],"wp:featuredmedia":[{"embeddable":true,"href":"https:\/\/murenatest.com\/fr\/wp-json\/wp\/v2\/media\/83639"}],"wp:attachment":[{"href":"https:\/\/murenatest.com\/fr\/wp-json\/wp\/v2\/media?parent=83633"}],"wp:term":[{"taxonomy":"product_brand","embeddable":true,"href":"https:\/\/murenatest.com\/fr\/wp-json\/wp\/v2\/product_brand?post=83633"},{"taxonomy":"product_cat","embeddable":true,"href":"https:\/\/murenatest.com\/fr\/wp-json\/wp\/v2\/product_cat?post=83633"},{"taxonomy":"product_tag","embeddable":true,"href":"https:\/\/murenatest.com\/fr\/wp-json\/wp\/v2\/product_tag?post=83633"}],"curies":[{"name":"wp","href":"https:\/\/api.w.org\/{rel}","templated":true}]}}