{"id":83531,"date":"2023-08-21T21:43:25","date_gmt":"2023-08-21T19:43:25","guid":{"rendered":"https:\/\/murena.com\/?post_type=product&#038;p=83531"},"modified":"2026-04-27T13:06:12","modified_gmt":"2026-04-27T11:06:12","slug":"murena-fairphone-5","status":"publish","type":"product","link":"https:\/\/murenatest.com\/fr\/boutique\/smartphones\/neuf\/murena-fairphone-5\/","title":{"rendered":"Murena Fairphone 5"},"content":{"rendered":"","protected":false},"excerpt":{"rendered":"<p>D\u00e9couvrez le tout nouveau Murena Fairphone 5 d\u00e9googlis\u00e9 !<\/p>\n<p>Plus puissant, plus durable, le Murena Fairphone 5 allie vie priv\u00e9e, \u00e9co-responsabilit\u00e9 et rapidit\u00e9 ! Le Murena Fairphone 5 fonctionne avec le syst\u00e8me d&rsquo;exploitation \/e\/OS, permettant \u00e0 votre t\u00e9l\u00e9phone de vous prot\u00e9ger \u00e0 tout moment contre la collecte constante de donn\u00e9es par Google. <\/p>\n<p>Combinez les avantages d&rsquo;un appareil rapide et durable avec le contr\u00f4le et la protection de vos donn\u00e9es personnelles.  <a href=\"https:\/\/murenatest.com\/fr\/boutique\/smartphones\/neuf\/murena-fairphone-5\/#android-without-google\">En savoir plus  <\/a><\/p>\n<p>Toujours con\u00e7u pour durer le plus longtemps possible, gr\u00e2ce \u00e0 sa conception modulaire et r\u00e9parable, vous pouvez r\u00e9parer et changer vous-m\u00eame jusqu&rsquo;\u00e0 8 composants de votre Murena Fairphone 5 !<\/p>\n<p>\u00c9quip\u00e9 d&rsquo;une batterie rechargeable amovible de 4 200 mAh, votre t\u00e9l\u00e9phone peut vous accompagner partout. Prenez de superbes photos avec son double appareil photo arri\u00e8re de 50 Mpx et son appareil photo selfie de 50 Mpx. Avec un indice de protection IP55, votre Murena Fairphone 5 est prot\u00e9g\u00e9 de la poussi\u00e8re et de la pluie.    <a href=\"https:\/\/murenatest.com\/fr\/boutique\/smartphones\/neuf\/murena-fairphone-5\/#tech-spec\">En savoir plus  <\/a><\/p>\n<p>Si vous voulez un t\u00e9l\u00e9phone qui dure, si vous avez d\u00e9j\u00e0 besoin de la 5G et si vous voulez prot\u00e9ger votre vie priv\u00e9e, le Murena Fairphone 5 est fait pour vous !<\/p>\n<p dir=\"auto\" data-sourcepos=\"9:1-9:29\"><strong>Con\u00e7u pour vous de mani\u00e8re \u00e9quitable. .<\/strong><\/p>\n","protected":false},"featured_media":108501,"comment_status":"open","ping_status":"closed","template":"","meta":{"_seopress_robots_primary_cat":"none","_seopress_titles_title":"Murena Fairphone 5","_seopress_titles_desc":"D\u00e9couvrez le tout nouveau Murena Fairphone 5 d\u00e9googlis\u00e9 !\n\nPlus puissant, plus durable, le Murena Fairphone 5 allie vie priv\u00e9e, \u00e9co-responsabilit\u00e9 et rapidit\u00e9 ! Le Murena Fairphone 5 fonctionne avec le syst\u00e8me d'exploitation \/e\/OS, permettant \u00e0 votre t\u00e9l\u00e9phone de vous prot\u00e9ger \u00e0 tout moment contre la collecte constante de donn\u00e9es par Google. ","_seopress_robots_index":""},"product_brand":[],"product_cat":[495],"product_tag":[847,839,806,807,804,825,803],"class_list":{"0":"post-83531","1":"product","2":"type-product","3":"status-publish","4":"has-post-thumbnail","6":"product_cat-neuf","7":"product_tag-128-256gb-fr","8":"product_tag-5g-fr","9":"product_tag-batterie-amovible","10":"product_tag-deverrouille-par-loperateur","11":"product_tag-double-sim","12":"product_tag-garantie-etendue","13":"product_tag-neuf","14":"wpbf-post","17":"instock","18":"taxable","19":"shipping-taxable","20":"purchasable","21":"product-type-variable"},"bundled_by":["117217"],"bundle_stock_status":"instock","bundle_stock_quantity":null,"bundle_virtual":false,"bundle_layout":"","bundle_add_to_cart_form_location":"","bundle_editable_in_cart":false,"bundle_sold_individually_context":"","bundle_item_grouping":"","bundle_min_size":"","bundle_max_size":"","bundle_price":[],"bundled_items":[],"bundle_sell_ids":[],"supplier_id":null,"supplier_sku":"","barcode":null,"atum_controlled":true,"out_stock_date":null,"out_stock_threshold":null,"inheritable":true,"inbound_stock":100,"stock_on_hold":1,"sold_today":0,"sales_last_days":0,"reserved_stock":0,"customer_returns":0,"warehouse_damage":0,"lost_in_post":0,"other_logs":0,"out_stock_days":0,"lost_sales":0,"has_location":false,"update_date":"2026-05-17T07:14:23","atum_locations":[],"atum_stock_status":"instock","restock_status":false,"low_stock_amount":"","sales_update_date":"2026-05-17T07:14:23","calc_backorders":null,"linked_bom":[],"sync_purchase_price":false,"bom_sellable":null,"minimum_threshold":null,"available_to_purchase":null,"selling_priority":null,"calculated_stock":null,"is_bom":false,"mi_inventories":[],"multi_inventory":"no","inventory_sorting_mode":"global","inventory_iteration":"global","expirable_inventories":"global","price_per_inventory":"global","show_write_off_inventories":"global","selectable_inventories":"global","selectable_inventories_mode":"global","_links":{"self":[{"href":"https:\/\/murenatest.com\/fr\/wp-json\/wp\/v2\/product\/83531","targetHints":{"allow":["GET"]}}],"collection":[{"href":"https:\/\/murenatest.com\/fr\/wp-json\/wp\/v2\/product"}],"about":[{"href":"https:\/\/murenatest.com\/fr\/wp-json\/wp\/v2\/types\/product"}],"replies":[{"embeddable":true,"href":"https:\/\/murenatest.com\/fr\/wp-json\/wp\/v2\/comments?post=83531"}],"wp:featuredmedia":[{"embeddable":true,"href":"https:\/\/murenatest.com\/fr\/wp-json\/wp\/v2\/media\/108501"}],"wp:attachment":[{"href":"https:\/\/murenatest.com\/fr\/wp-json\/wp\/v2\/media?parent=83531"}],"wp:term":[{"taxonomy":"product_brand","embeddable":true,"href":"https:\/\/murenatest.com\/fr\/wp-json\/wp\/v2\/product_brand?post=83531"},{"taxonomy":"product_cat","embeddable":true,"href":"https:\/\/murenatest.com\/fr\/wp-json\/wp\/v2\/product_cat?post=83531"},{"taxonomy":"product_tag","embeddable":true,"href":"https:\/\/murenatest.com\/fr\/wp-json\/wp\/v2\/product_tag?post=83531"}],"curies":[{"name":"wp","href":"https:\/\/api.w.org\/{rel}","templated":true}]}}