{"id":78361,"date":"2023-04-26T20:10:52","date_gmt":"2023-04-26T18:10:52","guid":{"rendered":"https:\/\/murena.com\/shop\/non%20class\u00e9\/casque-fairbuds-xl\/"},"modified":"2026-04-27T13:00:30","modified_gmt":"2026-04-27T11:00:30","slug":"casque-fairbuds-xl","status":"publish","type":"product","link":"https:\/\/murenatest.com\/fr\/boutique\/audio-fr\/casque-fairbuds-xl\/","title":{"rendered":"Casque Fairbuds XL"},"content":{"rendered":"<p>Sp\u00e9cifications techniques<\/p>\n<table style=\"border-collapse: collapse; width: 70.0916%; height: 201px;\">\n<tbody>\n<tr style=\"height: 37px;\">\n<td style=\"width: 26.5789%; height: 33px;\"><strong>G\u00e9n\u00e9ral<\/strong><\/td>\n<td style=\"width: 23.5434%; height: 33px;\"><\/td>\n<\/tr>\n<tr style=\"height: 24px;\">\n<td style=\"width: 26.5789%; height: 24px;\">Type de casque<\/td>\n<td style=\"width: 23.5434%; height: 24px;\">Oreillettes, dos ferm\u00e9<\/td>\n<\/tr>\n<tr style=\"height: 24px;\">\n<td style=\"width: 26.5789%; height: 24px;\">Taille<\/td>\n<td style=\"width: 23.5434%; height: 24px;\">190 x 180 x 70 mm (d\u00e9pli\u00e9)<\/td>\n<\/tr>\n<tr style=\"height: 24px;\">\n<td style=\"width: 26.5789%; height: 24px;\"><\/td>\n<td style=\"width: 23.5434%; height: 24px;\">140 x 180 x 70 mm (pli\u00e9)<\/td>\n<\/tr>\n<tr style=\"height: 24px;\">\n<td style=\"width: 26.5789%; height: 24px;\">Couleurs<\/td>\n<td style=\"width: 23.5434%; height: 24px;\">Noir, Vert<\/td>\n<\/tr>\n<tr style=\"height: 24px;\">\n<td style=\"width: 26.5789%; height: 24px;\">Poids<\/td>\n<td style=\"width: 23.5434%; height: 24px;\">330 g<\/td>\n<\/tr>\n<tr style=\"height: 24px;\">\n<td style=\"width: 26.5789%; height: 24px;\">\u00c9tanch\u00e9it\u00e9<\/td>\n<td style=\"width: 23.5434%; height: 24px;\">IP54<\/td>\n<\/tr>\n<tr style=\"height: 24px;\">\n<td style=\"width: 26.5789%; height: 24px;\">Control<\/td>\n<td style=\"width: 23.5434%; height: 24px;\">Joystick &amp; Buton ANC<\/td>\n<\/tr>\n<\/tbody>\n<\/table>\n<table style=\"border-collapse: collapse; width: 70.2341%; height: 145px;\">\n<tbody>\n<tr style=\"height: 63px;\">\n<td style=\"width: 17.638%; height: 25px;\"><strong>Son<\/strong><\/td>\n<td style=\"width: 15.6479%; height: 25px;\"><\/td>\n<\/tr>\n<tr style=\"height: 24px;\">\n<td style=\"width: 17.638%; height: 24px;\">Diam\u00e8tre du conducteur<\/td>\n<td style=\"width: 15.6479%; height: 24px;\">40 mm<\/td>\n<\/tr>\n<tr style=\"height: 24px;\">\n<td style=\"width: 17.638%; height: 24px;\">Type de conducteur<\/td>\n<td style=\"width: 15.6479%; height: 24px;\">Dynamique<\/td>\n<\/tr>\n<tr style=\"height: 24px;\">\n<td style=\"width: 17.638%; height: 24px;\">R\u00e9ponse en fr\u00e9quence<\/td>\n<td style=\"width: 15.6479%; height: 24px;\">20 Hz &#8211; 20 KHz<\/td>\n<\/tr>\n<tr style=\"height: 24px;\">\n<td style=\"width: 17.638%; height: 24px;\">Sensibilit\u00e9<\/td>\n<td style=\"width: 15.6479%; height: 24px;\">99 \u00b1 2 dB at 1 KHZ<\/td>\n<\/tr>\n<tr style=\"height: 24px;\">\n<td style=\"width: 17.638%; height: 24px;\">Imp\u00e9dance du conducteur<\/td>\n<td style=\"width: 15.6479%; height: 24px;\">32 \u03a9<\/td>\n<\/tr>\n<\/tbody>\n<\/table>\n<table style=\"border-collapse: collapse; width: 70.2538%; height: 99px;\">\n<tbody>\n<tr style=\"height: 27px;\">\n<td style=\"width: 37.9549%; height: 27px;\"><strong>R\u00e9duction du bruit<\/strong><\/td>\n<td style=\"width: 33.9894%; height: 27px;\"><\/td>\n<\/tr>\n<tr style=\"height: 24px;\">\n<td style=\"width: 37.9549%; height: 24px;\">R\u00e9duction active du bruit<\/td>\n<td style=\"width: 33.9894%; height: 24px;\">Oui<\/td>\n<\/tr>\n<tr style=\"height: 24px;\">\n<td style=\"width: 37.9549%; height: 24px;\">Mode son ambiant<\/td>\n<td style=\"width: 33.9894%; height: 24px;\">Oui<\/td>\n<\/tr>\n<tr style=\"height: 24px;\">\n<td style=\"width: 37.9549%; height: 24px;\">Caract\u00e9ristiques sp\u00e9ciales<\/td>\n<td style=\"width: 33.9894%; height: 24px;\">ANC hybride<\/td>\n<\/tr>\n<\/tbody>\n<\/table>\n<table style=\"border-collapse: collapse; width: 70.3704%; height: 170px;\">\n<tbody>\n<tr style=\"height: 26px;\">\n<td style=\"width: 36.8875%; height: 26px;\"><strong>Batterie<\/strong><\/td>\n<td style=\"width: 33.1549%; height: 26px;\"><\/td>\n<\/tr>\n<tr style=\"height: 24px;\">\n<td style=\"width: 36.8875%; height: 24px;\">Autonomie de la batterie<\/td>\n<td style=\"width: 33.1549%; height: 24px;\">Dur\u00e9e d&rsquo;appel \/ de musique : \u2265 <span style=\"font-family: inherit; font-size: inherit;\">26 h (ANC activ\u00e9)<\/span><\/td>\n<\/tr>\n<tr style=\"height: 24px;\">\n<td style=\"width: 36.8875%; height: 24px;\">(Dur\u00e9e d&rsquo;appels ou de musique \u00e0 un niveau de volume de 80%)<\/td>\n<td style=\"width: 33.1549%; height: 24px;\">Dur\u00e9e d&rsquo;appels \/ de musique : \u2265 30<span style=\"font-family: inherit; font-size: inherit;\"> h (ANC d\u00e9sactiv\u00e9)<\/span><\/td>\n<\/tr>\n<tr style=\"height: 24px;\">\n<td style=\"width: 36.8875%; height: 24px;\">Autonomie en veille<\/td>\n<td style=\"width: 33.1549%; height: 24px;\">320 h<\/td>\n<\/tr>\n<tr style=\"height: 24px;\">\n<td style=\"width: 36.8875%; height: 24px;\">Temps de charge<\/td>\n<td style=\"width: 33.1549%; height: 24px;\">\u2264 3 <span style=\"font-family: inherit; font-size: inherit;\">h<\/span><\/td>\n<\/tr>\n<tr style=\"height: 24px;\">\n<td style=\"width: 36.8875%; height: 24px;\">Capacit\u00e9 de la batterie<\/td>\n<td style=\"width: 33.1549%; height: 24px;\">800 mAh<\/td>\n<\/tr>\n<tr style=\"height: 24px;\">\n<td style=\"width: 36.8875%; height: 24px;\">Chargement sans fil<\/td>\n<td style=\"width: 33.1549%; height: 24px;\">Non<\/td>\n<\/tr>\n<\/tbody>\n<\/table>\n<table style=\"border-collapse: collapse; width: 74.1507%; height: 269px;\">\n<tbody>\n<tr style=\"height: 29px;\">\n<td style=\"width: 36.1125%; height: 29px;\"><strong>Connectivit\u00e9<\/strong><\/td>\n<td style=\"width: 36.2217%; height: 29px;\"><\/td>\n<\/tr>\n<tr style=\"height: 24px;\">\n<td style=\"width: 36.1125%; height: 24px;\">Bluetooth<\/td>\n<td style=\"width: 36.2217%; height: 24px;\">Version 5.1<\/td>\n<\/tr>\n<tr style=\"height: 24px;\">\n<td style=\"width: 36.1125%; height: 24px;\">Connexion multipoint<\/td>\n<td style=\"width: 36.2217%; height: 24px;\">Double<\/td>\n<\/tr>\n<tr style=\"height: 24px;\">\n<td style=\"width: 36.1125%; height: 24px;\">Profiles<\/td>\n<td style=\"width: 36.2217%; height: 24px;\">A2DP V1.3.2, AVRCP V1.6.2, GAVPD V1.3,<\/td>\n<\/tr>\n<tr style=\"height: 24px;\">\n<td style=\"width: 36.1125%; height: 24px;\"><\/td>\n<td style=\"width: 36.2217%; height: 24px;\">HFP V1.7.2, HSP V1.2<\/td>\n<\/tr>\n<tr style=\"height: 24px;\">\n<td style=\"width: 36.1125%; height: 24px;\">Codec<\/td>\n<td style=\"width: 36.2217%; height: 24px;\">AAC \/ SBC \/ APTX HD<\/td>\n<\/tr>\n<tr style=\"height: 24px;\">\n<td style=\"width: 36.1125%; height: 24px;\">Port\u00e9e Bluetooth (ligne de vue)<\/td>\n<td style=\"width: 36.2217%; height: 24px;\">10 m<\/td>\n<\/tr>\n<tr style=\"height: 24px;\">\n<td style=\"width: 36.1125%; height: 24px;\">Ports<\/td>\n<td style=\"width: 36.2217%; height: 24px;\">USB-C (charge et musique analogique)<\/td>\n<\/tr>\n<tr style=\"height: 24px;\">\n<td style=\"width: 36.1125%; height: 24px;\">C\u00e2ble (non inclus)<\/td>\n<td style=\"width: 36.2217%; height: 24px;\">USB Type-C (USB 2.0\/3.0\/3.2)<\/td>\n<\/tr>\n<tr style=\"height: 24px;\">\n<td style=\"width: 36.1125%; height: 24px;\">Microphone<\/td>\n<td style=\"width: 36.2217%; height: 24px;\">Total de 6 micros: 2 \u00e0 gauche, 4 \u00e0 droite<\/td>\n<\/tr>\n<tr style=\"height: 24px;\">\n<td style=\"width: 36.1125%; height: 24px;\">Assistants intelligents<\/td>\n<td style=\"width: 36.2217%; height: 24px;\">Google Assistant, Amazon Alexa, Apple Siri<\/td>\n<\/tr>\n<\/tbody>\n<\/table>\n<table style=\"border-collapse: collapse; width: 74.3056%; height: 244px;\">\n<tbody>\n<tr style=\"height: 28px;\">\n<td style=\"width: 37.037%; height: 28px;\"><strong>Durabilit\u00e9<\/strong><\/td>\n<td style=\"width: 37.2686%; height: 28px;\"><\/td>\n<\/tr>\n<tr style=\"height: 24px;\">\n<td style=\"width: 37.037%; height: 24px;\">Cuir<\/td>\n<td style=\"width: 37.2686%; height: 24px;\">100% cuir v\u00e9g\u00e9tal<\/td>\n<\/tr>\n<tr style=\"height: 24px;\">\n<td style=\"width: 37.037%; height: 24px;\"><\/td>\n<td style=\"width: 37.2686%; height: 24px;\">Sur le coussin d&rsquo;oreille et le bandeau<\/td>\n<\/tr>\n<tr style=\"height: 24px;\">\n<td style=\"width: 37.037%; height: 24px;\">M\u00e9taux<\/td>\n<td style=\"width: 37.2686%; height: 24px;\">Aluminium 100% recycl\u00e9<\/td>\n<\/tr>\n<tr style=\"height: 24px;\">\n<td style=\"width: 37.037%; height: 24px;\"><\/td>\n<td style=\"width: 37.2686%; height: 24px;\">100% d&rsquo;\u00e9tain recycl\u00e9 dans la p\u00e2te \u00e0 souder<\/td>\n<\/tr>\n<tr style=\"height: 24px;\">\n<td style=\"width: 37.037%; height: 24px;\">Plastiques<\/td>\n<td style=\"width: 37.2686%; height: 24px;\">&gt; 80% de plastiques recycl\u00e9s<\/td>\n<\/tr>\n<tr style=\"height: 24px;\">\n<td style=\"width: 37.037%; height: 24px;\">Mati\u00e8res premi\u00e8res \u00e9quitables<\/td>\n<td style=\"width: 37.2686%; height: 24px;\">Or 100% \u00e9quitable<\/td>\n<\/tr>\n<tr style=\"height: 24px;\">\n<td style=\"width: 37.037%; height: 24px;\">Textiles<\/td>\n<td style=\"width: 37.2686%; height: 24px;\">Pochette de voyage fabriqu\u00e9e \u00e0 partir de tissus recycl\u00e9s<\/td>\n<\/tr>\n<tr style=\"height: 24px;\">\n<td style=\"width: 37.037%; height: 24px;\">Long\u00e9vit\u00e9<\/td>\n<td style=\"width: 37.2686%; height: 24px;\">Conception modulaire et r\u00e9parable<\/td>\n<\/tr>\n<tr style=\"height: 24px;\">\n<td style=\"width: 37.037%; height: 24px;\">Conditions de travail \u00e9quitables<br \/>\nRespect du climat<\/td>\n<td style=\"width: 37.2686%; height: 24px;\">Oui<\/td>\n<\/tr>\n<\/tbody>\n<\/table>\n","protected":false},"excerpt":{"rendered":"<p>Si vous voulez une \u00e9coute de bonne qualit\u00e9 avec un casque durable et r\u00e9parable, le Fairbuds XL est fait pour vous.<\/p>\n<p>Ce casque audio sans fil vous offrira une exp\u00e9rience sonore immersive gr\u00e2ce \u00e0 leur option de r\u00e9duction active du bruit.<\/p>\n<p>Profitez de la musique pendant des heures gr\u00e2ce \u00e0 sa batterie longue dur\u00e9e.<\/p>\n<p>Le Fairbuds XL est con\u00e7u avec des mat\u00e9riaux \u00e9quitables et recycl\u00e9s. Vous pouvez r\u00e9parer et remplacer jusqu&rsquo;\u00e0 9 pi\u00e8ces diff\u00e9rentes du casque, telles que les oreillettes, l&rsquo;arceau, la batterie, etc.<\/p>\n<p>Ce produit est disponible en noir et en vert.<\/p>\n","protected":false},"featured_media":115905,"comment_status":"open","ping_status":"closed","template":"","meta":{"_seopress_robots_primary_cat":"none","_seopress_titles_title":"","_seopress_titles_desc":"","_seopress_robots_index":""},"product_brand":[],"product_cat":[982],"product_tag":[],"class_list":{"0":"post-78361","1":"product","2":"type-product","3":"status-publish","4":"has-post-thumbnail","6":"product_cat-audio-fr","7":"wpbf-post","10":"instock","11":"taxable","12":"shipping-taxable","13":"purchasable","14":"product-type-variable"},"bundled_by":[],"bundle_stock_status":"instock","bundle_stock_quantity":null,"bundle_virtual":false,"bundle_layout":"","bundle_add_to_cart_form_location":"","bundle_editable_in_cart":false,"bundle_sold_individually_context":"","bundle_item_grouping":"","bundle_min_size":"","bundle_max_size":"","bundle_price":[],"bundled_items":[],"bundle_sell_ids":[],"supplier_id":null,"supplier_sku":"","barcode":null,"atum_controlled":true,"out_stock_date":null,"out_stock_threshold":null,"inheritable":true,"inbound_stock":0,"stock_on_hold":0,"sold_today":0,"sales_last_days":0,"reserved_stock":20,"customer_returns":0,"warehouse_damage":0,"lost_in_post":0,"other_logs":0,"out_stock_days":0,"lost_sales":0,"has_location":false,"update_date":"2026-05-17T07:14:09","atum_locations":[],"atum_stock_status":"instock","restock_status":false,"low_stock_amount":"","sales_update_date":"2026-05-17T07:14:09","calc_backorders":null,"linked_bom":[],"sync_purchase_price":false,"bom_sellable":null,"minimum_threshold":null,"available_to_purchase":null,"selling_priority":null,"calculated_stock":null,"is_bom":false,"mi_inventories":[],"multi_inventory":"no","inventory_sorting_mode":"global","inventory_iteration":"global","expirable_inventories":"global","price_per_inventory":"global","show_write_off_inventories":"global","selectable_inventories":"global","selectable_inventories_mode":"global","_links":{"self":[{"href":"https:\/\/murenatest.com\/fr\/wp-json\/wp\/v2\/product\/78361","targetHints":{"allow":["GET"]}}],"collection":[{"href":"https:\/\/murenatest.com\/fr\/wp-json\/wp\/v2\/product"}],"about":[{"href":"https:\/\/murenatest.com\/fr\/wp-json\/wp\/v2\/types\/product"}],"replies":[{"embeddable":true,"href":"https:\/\/murenatest.com\/fr\/wp-json\/wp\/v2\/comments?post=78361"}],"wp:featuredmedia":[{"embeddable":true,"href":"https:\/\/murenatest.com\/fr\/wp-json\/wp\/v2\/media\/115905"}],"wp:attachment":[{"href":"https:\/\/murenatest.com\/fr\/wp-json\/wp\/v2\/media?parent=78361"}],"wp:term":[{"taxonomy":"product_brand","embeddable":true,"href":"https:\/\/murenatest.com\/fr\/wp-json\/wp\/v2\/product_brand?post=78361"},{"taxonomy":"product_cat","embeddable":true,"href":"https:\/\/murenatest.com\/fr\/wp-json\/wp\/v2\/product_cat?post=78361"},{"taxonomy":"product_tag","embeddable":true,"href":"https:\/\/murenatest.com\/fr\/wp-json\/wp\/v2\/product_tag?post=78361"}],"curies":[{"name":"wp","href":"https:\/\/api.w.org\/{rel}","templated":true}]}}