{"id":77552,"date":"2023-04-11T16:59:17","date_gmt":"2023-04-11T14:59:17","guid":{"rendered":"https:\/\/murena.com\/shop\/non%20class\u00e9\/77552\/"},"modified":"2026-04-27T13:00:08","modified_gmt":"2026-04-27T11:00:08","slug":"murena-pixel-5-reconditionne-2","status":"publish","type":"product","link":"https:\/\/murenatest.com\/fr\/boutique\/smartphones\/reconditionne-a-neuf\/murena-pixel-5-reconditionne-2\/","title":{"rendered":"Murena Pixel 5 &#8211; Reconditionn\u00e9"},"content":{"rendered":"","protected":false},"excerpt":{"rendered":"<p>Go\u00fbtez \u00e0 l&rsquo;exp\u00e9rience d\u2019une vie priv\u00e9e prot\u00e9g\u00e9e avec le Murena Pixel 5. \u00c9quip\u00e9 du syst\u00e8me d&rsquo;exploitation r\u00e9volutionnaire \/e\/OS, cet appareil est votre bouclier contre la collecte constante de donn\u00e9es par Google. Profitez des avantages d&rsquo;un appareil intelligent sans la surveillance, en vous redonnant le contr\u00f4le de vos donn\u00e9es personnelles. <a href=\"https:\/\/murenatest.com\/fr\/boutique\/smartphones\/reconditionne-a-neuf\/murena-pixel-5-reconditionne-2\/#android-without-google\">En savoir plus<\/a><\/p>\n<p>Compact, mais puissant, le Murena Pixel 5 est dot\u00e9 d&rsquo;un \u00e9cran OLED de 6 pouces, d&rsquo;un processeur Qualcomm Snapdragon 765G et de 8 Go de RAM. Cela garantit performance, images \u00e9poustouflantes, pour que chaque action devienne fluide. Capturez les moments forts de votre vie gr\u00e2ce \u00e0 une cam\u00e9ra arri\u00e8re de 12,2 m\u00e9gapixels et une cam\u00e9ra frontale de 8 m\u00e9gapixels, et stockez-les tous dans l\u2019espace de stockage de 128 Go. Avec un indice de protection IP68, il r\u00e9siste \u00e0 la poussi\u00e8re et \u00e0 l&rsquo;eau, et sa batterie de 4080 mAh vous permet de tenir toute la journ\u00e9e. <a href=\"https:\/\/murenatest.com\/fr\/boutique\/smartphones\/reconditionne-a-neuf\/murena-pixel-5-reconditionne-2\/#tech-spec\">En savoir plus<\/a><\/p>\n<p>Choisissez le Murena Pixel 5 : plus qu&rsquo;un simple t\u00e9l\u00e9phone 5G haute performance, c&rsquo;est l&rsquo;affirmation de votre choix de prot\u00e9ger vos donn\u00e9es personnelles, tout en profitant de la commodit\u00e9 et de la puissance d&rsquo;un smartphone haut de gamme.<\/p>\n<p>Tous nos t\u00e9l\u00e9phones reconditionn\u00e9s\u00a0sont de qualit\u00e9 A+ Premium Refurbished.<\/p>\n","protected":false},"featured_media":105982,"comment_status":"open","ping_status":"closed","template":"","meta":{"_seopress_robots_primary_cat":"none","_seopress_titles_title":"Murena Pixel 5 - Reconditionn\u00e9","_seopress_titles_desc":"Faites l'exp\u00e9rience de la protection de la vie priv\u00e9e avec le Murena Pixel 5. Aliment\u00e9 par le syst\u00e8me d'exploitation r\u00e9volutionnaire \/e\/OS, cet appareil est votre bouclier contre la collecte constante de donn\u00e9es par Google. Profitez des avantages d'un appareil intelligent remis \u00e0 neuf sans la surveillance, en vous redonnant le contr\u00f4le de vos donn\u00e9es personnelles.","_seopress_robots_index":""},"product_brand":[],"product_cat":[553],"product_tag":[844,836,839,809,807,804,828,814],"class_list":{"0":"post-77552","1":"product","2":"type-product","3":"status-publish","4":"has-post-thumbnail","6":"product_cat-reconditionne-a-neuf","7":"product_tag-128-gb-fr","8":"product_tag-4g-lte-fr","9":"product_tag-5g-fr","10":"product_tag-batterie-non-amovible","11":"product_tag-deverrouille-par-loperateur","12":"product_tag-double-sim","13":"product_tag-garantie-1-ans","14":"product_tag-reconditionne-a-neuf","15":"wpbf-post","18":"outofstock","19":"taxable","20":"shipping-taxable","21":"purchasable","22":"product-type-simple"},"bundled_by":[],"bundle_stock_status":"outofstock","bundle_stock_quantity":0,"bundle_virtual":false,"bundle_layout":"","bundle_add_to_cart_form_location":"","bundle_editable_in_cart":false,"bundle_sold_individually_context":"","bundle_item_grouping":"","bundle_min_size":"","bundle_max_size":"","bundle_price":[],"bundled_items":[],"bundle_sell_ids":[],"supplier_id":40487,"supplier_sku":"Pixel 5 worldwide","barcode":null,"atum_controlled":true,"out_stock_date":"2025-05-08 22:23:17","out_stock_threshold":null,"inheritable":false,"inbound_stock":0,"stock_on_hold":0,"sold_today":0,"sales_last_days":0,"reserved_stock":0,"customer_returns":0,"warehouse_damage":0,"lost_in_post":0,"other_logs":0,"out_stock_days":373,"lost_sales":0,"has_location":false,"update_date":"2026-05-17T07:14:05","atum_locations":[],"atum_stock_status":"outofstock","restock_status":false,"low_stock_amount":"","sales_update_date":"2026-05-17T07:14:05","calc_backorders":null,"linked_bom":[{"bom_id":52143,"bom_type":"raw_material","qty":1,"measure_unit":null},{"bom_id":52146,"bom_type":"raw_material","qty":1,"measure_unit":null},{"bom_id":52819,"bom_type":"raw_material","qty":1,"measure_unit":null},{"bom_id":56686,"bom_type":"raw_material","qty":1,"measure_unit":null},{"bom_id":56694,"bom_type":"raw_material","qty":1,"measure_unit":null},{"bom_id":65543,"bom_type":"raw_material","qty":1,"measure_unit":null},{"bom_id":77266,"bom_type":"product_part","qty":1,"measure_unit":null}],"sync_purchase_price":false,"bom_sellable":null,"minimum_threshold":null,"available_to_purchase":null,"selling_priority":null,"calculated_stock":null,"is_bom":false,"mi_inventories":[],"multi_inventory":"no","inventory_sorting_mode":"global","inventory_iteration":"global","expirable_inventories":"global","price_per_inventory":"global","show_write_off_inventories":"global","selectable_inventories":"global","selectable_inventories_mode":"global","_links":{"self":[{"href":"https:\/\/murenatest.com\/fr\/wp-json\/wp\/v2\/product\/77552","targetHints":{"allow":["GET"]}}],"collection":[{"href":"https:\/\/murenatest.com\/fr\/wp-json\/wp\/v2\/product"}],"about":[{"href":"https:\/\/murenatest.com\/fr\/wp-json\/wp\/v2\/types\/product"}],"replies":[{"embeddable":true,"href":"https:\/\/murenatest.com\/fr\/wp-json\/wp\/v2\/comments?post=77552"}],"wp:featuredmedia":[{"embeddable":true,"href":"https:\/\/murenatest.com\/fr\/wp-json\/wp\/v2\/media\/105982"}],"wp:attachment":[{"href":"https:\/\/murenatest.com\/fr\/wp-json\/wp\/v2\/media?parent=77552"}],"wp:term":[{"taxonomy":"product_brand","embeddable":true,"href":"https:\/\/murenatest.com\/fr\/wp-json\/wp\/v2\/product_brand?post=77552"},{"taxonomy":"product_cat","embeddable":true,"href":"https:\/\/murenatest.com\/fr\/wp-json\/wp\/v2\/product_cat?post=77552"},{"taxonomy":"product_tag","embeddable":true,"href":"https:\/\/murenatest.com\/fr\/wp-json\/wp\/v2\/product_tag?post=77552"}],"curies":[{"name":"wp","href":"https:\/\/api.w.org\/{rel}","templated":true}]}}