{"id":56494,"date":"2021-12-15T07:09:50","date_gmt":"2021-12-15T06:09:50","guid":{"rendered":"https:\/\/murena.com\/shop\/murena-fairphone-4-eu\/"},"modified":"2026-04-27T13:05:57","modified_gmt":"2026-04-27T11:05:57","slug":"murena-fairphone-4-eu","status":"publish","type":"product","link":"https:\/\/murenatest.com\/fr\/boutique\/smartphones\/neuf\/murena-fairphone-4-eu\/","title":{"rendered":"Murena Fairphone 4"},"content":{"rendered":"","protected":false},"excerpt":{"rendered":"<p>Le Murena Fairphone 4 \u201cd\u00e9Googlis\u00e9\u201d est le premier t\u00e9l\u00e9phone 5G\u00a0 soucieux de la confidentialit\u00e9 et durable. S\u2019appuyant sur le syst\u00e8me d&rsquo;exploitation r\u00e9volutionnaire \/e\/OS, cet appareil est votre bouclier contre la collecte constante de donn\u00e9es par Google. Profitez des avantages d&rsquo;un appareil intelligent sans la surveillance, vous redonnant le contr\u00f4le de vos donn\u00e9es personnelles. <a href=\"https:\/\/murenatest.com\/fr\/boutique\/smartphones\/neuf\/murena-fairphone-4-eu\/#android-without-google\">En savoir plus<\/a><\/p>\n<p>Comme tous les t\u00e9l\u00e9phones Fairphone, il est construit pour durer gr\u00e2ce \u00e0 sa conception modulaire et r\u00e9parable. Il est dot\u00e9 d\u2019une batterie\u00a0 rechargeable amovible de 3905 mAh. Vous pouvez \u00e9changer la batterie ou l\u2019\u00e9cran par vous-m\u00eame. Aucune partie du Murena Fairphone 4 n\u2019est coll\u00e9e, vous pouvez donc choisir de le r\u00e9parer facilement vous-m\u00eame avec un tournevis standard.<\/p>\n<p>Le Murena Fairphone 4 est \u00e9quip\u00e9 d\u2019une double cam\u00e9ra arri\u00e8re de 48MP et d\u2019une cam\u00e9ra selfie de 25MP pour de superbes photos et vid\u00e9os. Ce t\u00e9l\u00e9phone est le premier t\u00e9l\u00e9phone modulaire dot\u00e9 d\u2019un indice IP.\u00a0 Cet indice fournit des informations sur la protection de l\u2019appareil contre l\u2019intrusion de solides (comme les particules de poussi\u00e8re), et de liquides, comme l\u2019eau. Avec un indice IP54, votre Murena Fairphone 4 est prot\u00e9g\u00e9 de la poussi\u00e8re et de la pluie.\u00a0<a href=\"https:\/\/murenatest.com\/fr\/boutique\/smartphones\/neuf\/murena-fairphone-4-eu\/#tech-spec\">En savoir plus<\/a><\/p>\n<p>Si vous voulez un t\u00e9l\u00e9phone \u00e0 l\u2019\u00e9preuve du futur, si vous avez d\u00e9j\u00e0 besoin de la 5G, et que vos voulez exp\u00e9rimenter la confidentialit\u00e9 avant tout, c\u2019est votre compagnon id\u00e9al.<\/p>\n","protected":false},"featured_media":112085,"comment_status":"open","ping_status":"closed","template":"","meta":{"_seopress_robots_primary_cat":"none","_seopress_titles_title":"Murena Fairphone 4","_seopress_titles_desc":"Le Murena Fairphone 4 d\u00e9Googlis\u00e9 est le premier t\u00e9l\u00e9phone 5G durable et respectueux de la vie priv\u00e9e.","_seopress_robots_index":""},"product_brand":[],"product_cat":[495],"product_tag":[847,839,806,807,804,825,803],"class_list":{"0":"post-56494","1":"product","2":"type-product","3":"status-publish","4":"has-post-thumbnail","6":"product_cat-neuf","7":"product_tag-128-256gb-fr","8":"product_tag-5g-fr","9":"product_tag-batterie-amovible","10":"product_tag-deverrouille-par-loperateur","11":"product_tag-double-sim","12":"product_tag-garantie-etendue","13":"product_tag-neuf","14":"wpbf-post","17":"outofstock","18":"taxable","19":"shipping-taxable","20":"purchasable","21":"product-type-variable"},"bundled_by":[],"bundle_stock_status":"outofstock","bundle_stock_quantity":null,"bundle_virtual":false,"bundle_layout":"","bundle_add_to_cart_form_location":"","bundle_editable_in_cart":false,"bundle_sold_individually_context":"","bundle_item_grouping":"","bundle_min_size":"","bundle_max_size":"","bundle_price":[],"bundled_items":[],"bundle_sell_ids":[],"supplier_id":null,"supplier_sku":"","barcode":null,"atum_controlled":true,"out_stock_date":"2021-12-15 07:12:23","out_stock_threshold":null,"inheritable":true,"inbound_stock":0,"stock_on_hold":0,"sold_today":0,"sales_last_days":0,"reserved_stock":0,"customer_returns":0,"warehouse_damage":0,"lost_in_post":0,"other_logs":0,"out_stock_days":1614,"lost_sales":0,"has_location":false,"update_date":"2026-05-17T07:14:21","atum_locations":[],"atum_stock_status":"outofstock","restock_status":false,"low_stock_amount":"","sales_update_date":"2026-05-17T07:14:21","calc_backorders":null,"linked_bom":[],"sync_purchase_price":false,"bom_sellable":null,"minimum_threshold":null,"available_to_purchase":null,"selling_priority":null,"calculated_stock":null,"is_bom":false,"mi_inventories":[],"multi_inventory":"no","inventory_sorting_mode":"global","inventory_iteration":"global","expirable_inventories":"global","price_per_inventory":"global","show_write_off_inventories":"global","selectable_inventories":"global","selectable_inventories_mode":"global","_links":{"self":[{"href":"https:\/\/murenatest.com\/fr\/wp-json\/wp\/v2\/product\/56494","targetHints":{"allow":["GET"]}}],"collection":[{"href":"https:\/\/murenatest.com\/fr\/wp-json\/wp\/v2\/product"}],"about":[{"href":"https:\/\/murenatest.com\/fr\/wp-json\/wp\/v2\/types\/product"}],"replies":[{"embeddable":true,"href":"https:\/\/murenatest.com\/fr\/wp-json\/wp\/v2\/comments?post=56494"}],"wp:featuredmedia":[{"embeddable":true,"href":"https:\/\/murenatest.com\/fr\/wp-json\/wp\/v2\/media\/112085"}],"wp:attachment":[{"href":"https:\/\/murenatest.com\/fr\/wp-json\/wp\/v2\/media?parent=56494"}],"wp:term":[{"taxonomy":"product_brand","embeddable":true,"href":"https:\/\/murenatest.com\/fr\/wp-json\/wp\/v2\/product_brand?post=56494"},{"taxonomy":"product_cat","embeddable":true,"href":"https:\/\/murenatest.com\/fr\/wp-json\/wp\/v2\/product_cat?post=56494"},{"taxonomy":"product_tag","embeddable":true,"href":"https:\/\/murenatest.com\/fr\/wp-json\/wp\/v2\/product_tag?post=56494"}],"curies":[{"name":"wp","href":"https:\/\/api.w.org\/{rel}","templated":true}]}}