{"id":53047,"date":"2020-07-09T14:42:27","date_gmt":"2020-07-09T12:42:27","guid":{"rendered":"https:\/\/murena.com\/shop\/fairphone-3-usb-charger-uk\/"},"modified":"2026-04-27T12:53:06","modified_gmt":"2026-04-27T10:53:06","slug":"fairphone-3-usb-charger-uk","status":"publish","type":"product","link":"https:\/\/murenatest.com\/fr\/boutique\/accessoires\/fairphone-3-usb-charger-uk\/","title":{"rendered":"UK Chargeur USB Fairphone port unique"},"content":{"rendered":"","protected":false},"excerpt":{"rendered":"<p>Chargeur rapide USB pour le Fairphone 3. Ce chargeur prend en charge la technologie Qualcomm \u00ab\u00a0Quick Charge\u00a0\u00bb, une technologie pr\u00e9sente dans les puces Qualcomm Snapdragon qui permet des temps de charge beaucoup plus rapides par rapport \u00e0 un chargeur USB standard. Pour fonctionner correctement, vous devrez l&rsquo;associer \u00e0 un c\u00e2ble dot\u00e9 d&rsquo;un connecteur USB-C et fabriqu\u00e9 par une marque certifi\u00e9e USB. Nous vous recommandons de l&rsquo;utiliser avec le c\u00e2ble USB Fairphone.<\/p>\n<p><strong>Caract\u00e9ristiques techniques<\/strong><\/p>\n<ul>\n<li style=\"list-style-type: none;\">\n<ul>\n<li>Mod\u00e8le : DBS15QB<\/li>\n<li>Qualcomm Quick Charge 3.0<\/li>\n<li>Entr\u00e9e : 100-240V~50\/60Hz 0,5A<\/li>\n<li>Sortie : 5,0V \ud834\udf02 3,0A\/9,0V \ud834\udf02 2,0A\/12,0V \ud834\udf02 1,5A 18,0W MAX<\/li>\n<li>Efficacit\u00e9 active moyenne : 82,6 %<\/li>\n<li>Efficacit\u00e9 \u00e0 faible charge (10%) : 78,8%<\/li>\n<li>Consommation d&rsquo;\u00e9nergie \u00e0 vide : 0,04W<\/li>\n<li>Niveau d&rsquo;efficacit\u00e9 : VI<\/li>\n<li>Couleur : noir<\/li>\n<\/ul>\n<\/li>\n<\/ul>\n<p>Compatible avec Fairphone 5, Fairphone 4, Fairphone 3+, Fairphone 3.<br \/>\nC\u00e2ble de chargement <b><strong>non<\/strong><\/b> inclus.<\/p>\n","protected":false},"featured_media":40911,"comment_status":"open","ping_status":"closed","template":"","meta":{"_seopress_robots_primary_cat":"none","_seopress_titles_title":"","_seopress_titles_desc":"","_seopress_robots_index":""},"product_brand":[],"product_cat":[492],"product_tag":[800],"class_list":{"0":"post-53047","1":"product","2":"type-product","3":"status-publish","4":"has-post-thumbnail","6":"product_cat-accessoires","7":"product_tag-accessoires","8":"wpbf-post","11":"instock","12":"taxable","13":"shipping-taxable","14":"purchasable","15":"product-type-simple"},"bundled_by":[],"bundle_stock_status":"instock","bundle_stock_quantity":3,"bundle_virtual":false,"bundle_layout":"","bundle_add_to_cart_form_location":"","bundle_editable_in_cart":false,"bundle_sold_individually_context":"","bundle_item_grouping":"","bundle_min_size":"","bundle_max_size":"","bundle_price":[],"bundled_items":[],"bundle_sell_ids":[],"supplier_id":28948,"supplier_sku":"000-0021-000000-0003","barcode":null,"atum_controlled":true,"out_stock_date":null,"out_stock_threshold":null,"inheritable":false,"inbound_stock":0,"stock_on_hold":0,"sold_today":0,"sales_last_days":0,"reserved_stock":0,"customer_returns":0,"warehouse_damage":0,"lost_in_post":0,"other_logs":0,"out_stock_days":0,"lost_sales":0,"has_location":false,"update_date":"2026-05-17T07:13:50","atum_locations":[],"atum_stock_status":"instock","restock_status":false,"low_stock_amount":"","sales_update_date":"2026-05-17T07:13:50","calc_backorders":null,"linked_bom":[],"sync_purchase_price":false,"bom_sellable":null,"minimum_threshold":null,"available_to_purchase":null,"selling_priority":null,"calculated_stock":null,"is_bom":false,"mi_inventories":[],"multi_inventory":"global","inventory_sorting_mode":"global","inventory_iteration":"global","expirable_inventories":"global","price_per_inventory":"global","show_write_off_inventories":"global","selectable_inventories":"global","selectable_inventories_mode":"global","_links":{"self":[{"href":"https:\/\/murenatest.com\/fr\/wp-json\/wp\/v2\/product\/53047","targetHints":{"allow":["GET"]}}],"collection":[{"href":"https:\/\/murenatest.com\/fr\/wp-json\/wp\/v2\/product"}],"about":[{"href":"https:\/\/murenatest.com\/fr\/wp-json\/wp\/v2\/types\/product"}],"replies":[{"embeddable":true,"href":"https:\/\/murenatest.com\/fr\/wp-json\/wp\/v2\/comments?post=53047"}],"wp:featuredmedia":[{"embeddable":true,"href":"https:\/\/murenatest.com\/fr\/wp-json\/wp\/v2\/media\/40911"}],"wp:attachment":[{"href":"https:\/\/murenatest.com\/fr\/wp-json\/wp\/v2\/media?parent=53047"}],"wp:term":[{"taxonomy":"product_brand","embeddable":true,"href":"https:\/\/murenatest.com\/fr\/wp-json\/wp\/v2\/product_brand?post=53047"},{"taxonomy":"product_cat","embeddable":true,"href":"https:\/\/murenatest.com\/fr\/wp-json\/wp\/v2\/product_cat?post=53047"},{"taxonomy":"product_tag","embeddable":true,"href":"https:\/\/murenatest.com\/fr\/wp-json\/wp\/v2\/product_tag?post=53047"}],"curies":[{"name":"wp","href":"https:\/\/api.w.org\/{rel}","templated":true}]}}