{"id":108645,"date":"2024-09-09T20:03:42","date_gmt":"2024-09-09T18:03:42","guid":{"rendered":"https:\/\/murena.com\/?post_type=product&#038;p=108645"},"modified":"2026-04-27T13:06:22","modified_gmt":"2026-04-27T11:06:22","slug":"murena-pixel-7-reconditionne","status":"publish","type":"product","link":"https:\/\/murenatest.com\/fr\/boutique\/smartphones\/reconditionne-a-neuf\/murena-pixel-7-reconditionne\/","title":{"rendered":"Murena Pixel 7 &#8211; Reconditionn\u00e9"},"content":{"rendered":"","protected":false},"excerpt":{"rendered":"<p>Profitez d&rsquo;une exp\u00e9rience ax\u00e9e sur la confidentialit\u00e9 et la durabilit\u00e9 avec le <strong>Murena Pixel 7 Reconditionn\u00e9<\/strong>.<br \/>\nPropuls\u00e9 par notre syst\u00e8me d&rsquo;exploitation <strong>\/e\/OS<\/strong> ax\u00e9 sur la confidentialit\u00e9, cet appareil est votre meilleur alli\u00e9 contre la collecte de donn\u00e9es de Google. B\u00e9n\u00e9ficiez d&rsquo;un appareil intelligent sans surveillance, gardant le contr\u00f4le de vos donn\u00e9es personnelles, tout en r\u00e9duisant les d\u00e9chets \u00e9lectroniques.  <a href=\"https:\/\/murenatest.com\/fr\/boutique\/smartphones\/reconditionne-a-neuf\/murena-pixel-7-reconditionne\/#android-without-google\">En savoir plus<\/a><\/p>\n<p>Le <strong>Murena Pixel 7 Reconditionn\u00e9<\/strong> allie un design compact \u00e0 des performances puissantes pour offrir une exp\u00e9rience smartphone exceptionnelle. Dot\u00e9 d&rsquo;un \u00e9cran AMOLED vibrant de 6,3 pouces et de 8 Go de RAM, il garantit un multit\u00e2che fluide et des visuels \u00e9poustouflants pour tout ce que vous faites. Capturez votre monde en d\u00e9tail avec les cam\u00e9ras arri\u00e8re de 12 MP et frontale de 10,8 MP, et stockez vos souvenirs sans souci gr\u00e2ce \u00e0 128 Go de stockage. Con\u00e7u pour la durabilit\u00e9, il b\u00e9n\u00e9ficie d&rsquo;une certification IP68 pour la r\u00e9sistance \u00e0 la poussi\u00e8re et \u00e0 l&rsquo;eau, ainsi que d&rsquo;une batterie fiable de 4355 mAh qui alimente votre journ\u00e9e du d\u00e9but \u00e0 la fin.    <a href=\"https:\/\/murenatest.com\/fr\/boutique\/smartphones\/reconditionne-a-neuf\/murena-pixel-7-reconditionne\/#tech-spec\">En savoir plus<\/a><\/p>\n<p>Plus qu&rsquo;un simple appareil 5G puissant, le <strong>Murena Pixel 7 Reconditionn\u00e9<\/strong> est une affirmation de vos valeurs. Il prot\u00e8ge vos donn\u00e9es personnelles avec <strong>\/e\/OS<\/strong>, un syst\u00e8me d&rsquo;exploitation ax\u00e9 sur la confidentialit\u00e9, tout en offrant l&rsquo;exp\u00e9rience premium d&rsquo;un smartphone haut de gamme, le tout avec la durabilit\u00e9 d&rsquo;un appareil reconditionn\u00e9.<br \/>\nChoisissez un t\u00e9l\u00e9phone qui \u0153uvre pour vous et pour la plan\u00e8te. <\/p>\n<p>Tous nos t\u00e9l\u00e9phones reconditionn\u00e9s sont de qualit\u00e9 A+ Premium Reconditionn\u00e9. <\/p>\n","protected":false},"featured_media":112577,"comment_status":"open","ping_status":"closed","template":"","meta":{"_seopress_robots_primary_cat":"none","_seopress_titles_title":"Murena Pixel 7 Reconditionn\u00e9","_seopress_titles_desc":"Exp\u00e9rimentez la primaut\u00e9 de la confidentialit\u00e9 avec le Murena Pixel 7 Reconditionn\u00e9. Propuls\u00e9 par le r\u00e9volutionnaire syst\u00e8me d'exploitation \/e\/OS, cet appareil constitue votre bouclier contre la collecte incessante de donn\u00e9es de Google. Profitez des avantages d'un appareil intelligent reconditionn\u00e9 sans la surveillance, vous redonnant ainsi le contr\u00f4le de vos donn\u00e9es personnelles.","_seopress_robots_index":""},"product_brand":[],"product_cat":[553],"product_tag":[844,836,839,809,807,804,828,814],"class_list":{"0":"post-108645","1":"product","2":"type-product","3":"status-publish","4":"has-post-thumbnail","6":"product_cat-reconditionne-a-neuf","7":"product_tag-128-gb-fr","8":"product_tag-4g-lte-fr","9":"product_tag-5g-fr","10":"product_tag-batterie-non-amovible","11":"product_tag-deverrouille-par-loperateur","12":"product_tag-double-sim","13":"product_tag-garantie-1-ans","14":"product_tag-reconditionne-a-neuf","15":"wpbf-post","18":"outofstock","19":"taxable","20":"shipping-taxable","21":"purchasable","22":"product-type-simple"},"bundled_by":[],"bundle_stock_status":"outofstock","bundle_stock_quantity":-2,"bundle_virtual":false,"bundle_layout":"","bundle_add_to_cart_form_location":"","bundle_editable_in_cart":false,"bundle_sold_individually_context":"","bundle_item_grouping":"","bundle_min_size":"","bundle_max_size":"","bundle_price":[],"bundled_items":[],"bundle_sell_ids":[],"supplier_id":40487,"supplier_sku":"","barcode":null,"atum_controlled":true,"out_stock_date":null,"out_stock_threshold":null,"inheritable":false,"inbound_stock":31,"stock_on_hold":0,"sold_today":0,"sales_last_days":0,"reserved_stock":0,"customer_returns":0,"warehouse_damage":0,"lost_in_post":0,"other_logs":0,"out_stock_days":0,"lost_sales":0,"has_location":false,"update_date":"2026-05-17T07:14:17","atum_locations":[],"atum_stock_status":"outofstock","restock_status":false,"low_stock_amount":"","sales_update_date":"2026-05-17T07:14:17","calc_backorders":null,"linked_bom":[{"bom_id":52143,"bom_type":"raw_material","qty":1,"measure_unit":null},{"bom_id":52146,"bom_type":"raw_material","qty":1,"measure_unit":null},{"bom_id":52819,"bom_type":"raw_material","qty":1,"measure_unit":null},{"bom_id":56686,"bom_type":"raw_material","qty":1,"measure_unit":null},{"bom_id":56694,"bom_type":"raw_material","qty":1,"measure_unit":null},{"bom_id":65543,"bom_type":"raw_material","qty":1,"measure_unit":null},{"bom_id":77266,"bom_type":"product_part","qty":1,"measure_unit":null},{"bom_id":108033,"bom_type":"product_part","qty":0,"measure_unit":null}],"sync_purchase_price":false,"bom_sellable":null,"minimum_threshold":null,"available_to_purchase":null,"selling_priority":null,"calculated_stock":null,"is_bom":false,"mi_inventories":[],"multi_inventory":"no","inventory_sorting_mode":"global","inventory_iteration":"global","expirable_inventories":"global","price_per_inventory":"global","show_write_off_inventories":"global","selectable_inventories":"global","selectable_inventories_mode":"global","_links":{"self":[{"href":"https:\/\/murenatest.com\/fr\/wp-json\/wp\/v2\/product\/108645","targetHints":{"allow":["GET"]}}],"collection":[{"href":"https:\/\/murenatest.com\/fr\/wp-json\/wp\/v2\/product"}],"about":[{"href":"https:\/\/murenatest.com\/fr\/wp-json\/wp\/v2\/types\/product"}],"replies":[{"embeddable":true,"href":"https:\/\/murenatest.com\/fr\/wp-json\/wp\/v2\/comments?post=108645"}],"wp:featuredmedia":[{"embeddable":true,"href":"https:\/\/murenatest.com\/fr\/wp-json\/wp\/v2\/media\/112577"}],"wp:attachment":[{"href":"https:\/\/murenatest.com\/fr\/wp-json\/wp\/v2\/media?parent=108645"}],"wp:term":[{"taxonomy":"product_brand","embeddable":true,"href":"https:\/\/murenatest.com\/fr\/wp-json\/wp\/v2\/product_brand?post=108645"},{"taxonomy":"product_cat","embeddable":true,"href":"https:\/\/murenatest.com\/fr\/wp-json\/wp\/v2\/product_cat?post=108645"},{"taxonomy":"product_tag","embeddable":true,"href":"https:\/\/murenatest.com\/fr\/wp-json\/wp\/v2\/product_tag?post=108645"}],"curies":[{"name":"wp","href":"https:\/\/api.w.org\/{rel}","templated":true}]}}