{"id":73392,"date":"2023-01-02T13:43:21","date_gmt":"2023-01-02T12:43:21","guid":{"rendered":"https:\/\/murena.com\/investir\/"},"modified":"2024-07-14T11:48:31","modified_gmt":"2024-07-14T09:48:31","slug":"investir","status":"publish","type":"page","link":"https:\/\/murenatest.com\/fr\/investir\/","title":{"rendered":"Investir"},"content":{"rendered":"\n<h2 class=\"wp-block-heading\">Opportunit\u00e9s d&rsquo;investissement chez Murena<\/h2>\n\n<p>Murena SAS est une soci\u00e9t\u00e9 priv\u00e9e bas\u00e9e dans l&rsquo;Union Europ\u00e9enne. Nous sommes r\u00e9guli\u00e8rement contact\u00e9s par des personnes et des organisations int\u00e9ress\u00e9es par un investissement dans Murena SAS. <\/p>\n\n<p>Nous acceptons actuellement des investissements. Si vous souhaitez nous faire part de votre int\u00e9r\u00eat pour un investissement, veuillez remplir le formulaire ci-dessous. <\/p>\n\n<div class=\"wp-block-columns is-layout-flex wp-container-core-columns-is-layout-28f84493 wp-block-columns-is-layout-flex\">\n<div class=\"wp-block-column is-layout-flow wp-block-column-is-layout-flow\">\n<div class=\"wp-block-contact-form-7-contact-form-selector\"><p class=\"wpcf7-contact-form-not-found\"><strong>Erreur\u00a0:<\/strong> Formulaire de contact non trouv\u00e9\u00a0!<\/p><\/div>\n<\/div>\n\n\n\n<div class=\"wp-block-column is-layout-flow wp-block-column-is-layout-flow\"><\/div>\n<\/div>\n","protected":false},"excerpt":{"rendered":"<p>Opportunit\u00e9s d&rsquo;investissement chez Murena Murena SAS est une soci\u00e9t\u00e9 priv\u00e9e bas\u00e9e dans l&rsquo;Union Europ\u00e9enne. Nous&#8230;<\/p>\n","protected":false},"author":5167,"featured_media":0,"parent":0,"menu_order":0,"comment_status":"closed","ping_status":"closed","template":"","meta":{"_seopress_robots_primary_cat":"","_seopress_titles_title":"Opportunit\u00e9s d'investissement chez Murena","_seopress_titles_desc":"Si vous souhaitez investir dans Murena, veuillez nous fournir vos coordonn\u00e9es. Vous pourrez alors recevoir de nouvelles informations sur les opportunit\u00e9s existantes.","_seopress_robots_index":"","footnotes":""},"class_list":["post-73392","page","type-page","status-publish","hentry","wpbf-post"],"_links":{"self":[{"href":"https:\/\/murenatest.com\/fr\/wp-json\/wp\/v2\/pages\/73392","targetHints":{"allow":["GET"]}}],"collection":[{"href":"https:\/\/murenatest.com\/fr\/wp-json\/wp\/v2\/pages"}],"about":[{"href":"https:\/\/murenatest.com\/fr\/wp-json\/wp\/v2\/types\/page"}],"author":[{"embeddable":true,"href":"https:\/\/murenatest.com\/fr\/wp-json\/wp\/v2\/users\/5167"}],"replies":[{"embeddable":true,"href":"https:\/\/murenatest.com\/fr\/wp-json\/wp\/v2\/comments?post=73392"}],"version-history":[{"count":13,"href":"https:\/\/murenatest.com\/fr\/wp-json\/wp\/v2\/pages\/73392\/revisions"}],"predecessor-version":[{"id":106294,"href":"https:\/\/murenatest.com\/fr\/wp-json\/wp\/v2\/pages\/73392\/revisions\/106294"}],"wp:attachment":[{"href":"https:\/\/murenatest.com\/fr\/wp-json\/wp\/v2\/media?parent=73392"}],"curies":[{"name":"wp","href":"https:\/\/api.w.org\/{rel}","templated":true}]}}