{"id":63176,"date":"2022-05-31T06:41:03","date_gmt":"2022-05-31T04:41:03","guid":{"rendered":"https:\/\/murena.com\/smartphones\/"},"modified":"2024-03-26T05:41:06","modified_gmt":"2024-03-26T04:41:06","slug":"smartphones","status":"publish","type":"page","link":"https:\/\/murenatest.com\/fr\/smartphones\/","title":{"rendered":"Smartphones"},"content":{"rendered":"","protected":false},"excerpt":{"rendered":"","protected":false},"author":5167,"featured_media":0,"parent":0,"menu_order":0,"comment_status":"closed","ping_status":"closed","template":"smartphones.php","meta":{"_seopress_robots_primary_cat":"","_seopress_titles_title":" Les smartphones Murena et le syst\u00e8me d'exploitation \/e\/OS","_seopress_titles_desc":"Les smartphones Murena ont \u00e9t\u00e9 con\u00e7us pour proposer une approche diff\u00e9rente aux utilisateurs soucieux du respect de leur vie priv\u00e9e et souhaitent se prot\u00e9ger des t\u00e9l\u00e9phones avides de donn\u00e9es.","_seopress_robots_index":"","footnotes":""},"class_list":["post-63176","page","type-page","status-publish","hentry","wpbf-post"],"_links":{"self":[{"href":"https:\/\/murenatest.com\/fr\/wp-json\/wp\/v2\/pages\/63176","targetHints":{"allow":["GET"]}}],"collection":[{"href":"https:\/\/murenatest.com\/fr\/wp-json\/wp\/v2\/pages"}],"about":[{"href":"https:\/\/murenatest.com\/fr\/wp-json\/wp\/v2\/types\/page"}],"author":[{"embeddable":true,"href":"https:\/\/murenatest.com\/fr\/wp-json\/wp\/v2\/users\/5167"}],"replies":[{"embeddable":true,"href":"https:\/\/murenatest.com\/fr\/wp-json\/wp\/v2\/comments?post=63176"}],"version-history":[{"count":1,"href":"https:\/\/murenatest.com\/fr\/wp-json\/wp\/v2\/pages\/63176\/revisions"}],"predecessor-version":[{"id":80049,"href":"https:\/\/murenatest.com\/fr\/wp-json\/wp\/v2\/pages\/63176\/revisions\/80049"}],"wp:attachment":[{"href":"https:\/\/murenatest.com\/fr\/wp-json\/wp\/v2\/media?parent=63176"}],"curies":[{"name":"wp","href":"https:\/\/api.w.org\/{rel}","templated":true}]}}