{"id":54932,"date":"2020-02-08T08:49:07","date_gmt":"2020-02-08T08:49:07","guid":{"rendered":"https:\/\/murena.com\/terms-conditions\/"},"modified":"2024-03-07T20:35:08","modified_gmt":"2024-03-07T19:35:08","slug":"terms-conditions","status":"publish","type":"page","link":"https:\/\/murenatest.com\/fr\/terms-conditions\/","title":{"rendered":"Conditions g\u00e9n\u00e9rales de vente"},"content":{"rendered":"\n<h4 class=\"wp-block-heading\">Champ d\u2019application<\/h4>\n\n<p>Les pr\u00e9sentes Conditions G\u00e9n\u00e9rales de Vente s\u2019appliquent \u00e0 l\u2019ensemble des Ventes de Produits et Services conclus entre Vous et MURENA RETAIL SAS, situ\u00e9 au 31 Avenue de S\u00e9gur, 75007 Paris, France \u00e0 travers le site web <a href=\"https:\/\/murenatest.com\/fr\/\">https:\/\/murenatest.com.<\/a><\/p>\n\n<p>EN EFFECTUANT UN ACHAT DE PRODUIT OU UN ABONNEMENT \u00c0 UN SERVICE, VOUS ACCEPTEZ D\u2019\u00caTRE LI\u00c9 PAR TOUTES LES CONDITIONS G\u00c9N\u00c9RALES DE VENTE ET LES CONDITIONS DU SERVICE <\/p>\n\n<p>Nous pouvons occasionnellement modifier ces conditions et ces modifications sont applicables d\u00e8s leur mise en ligne sur notre Site et s\u2019appliquent aux ventes conclues ult\u00e9rieurement. <\/p>\n\n<p> Sauf preuve contraire, les donn\u00e9es que nous recueillons constituent la preuve de toutes les transactions. <\/p>\n\n<h4 class=\"wp-block-heading\">Produit et Services<\/h4>\n\n<p><strong>Smartphones neufs et reconditionn\u00e9s avec \/e\/OS<\/strong><\/p>\n\n<p>Lorsque vous nous passez votre commande et conform\u00e9ment \u00e0 vos instructions, nous nous approvisionnons en smartphones mobiles neufs ou d\u2019occasion sur lesquels nous installons le syst\u00e8me d\u2019exploitation \/e\/OS\/ et ses applications par d\u00e9faut. <\/p>\n\n<p>Ces t\u00e9l\u00e9phones sont livr\u00e9s avec leur batterie et les accessoires compatibles le cas \u00e9ch\u00e9ant (kit mains libres et, si sp\u00e9cifi\u00e9, autres accessoires compatibles). <\/p>\n\n<p>\/e\/OS\/ est une version d\u2019Android qui n\u2019utilise pas les services Android de Google. Le syst\u00e8me d\u2019exploitation OS est en constante am\u00e9lioration, et il peut avoir des caract\u00e9ristiques diff\u00e9rentes d\u2019un syst\u00e8me Google Android, un choix d\u2019application Android diff\u00e9rent de ce que l\u2019on peut trouver sur la boutique Google Play. \/e\/OS n\u2019est pas un produit Google, et il n\u2019est en aucun cas pris en charge par Google. <\/p>\n\n<p>Les smartphones reconditionn\u00e9s avec \/e\/OS ne sont pas livr\u00e9s dans leur emballage d\u2019origine. Les produits que nous vendons doivent subir des tests et des traitements qui varient selon leur type afin de vous fournir un \u00e9tat proche du neuf. La liste de ces tests et traitements effectu\u00e9s par type de produit est disponible sur demande. <\/p>\n\n<p>Tous les smartphones reconditionn\u00e9s que nous vendons ont subi un effacement complet des donn\u00e9es avant d\u2019\u00eatre mis en vente. <\/p>\n\n<h4 class=\"wp-block-heading\">Abonnements pour des Services en Ligne<\/h4>\n\n<p>Nous proposons un abonnement payant pour vous permettre d\u2019acc\u00e9der \u00e0 une plus grande quantit\u00e9 d\u2019espace sur nos serveurs, d\u00e9finie par le plan auquel vous souscrivez. Pour utiliser nos abonnements payants, vous devez disposer d\u2019un identifiant de compte \u00ab Compte Cloud Murena \u00bb et avoir accept\u00e9 les conditions d\u2019utilisation qui se trouvent ici. <\/p>\n\n<p>Vos donn\u00e9es situ\u00e9es sur nos services en ligne sont stock\u00e9es sur des serveurs s\u00e9curis\u00e9s. Nous n\u2019acc\u00e9dons pas \u00e0 vos donn\u00e9es stock\u00e9es dans votre espace cloud personnel, nous ne les scannons pas. <\/p>\n\n<p>Vous \u00eates responsable de tout le contenu stock\u00e9 et de toute activit\u00e9 qui se produit sur votre compte. Vous ne pouvez pas utiliser le service \u00e0 des fins ill\u00e9gales ou non autoris\u00e9es. Lorsque vous utilisez le service, vous ne devez pas enfreindre les lois de votre juridiction ou de la n\u00f4tre (y compris, mais sans s\u2019y limiter, les lois sur les droits d\u2019auteur).<\/p>\n\n<h4 class=\"wp-block-heading\">Prix<\/h4>\n\n<p>Les prix incluent la TVA au taux en vigueur selon le pays d\u2019achat lorsque vous achetez au sein de l\u2019Union europ\u00e9enne. Ils sont nets, fermes et non r\u00e9visables. Nous nous r\u00e9servons le droit de modifier le prix \u00e0 tout moment, sans pr\u00e9avis, \u00e9tant pr\u00e9cis\u00e9 que les Produits Vous seront factur\u00e9s au prix en vigueur au moment de la validation de votre commande par nos soins. <\/p>\n\n<p>Pour les livraisons hors de l\u2019Union Europ\u00e9enne, nous facturerons hors TVA et vous serez responsable du paiement de tous les droits de douane ou autres taxes telles que la TVA locale ou la taxe de vente lors de l\u2019encaissement de votre commande. Les taxes d\u2019importation et la TVA locale ou la taxe de vente d\u00e9pendront de la valeur de votre commande.<\/p>\n\n<h4 class=\"wp-block-heading\">Paiement<\/h4>\n\n<p>Les modes de paiement que nous acceptons sont celles indiqu\u00e9es sur le site. Nous vous donnons le choix de payer par carte de d\u00e9bit, carte de cr\u00e9dit, Bitcoin, ou avec votre compte PayPal si vous en avez un. <\/p>\n\n<p>Pour les abonnements \u00e0 du stockage en ligne, le service est factur\u00e9 \u00e0 l\u2019avance sur une base mensuelle ou annuelle selon le plan choisi.&#13;\n&#13;\nPour tout r\u00e9ajustement, la carte de cr\u00e9dit que vous avez fournie sera automatiquement d\u00e9bit\u00e9e du nouveau tarif lors de votre prochain cycle de facturation.&#13;\n&#13;\nLe changement de votre abonnement vers un plan plus petit peut entra\u00eener la perte de contenu, de fonctionnalit\u00e9s ou de capacit\u00e9. Le service n\u2019accepte aucune responsabilit\u00e9 pour une telle perte.<\/p>\n\n<h4 class=\"wp-block-heading\">Disponibilit\u00e9s des produits<\/h4>\n\n<p>L\u2019information sur la disponibilit\u00e9 des produits est disponible au moment auquel la commande est pass\u00e9e. <\/p>\n\n<p>Dans le cas o\u00f9 Nous n\u2019aurions pas un stock suffisant de produits, Nous Vous en informerons par e-mail dans les plus brefs d\u00e9lais. Vous aurez alors la possibilit\u00e9 de faire remplacer le Produit par un autre de prix \u00e9quivalent, dans la limite des stocks disponibles, ou d\u2019annuler Votre commande et d\u2019\u00eatre rembours\u00e9 dans les quatorze (14) jours ouvrables suivant Notre notification de cette indisponibilit\u00e9. <\/p>\n\n<h4 class=\"wp-block-heading\">Livraison de produits finis<\/h4>\n\n<p>Dans tous les cas, une vente ne sera consid\u00e9r\u00e9e comme d\u00e9finitive qu\u2019apr\u00e8s que Vous ayez re\u00e7u la confirmation de l\u2019acceptation de la commande par e-mail et seulement apr\u00e8s que Nous ayons re\u00e7u le paiement int\u00e9gral. <\/p>\n\n<p>Dans certains cas, tels que le non-paiement, une adresse incorrecte ou d\u2019autres probl\u00e8mes sur votre compte, nous nous r\u00e9servons le droit de bloquer votre commande jusqu\u2019\u00e0 ce que le probl\u00e8me soit r\u00e9solu. <\/p>\n\n<p>Pour toute question concernant le suivi de votre commande, vous pouvez contacter notre service client\u00e8le par e-mail \u00e0 l\u2019adresse suivante <a href=\"mailto:contact@murena.com\">contact@murena.com<\/a><\/p>\n\n<p> Les Produits sont livr\u00e9s exclusivement dans tous les pays de la Communaut\u00e9 europ\u00e9enne, en Norv\u00e8ge et en Suisse, \u00e0 l\u2019exclusion des r\u00e9gions d\u2019outre-mer (DOM\/TOM), de la Russie ou de tout membre de la F\u00e9d\u00e9ration de Russie, et des pays et territoires d\u2019outre-mer (DOM\/TOM). Nous nous effor\u00e7ons de livrer le Produit dans les d\u00e9lais indicatifs indiqu\u00e9s sur Notre Site. Toutefois, le temps n\u2019est pas un facteur essentiel pour la livraison ou la performance et toutes les dates de livraison indiqu\u00e9es sur Notre Site et dans toute correspondance ne sont que des estimations. Le Produit et les Achats sont livr\u00e9s par Notre transporteur, UPS, en fonction des contraintes logistiques et conform\u00e9ment aux conditions de livraison disponibles sur le Site. <\/p>\n\n<p>Nous ne pouvons pas livrer \u00e0 des bo\u00eetes postales. Vous devez fournir une adresse valide pour la livraison et indiquer toutes les sp\u00e9cificit\u00e9s pour acc\u00e9der \u00e0 votre adresse (ascenseur, code d\u2019acc\u00e8s\u2026). <\/p>\n\n<p>Dans le cas o\u00f9 l\u2019adresse de livraison est inaccessible, Nous nous r\u00e9servons le droit de r\u00e9silier le Contrat ou de Vous retourner le Produit \u00e0 Vos frais \u00e0 une nouvelle adresse. <\/p>\n\n<p>La propri\u00e9t\u00e9 du produit ne vous sera transf\u00e9r\u00e9e qu\u2019\u00e0 la livraison du produit, directement ou par un tiers d\u00e9sign\u00e9 par vous. Avant d\u2019accepter la livraison du Produit, il Vous appartient de v\u00e9rifier l\u2019\u00e9tat du Produit livr\u00e9 et, en cas d\u2019avarie ou de manquants, d\u2019\u00e9mettre des r\u00e9serves sur le bon de livraison, \u00e9ventuellement de refuser le Produit, et de Nous en informer simultan\u00e9ment. <\/p>\n\n<p>Toute r\u00e9clamation doit \u00eatre faite dans un d\u00e9lai maximum de trois (3) jours ouvrables \u00e0 compter de la date de prise de possession du produit. Pass\u00e9 ce d\u00e9lai, vous serez r\u00e9put\u00e9 avoir re\u00e7u et accept\u00e9 le produit et tout achat sans r\u00e9serve. <\/p>\n\n<h4 class=\"wp-block-heading\">Retours et r\u00e9siliation<\/h4>\n\n<p>\u00c0 compter de la livraison du produit et de tout achat, Vous avez le droit l\u00e9gal d\u2019annuler le contrat (sous r\u00e9serve de certaines exceptions \u00e9nonc\u00e9es ci-dessous) sans donner de raison dans les 14 jours suivant le jour de la r\u00e9ception du produit. Il s\u2019agit de la \u00ab p\u00e9riode de R\u00e9tractation \u00bb. Lorsque cette p\u00e9riode expire un samedi, un dimanche, un jour f\u00e9ri\u00e9 ou un jour non ouvrable, elle est prolong\u00e9e jusqu\u2019au jour ouvrable suivant. <\/p>\n\n<p>Si Vous souhaitez annuler le Contrat pendant la \u00ab P\u00e9riode de R\u00e9tractation \u00bb, Vous devez Nous en informer avant la fin de cette p\u00e9riode, et avant de retourner tout Produit en remplissant le formulaire de retrait et en l\u2019envoyant \u00e0 Notre attention. <\/p>\n\n<h4 class=\"wp-block-heading\">FORMULAIRE DE R\u00c9TRACTATION<\/h4>\n\n<p>(Veuillez remplir et renvoyer ce formulaire uniquement si Vous souhaitez Vous r\u00e9tracter du contrat). <\/p>\n\n<p>\u00c0 l\u2019attention de MURENA RETAIL SAS: <\/p>\n\n<p>Je\/Nous (*) Vous notifie\/notifions (*) par la pr\u00e9sente mon\/notre (*) retrait du contrat pour la vente du produit ci-dessous : <\/p>\n\n<p>Command\u00e9 le (*)\/re\u00e7u le (*) : <\/p>\n\n<p>Num\u00e9ro de Commande : <\/p>\n\n<p>Num\u00e9ro de Facture : <\/p>\n\n<p>Produit(s):<\/p>\n\n<p>IMEI du t\u00e9l\u00e9phone : <\/p>\n\n<p>Nom du consommateur : <\/p>\n\n<p>Adresse du consommateur : <\/p>\n\n<p>Signature du consommateur (seulement si ce formulaire est envoy\u00e9 imprim\u00e9) : <\/p>\n\n<p>Date :<\/p>\n\n<p>Merci de remplir ce formulaire et de l\u2019envoyer par message \u00e9lectronique \u00e0 l\u2019adresse <a href=\"mailto:aftersales@murena.com\" target=\"_blank\" rel=\"noopener\">aftersales@murena.com<\/a><\/p>\n\n<p>Vous devez conserver une preuve de la notification de l\u2019annulation, par exemple un re\u00e7u de courriel. Vous devez ensuite nous retourner le produit livr\u00e9 \u00e0 vos frais par courrier suivi ou par service de messagerie.<\/p>\n\n<p>Le Produit doit \u00eatre retourn\u00e9 avec l\u2019emballage d\u2019origine et avec tous ses accessoires et documents, au plus tard 8 (huit) jours apr\u00e8s Nous avoir notifi\u00e9 que Vous souhaitez annuler. <\/p>\n\n<p>Les produits achet\u00e9s en Europe, au Royaume-Uni et en Suisse doivent \u00eatre retourn\u00e9s \u00e0 l\u2019adresse suivante : MURENA RETAIL SAS, c\/o Espri Digital, 14 rue du Sergent Escoffier, 61200 Argentan, France. <\/p>\n\n<p>Si le produit n\u2019est pas retourn\u00e9 dans l\u2019\u00e9tat requis, vous serez tenu de rembourser le produit endommag\u00e9 \u00e0 sa valeur de remplacement. <\/p>\n\n<p>Si le Produit est retourn\u00e9 \u00e0 temps et dans les conditions requises, Nous rembourserons toutes les sommes vers\u00e9es lors de la conclusion du Contrat, dans un d\u00e9lai de 14 (quatorze) jours \u00e0 compter de la date de retour du Produit, en utilisant le m\u00eame moyen de paiement que celui que Vous avez utilis\u00e9 pour la transaction initiale, sauf accord contraire.<\/p>\n\n<h4 class=\"wp-block-heading\">Annulation et r\u00e9siliation \u2013 Abonnement de stockage en ligne<\/h4>\n\n<p>Vous pouvez annuler votre abonnement \u00e0 tout moment en envoyant une demande par courrier \u00e9lectronique \u00e0 <a href=\"mailto:helpdesk@murena.com\">helpdesk@murena.com<\/a>. Si Vous annulez Votre abonnement avant la fin du mois en cours, l\u2019annulation prendra effet imm\u00e9diatement et Vous ne serez pas factur\u00e9 \u00e0 nouveau. Si Vous annulez Votre abonnement avant la date de renouvellement, le solde restant ne sera pas rembours\u00e9.<\/p>\n\n<h4 class=\"wp-block-heading\">M\u00e9thodes de retour des t\u00e9l\u00e9phones<\/h4>\n\n<p>Les smartphones ont une option \u00bb verrouillage de l\u2019\u00e9cran \u00bb dans le syst\u00e8me d\u2019exploitation. Si cette fonction \u00bb Verrouillage de l\u2019\u00e9cran \u00bb est activ\u00e9e, le produit ne peut \u00eatre ni remplac\u00e9 ni rembours\u00e9. Pour v\u00e9rifier si cette option est toujours activ\u00e9e et pour la d\u00e9sactiver, vous pouvez aller dans \u00ab Param\u00e8tres \u00bb &gt; \u00ab S\u00e9curit\u00e9 \u00bb &gt; \u00ab Verrouillage de l\u2019\u00e9cran \u00bb et s\u00e9lectionner \u00ab Aucun \u00bb. <\/p>\n\n<p>If during the Expertise We discover that the Product has the said option activated, the Product will automatically be returned to You without You being able to claim any compensation in this respect.<\/p>\n\n<p>Si, au cours de l\u2019Expertise du Produit, Nous d\u00e9couvrons que le Produit a ladite option activ\u00e9e, le Produit Vous sera automatiquement retourn\u00e9 sans que Vous puissiez pr\u00e9tendre \u00e0 une quelconque indemnisation \u00e0 cet \u00e9gard. <\/p>\n\n<p>Afin de suivre le retour du Produit, Vous devez joindre une copie du formulaire de r\u00e9tractation ou une copie de notre accus\u00e9 de r\u00e9ception, avec le produit. <\/p>\n\n<p> Il est de Votre responsabilit\u00e9 de retirer Votre carte SIM du Produit avant de Nous le retourner.&#13;\n&#13;\nDans le cas contraire, la carte SIM ne sera pas r\u00e9cup\u00e9rable et sera d\u00e9truite par Nous ou Nos sous-traitants pour des raisons de s\u00e9curit\u00e9. Dans le cas o\u00f9 la carte SIM est utilis\u00e9e pendant le transport, Vous reconnaissez et acceptez express\u00e9ment que Nous ne pouvons \u00eatre tenus responsables. <\/p>\n\n<p>Veuillez retourner Votre produit avec une copie de la facture. <\/p>\n\n<h4 class=\"wp-block-heading\">Garantie \u2013 Smartphones<\/h4>\n\n<p><strong><u><em>Garanties l\u00e9gales<\/em><\/u><\/strong><\/p>\n\n<p>En tant que consommateur, Vous b\u00e9n\u00e9ficiez de la garantie l\u00e9gale de conformit\u00e9 sur les Achats dans les conditions des articles L. 217-4 et suivants du Code de la consommation et de la garantie des vices cach\u00e9s dans les conditions pr\u00e9vues aux articles 1641 et suivants du Code civil. Ces garanties l\u00e9gales peuvent \u00eatre exerc\u00e9es aupr\u00e8s de Nous par courrier \u00e9lectronique ou par courrier recommand\u00e9 avec accus\u00e9 de r\u00e9ception. Toutefois, ces garanties l\u00e9gales ne s\u2019appliquent pas si les Achats sont conformes aux sp\u00e9cifications du Contrat mais s\u2019av\u00e8rent inadapt\u00e9s \u00e0 Vos besoins en raison d\u2019une mauvaise appr\u00e9ciation de Votre part lors de la r\u00e9alisation des Achats. <\/p>\n\n<p>Lorsque Vous faites valoir une garantie l\u00e9gale de conformit\u00e9 : <\/p>\n\n<p>\u2013 Vous disposez d\u2019un d\u00e9lai de 2 ans \u00e0 compter de la livraison du bien pour agir, <\/p>\n\n<p>\u2013 Vous pouvez choisir entre la r\u00e9paration ou le remplacement du bien, sous r\u00e9serve des conditions de co\u00fbt pr\u00e9vues \u00e0 l\u2019article L. 217-9 du Code de la consommation, <\/p>\n\n<p>\u2013 Vous \u00eates dispens\u00e9 de fournir la preuve de l\u2019existence du d\u00e9faut de conformit\u00e9 du bien pendant les vingt-quatre (24) mois suivant sa livraison (uniquement dans le cas de mat\u00e9riel neuf). <\/p>\n\n<p>Apr\u00e8s avoir accus\u00e9 r\u00e9ception de Votre demande, Vous devez retourner le produit d\u00e9fectueux par la poste dans un d\u00e9lai de 8 (huit) jours ouvrables. S\u2019il n\u2019est pas possible de r\u00e9parer et de remplacer le produit d\u00e9fectueux, Nous Vous proposerons soit de rembourser la totalit\u00e9 du prix d\u2019achat, soit de Vous retourner le produit d\u00e9fectueux et de Vous rembourser la moiti\u00e9 de son prix d\u2019achat. Vous pouvez d\u00e9cider de mettre en \u0153uvre la garantie contre les vices cach\u00e9s au sens de l\u2019article 1641 du Code civil. Dans ce cas, Vous pouvez choisir entre l\u2019annulation de la commande ou la r\u00e9duction du prix de vente conform\u00e9ment \u00e0 l\u2019article 1644 du Code civil. Aucune autre garantie de quelque nature que ce soit n\u2019est accord\u00e9e au-del\u00e0 des garanties pr\u00e9vues dans cet article. <\/p>\n\n<p><strong><u><em>Exclusions de garantie<\/em><\/u><\/strong><\/p>\n\n<p>Nous Vous rappelons que les smartphones ont une option \u00bb verrouillage de l\u2019\u00e9cran \u00bb dans le syst\u00e8me d\u2019exploitation. Si cette fonction \u00bb Verrouillage de l\u2019\u00e9cran \u00bb est activ\u00e9e, le produit ne peut \u00eatre ni remplac\u00e9 ni rembours\u00e9. Pour v\u00e9rifier si cette option est toujours activ\u00e9e et pour la d\u00e9sactiver, vous pouvez aller dans \u00ab Param\u00e8tres \u00bb &gt; \u00ab S\u00e9curit\u00e9 \u00bb &gt; \u00ab Verrouillage de l\u2019\u00e9cran \u00bb et s\u00e9lectionner \u00ab Aucun \u00bb. <\/p>\n\n<p>If during the Expertise We discover that the Product has the said option activated, the Product will automatically be returned to You without You being able to claim any compensation in this respect.<\/p>\n\n<p>Toute garantie est exclue en cas de : <\/p>\n\n<p>\u2013 Dommages dus \u00e0 un accident, \u00e0 une utilisation diff\u00e9rente de celle pr\u00e9vue dans la documentation technique disponible sur le site web du fabricant du produit, \u00e0 des dysfonctionnements suite \u00e0 une tentative de d\u00e9verrouillage ou \u00e0 Votre propre mauvais entretien du produit (\u00e0 titre d\u2019exemples sans limitation : encrassement, oxydation, corrosion, rouille\u2026) ; <\/p>\n\n<p>\u2013 Dommages survenant lors de l\u2019installation ou de l\u2019ouverture du Produit ; <\/p>\n\n<p>\u2013 Dommages dont la cause est externe au Produit : mauvaise installation de votre part, n\u00e9gligence de votre part, incendie, d\u00e9g\u00e2ts des eaux, etc. et g\u00e9n\u00e9ralement tous les dommages caus\u00e9s aux parties externes du Produit et dont les dommages n\u2019affectent pas son bon fonctionnement ; <\/p>\n\n<p>\u2013 En cas de rayures, d\u2019\u00e9raflures avant et\/ou apr\u00e8s la vente dans la mesure o\u00f9 Nous vendons des Produits d\u2019occasion ; <\/p>\n\n<p>\u2013 En cas de modification ou de r\u00e9paration du Produit par Vous et en cas de r\u00e9paration du Produit par un organisme non agr\u00e9\u00e9 par le fabricant du Produit ; <\/p>\n\n<p>\u2013 En cas de mise \u00e0 jour du syst\u00e8me d\u2019exploitation non recommand\u00e9e ou non recommand\u00e9e par le fabricant et qui peut endommager le produit de fa\u00e7on permanente ;<\/p>\n\n<h4 class=\"wp-block-heading\">Responsabilit\u00e9 de l\u2019Entreprise<\/h4>\n\n<p>Les Produits que Nous commercialisons via le Site sont conformes \u00e0 la l\u00e9gislation fran\u00e7aise en vigueur et aux normes applicables en France. <\/p>\n\n<p>Vous reconnaissez et acceptez express\u00e9ment que Nous ne pouvons en aucun cas \u00eatre tenus responsables si Vous retournez votre smartphone et oubliez de retirer votre carte SIM du Produit. <\/p>\n\n<p>En ce qui concerne Nos services d\u2019abonnement payant de stockage en ligne, Vous comprenez et acceptez express\u00e9ment que le service ne soit pas responsable des dommages r\u00e9sultant de l\u2019utilisation ou de l\u2019incapacit\u00e9 \u00e0 utiliser le service, de l\u2019acc\u00e8s non autoris\u00e9 ou de l\u2019alt\u00e9ration de Vos transmissions ou donn\u00e9es ou des d\u00e9clarations ou du comportement de tout tiers sur le service. <\/p>\n\n<h4 class=\"wp-block-heading\">Donn\u00e9es personnelles<\/h4>\n\n<p>Nous ne recueillons et ne traitons que les donn\u00e9es personnelles n\u00e9cessaires \u00e0 la conclusion et au traitement du contrat de vente, c\u2019est-\u00e0-dire Vos coordonn\u00e9es (nom, pr\u00e9nom, adresses, num\u00e9ro de t\u00e9l\u00e9phone), Vos coordonn\u00e9es bancaires et les informations li\u00e9es \u00e0 l\u2019ex\u00e9cution du contrat (plaintes, impay\u00e9s\u2026). <\/p>\n\n<p>Nous traitons Vos donn\u00e9es personnelles afin de cr\u00e9er un compte client, d\u2019enregistrer et de traiter la commande, de livrer les Produits, de communiquer les factures, de traiter Vos demandes. <\/p>\n\n<p>Vos donn\u00e9es personnelles sont stock\u00e9es dans des centres de donn\u00e9es situ\u00e9s en France et sont conserv\u00e9es pendant la dur\u00e9e n\u00e9cessaire pour atteindre les objectifs mentionn\u00e9s ci-dessus et ne peuvent \u00eatre communiqu\u00e9es \u00e0 des tiers. Vous pouvez nous contacter par courrier \u00e9lectronique \u00e0 l\u2019adresse suivante <a href=\"mailto:store@murena.com\" target=\"_blank\" rel=\"noopener\">store@murena.com<\/a> afin d\u2019exercer Vos droits d\u2019acc\u00e8s, de rectification, de suppression ou de transfert de Vos donn\u00e9es personnelles, et de limiter ou de s\u2019opposer \u00e0 leur traitement. Pour plus de d\u00e9tails, Nous Vous invitons \u00e0 consulter Notre politique de confidentialit\u00e9 disponible sur le Site.<\/p>\n\n<p>Nous ne d\u00e9tenons pas Vos informations de carte de cr\u00e9dit, de compte bancaire ou de compte PayPal. Seul le prestataire de services bancaires dispose des d\u00e9tails de Votre (Vos) carte(s) de cr\u00e9dit si Vous avez pay\u00e9 par ce moyen. Ces donn\u00e9es sont conserv\u00e9es par le prestataire de services bancaires, en cas de litige sur une transaction, dans des archives interm\u00e9diaires pendant une p\u00e9riode de 5 ans. <\/p>\n\n<h4 class=\"wp-block-heading\">Droit applicable, m\u00e9diation et juridiction comp\u00e9tente<\/h4>\n\n<p>Les pr\u00e9sentes conditions g\u00e9n\u00e9rales de vente sont r\u00e9gies par le droit fran\u00e7ais. Nous Vous proposons de r\u00e9gler tous les litiges relatifs \u00e0 la validit\u00e9, l\u2019interpr\u00e9tation, l\u2019ex\u00e9cution, la r\u00e9siliation et les cons\u00e9quences et le suivi du Contrat par une proc\u00e9dure de m\u00e9diation interne.<\/p>\n\n<p>A d\u00e9faut, si Vous ne souhaitez pas suivre une proc\u00e9dure de m\u00e9diation ou si la m\u00e9diation n\u2019aboutit pas, le litige sera soumis \u00e0 la comp\u00e9tence exclusive des tribunaux fran\u00e7ais comp\u00e9tents.<\/p>\n\n<p>***<\/p>\n\n<p>MURENA RETAIL SAS, dont le si\u00e8ge social est situ\u00e9 31 Avenue de S\u00e9gur, Paris (75007), France, immatricul\u00e9e au registre du commerce et des soci\u00e9t\u00e9s de Caen sous le num\u00e9ro 883 789 398 <\/p>\n\n<p>Date: May 20th 2022<\/p>\n","protected":false},"excerpt":{"rendered":"<p>Champ d\u2019application Les pr\u00e9sentes Conditions G\u00e9n\u00e9rales de Vente s\u2019appliquent \u00e0 l\u2019ensemble des Ventes de Produits&#8230;<\/p>\n","protected":false},"author":994,"featured_media":0,"parent":0,"menu_order":0,"comment_status":"closed","ping_status":"closed","template":"","meta":{"_seopress_robots_primary_cat":"","_seopress_titles_title":"Conditions g\u00e9n\u00e9rales de vente de Murena","_seopress_titles_desc":"Lisez nos conditions g\u00e9n\u00e9rales. Les pr\u00e9sentes conditions g\u00e9n\u00e9rales s'appliquent \u00e0 toutes les ventes de services ou de produits conclues entre vous et MURENA RETAIL SAS.","_seopress_robots_index":"","footnotes":""},"class_list":["post-54932","page","type-page","status-publish","hentry","wpbf-post"],"_links":{"self":[{"href":"https:\/\/murenatest.com\/fr\/wp-json\/wp\/v2\/pages\/54932","targetHints":{"allow":["GET"]}}],"collection":[{"href":"https:\/\/murenatest.com\/fr\/wp-json\/wp\/v2\/pages"}],"about":[{"href":"https:\/\/murenatest.com\/fr\/wp-json\/wp\/v2\/types\/page"}],"author":[{"embeddable":true,"href":"https:\/\/murenatest.com\/fr\/wp-json\/wp\/v2\/users\/994"}],"replies":[{"embeddable":true,"href":"https:\/\/murenatest.com\/fr\/wp-json\/wp\/v2\/comments?post=54932"}],"version-history":[{"count":24,"href":"https:\/\/murenatest.com\/fr\/wp-json\/wp\/v2\/pages\/54932\/revisions"}],"predecessor-version":[{"id":100768,"href":"https:\/\/murenatest.com\/fr\/wp-json\/wp\/v2\/pages\/54932\/revisions\/100768"}],"wp:attachment":[{"href":"https:\/\/murenatest.com\/fr\/wp-json\/wp\/v2\/media?parent=54932"}],"curies":[{"name":"wp","href":"https:\/\/api.w.org\/{rel}","templated":true}]}}