{"id":83539,"date":"2023-08-21T21:43:25","date_gmt":"2023-08-21T19:43:25","guid":{"rendered":"https:\/\/murena.com\/?post_type=product&#038;p=83539"},"modified":"2026-04-27T13:06:38","modified_gmt":"2026-04-27T11:06:38","slug":"murena-fairphone-5","status":"publish","type":"product","link":"https:\/\/murenatest.com\/es\/tienda\/moviles\/nuevo\/murena-fairphone-5\/","title":{"rendered":"Murena Fairphone 5"},"content":{"rendered":"","protected":false},"excerpt":{"rendered":"<p>\u00a1Descubre el nuevo Murena Fairphone 5 deGoogled !<\/p>\n<p>M\u00e1s potente, m\u00e1s sostenible, \u00a1el Murena Fairphone 5 combina privacidad, eco-responsabilidad y velocidad! El Murena Fairphone 5 funciona con el sistema operativo \/e\/OS, lo que permite que tu tel\u00e9fono te proteja en todo momento contra la recopilaci\u00f3n constante de datos de Google. <\/p>\n<p>Combine las ventajas de un dispositivo r\u00e1pido y sostenible, con el control y la protecci\u00f3n de sus datos personales.  <a href=\"https:\/\/murenatest.com\/es\/tienda\/moviles\/nuevo\/murena-fairphone-5\/#android-without-google\">M\u00e1s informaci\u00f3n  <\/a><\/p>\n<p>Siempre dise\u00f1ado para durar lo m\u00e1ximo posible, gracias a su dise\u00f1o modular y reparable, \u00a1podr\u00e1s reparar y cambiar hasta 8 componentes de tu Murena Fairphone 5 t\u00fa mismo!<\/p>\n<p>Equipado con una bater\u00eda recargable extra\u00edble de 4200 mAh, tu tel\u00e9fono puede acompa\u00f1arte all\u00e1 donde vayas. Haz fotos incre\u00edbles con su doble c\u00e1mara trasera de 50 MP y su c\u00e1mara selfie de 50 MP. Con una clasificaci\u00f3n IP55, tu Murena Fairphone 5 est\u00e1 protegido del polvo y la lluvia.    <a href=\"https:\/\/murenatest.com\/es\/tienda\/moviles\/nuevo\/murena-fairphone-5\/#tech-spec\">M\u00e1s informaci\u00f3n  <\/a><\/p>\n<p>Si quieres un tel\u00e9fono que dure, si ya necesitas 5G, y si quieres proteger tu privacidad; \u00a1Entonces el Murena Fairphone 5 es para ti!<\/p>\n<p dir=\"auto\" data-sourcepos=\"9:1-9:29\"><strong>Dise\u00f1ado para ti. Hecho justo.<\/strong><\/p>\n","protected":false},"featured_media":108503,"comment_status":"open","ping_status":"closed","template":"","meta":{"_seopress_robots_primary_cat":"none","_seopress_titles_title":"Murena Fairphone 5","_seopress_titles_desc":"\u00a1Descubre el nuevo Murena Fairphone 5 deGoogled !\n\nM\u00e1s potente, m\u00e1s sostenible, \u00a1el Murena Fairphone 5 combina privacidad, eco-responsabilidad y velocidad! El Murena Fairphone 5 funciona con el sistema operativo \/e\/OS, lo que permite que tu tel\u00e9fono te proteja en todo momento contra la recopilaci\u00f3n constante de datos de Google. ","_seopress_robots_index":""},"product_brand":[],"product_cat":[618],"product_tag":[849,841,813,823,827,822,818],"class_list":{"0":"post-83539","1":"product","2":"type-product","3":"status-publish","4":"has-post-thumbnail","6":"product_cat-nuevo","7":"product_tag-128-256gb-es","8":"product_tag-5g-es","9":"product_tag-bateria-extraible","10":"product_tag-doble-sim","11":"product_tag-garantia-ampliada","12":"product_tag-liberado","13":"product_tag-nuevo","14":"wpbf-post","17":"instock","18":"taxable","19":"shipping-taxable","20":"purchasable","21":"product-type-variable"},"bundled_by":["117218"],"bundle_stock_status":"instock","bundle_stock_quantity":null,"bundle_virtual":false,"bundle_layout":"","bundle_add_to_cart_form_location":"","bundle_editable_in_cart":false,"bundle_sold_individually_context":"","bundle_item_grouping":"","bundle_min_size":"","bundle_max_size":"","bundle_price":[],"bundled_items":[],"bundle_sell_ids":[],"supplier_id":null,"supplier_sku":"","barcode":null,"atum_controlled":true,"out_stock_date":null,"out_stock_threshold":null,"inheritable":true,"inbound_stock":100,"stock_on_hold":1,"sold_today":0,"sales_last_days":0,"reserved_stock":0,"customer_returns":0,"warehouse_damage":0,"lost_in_post":0,"other_logs":0,"out_stock_days":0,"lost_sales":0,"has_location":false,"update_date":"2026-05-17T07:14:23","atum_locations":[],"atum_stock_status":"instock","restock_status":false,"low_stock_amount":"","sales_update_date":"2026-05-17T07:14:23","calc_backorders":null,"linked_bom":[],"sync_purchase_price":false,"bom_sellable":null,"minimum_threshold":null,"available_to_purchase":null,"selling_priority":null,"calculated_stock":null,"is_bom":false,"mi_inventories":[],"multi_inventory":"no","inventory_sorting_mode":"global","inventory_iteration":"global","expirable_inventories":"global","price_per_inventory":"global","show_write_off_inventories":"global","selectable_inventories":"global","selectable_inventories_mode":"global","_links":{"self":[{"href":"https:\/\/murenatest.com\/es\/wp-json\/wp\/v2\/product\/83539","targetHints":{"allow":["GET"]}}],"collection":[{"href":"https:\/\/murenatest.com\/es\/wp-json\/wp\/v2\/product"}],"about":[{"href":"https:\/\/murenatest.com\/es\/wp-json\/wp\/v2\/types\/product"}],"replies":[{"embeddable":true,"href":"https:\/\/murenatest.com\/es\/wp-json\/wp\/v2\/comments?post=83539"}],"wp:featuredmedia":[{"embeddable":true,"href":"https:\/\/murenatest.com\/es\/wp-json\/wp\/v2\/media\/108503"}],"wp:attachment":[{"href":"https:\/\/murenatest.com\/es\/wp-json\/wp\/v2\/media?parent=83539"}],"wp:term":[{"taxonomy":"product_brand","embeddable":true,"href":"https:\/\/murenatest.com\/es\/wp-json\/wp\/v2\/product_brand?post=83539"},{"taxonomy":"product_cat","embeddable":true,"href":"https:\/\/murenatest.com\/es\/wp-json\/wp\/v2\/product_cat?post=83539"},{"taxonomy":"product_tag","embeddable":true,"href":"https:\/\/murenatest.com\/es\/wp-json\/wp\/v2\/product_tag?post=83539"}],"curies":[{"name":"wp","href":"https:\/\/api.w.org\/{rel}","templated":true}]}}