{"id":115923,"date":"2025-03-11T16:42:44","date_gmt":"2025-03-11T15:42:44","guid":{"rendered":"https:\/\/murena.com\/?post_type=product&#038;p=115923"},"modified":"2026-04-27T13:08:31","modified_gmt":"2026-04-27T11:08:31","slug":"murena-pixel-8-reacondicionado","status":"publish","type":"product","link":"https:\/\/murenatest.com\/es\/tienda\/moviles\/nuevo\/murena-pixel-8-reacondicionado\/","title":{"rendered":"Murena Pixel 8 &#8211; Reacondicionado"},"content":{"rendered":"","protected":false},"excerpt":{"rendered":"<p>Disfruta del Murena Pixel 8 Reacondicionado, mientras mantienes tus datos privados.<\/p>\n<p>Gracias al sistema operativo \/e\/OS, este dispositivo te protege de la implacable recopilaci\u00f3n de datos de Google. Experimenta todas las ventajas del flamante Google Pixel 8 Reacondicionado, pero con un control total sobre tus datos personales. <a href=\"https:\/\/murenatest.com\/es\/tienda\/moviles\/nuevo\/murena-pixel-8\/#android-without-google\">Leer m\u00e1s<\/a>.<\/p>\n<p>El sistema de c\u00e1mara cuenta con un sensor principal de 50 MP y una lente ultra gran angular de 12 MP, que ofrecen una calidad de foto y v\u00eddeo excepcional. Resistente al agua y al polvo IP68, el Murena Pixel 8 Reacondicionado cuenta con una bater\u00eda de 4.575 mAh dise\u00f1ada para un uso durante todo el d\u00eda, garantizando que permanezcas conectado desde la ma\u00f1ana hasta la noche. Admite carga r\u00e1pida por cable y hasta 18 W. <a href=\"https:\/\/murenatest.com\/es\/tienda\/moviles\/nuevo\/murena-pixel-8\/#tech-spec\">Leer m\u00e1s<\/a><\/p>\n<p>Elige el Murena Pixel 8 Reacondicionado : tel\u00e9fono de alto rendimiento con caracter\u00edsticas premium, y control total sobre tu privacidad sin compromisos.<\/p>\n<p>Nota: el importe que figura a continuaci\u00f3n incluye todos los impuestos y derechos de aduana correspondientes a tu pa\u00eds.<br \/>\nTodos nuestros tel\u00e9fonos reacondicionados son de Grado A+ Premium Reacondicionado.<\/p>\n","protected":false},"featured_media":115970,"comment_status":"open","ping_status":"closed","template":"","meta":{"_seopress_robots_primary_cat":"none","_seopress_titles_title":"Murena Pixel 8 Reacondicionado","_seopress_titles_desc":"\u00a1Impulsado por \/e\/OS, el Murena Pixel 8 Reacondicionado es un tel\u00e9fono de alto rendimiento que le permite tener un control total sobre la privacidad de sus datos sin compromisos !","_seopress_robots_index":""},"product_brand":[],"product_cat":[618],"product_tag":[830,846,838,841,811,823,822,816],"class_list":{"0":"post-115923","1":"product","2":"type-product","3":"status-publish","4":"has-post-thumbnail","6":"product_cat-nuevo","7":"product_tag-1-anos-de-garantia","8":"product_tag-128-gb-es","9":"product_tag-4g-lte-es","10":"product_tag-5g-es","11":"product_tag-bateria-no-extraible","12":"product_tag-doble-sim","13":"product_tag-liberado","14":"product_tag-reacondicionado","15":"wpbf-post","18":"instock","19":"taxable","20":"shipping-taxable","21":"product-type-variable"},"bundled_by":[],"bundle_stock_status":"instock","bundle_stock_quantity":5,"bundle_virtual":false,"bundle_layout":"","bundle_add_to_cart_form_location":"","bundle_editable_in_cart":false,"bundle_sold_individually_context":"","bundle_item_grouping":"","bundle_min_size":"","bundle_max_size":"","bundle_price":[],"bundled_items":[],"bundle_sell_ids":[],"supplier_id":40487,"supplier_sku":"Pixel 8 Refurbished","barcode":null,"atum_controlled":true,"out_stock_date":null,"out_stock_threshold":null,"inheritable":false,"inbound_stock":16,"stock_on_hold":0,"sold_today":0,"sales_last_days":0,"reserved_stock":0,"customer_returns":0,"warehouse_damage":0,"lost_in_post":0,"other_logs":0,"out_stock_days":0,"lost_sales":0,"has_location":false,"update_date":"2026-05-17T07:14:26","atum_locations":[],"atum_stock_status":"instock","restock_status":false,"low_stock_amount":"","sales_update_date":"2026-05-17T07:14:26","calc_backorders":null,"linked_bom":[],"sync_purchase_price":false,"bom_sellable":null,"minimum_threshold":null,"available_to_purchase":null,"selling_priority":null,"calculated_stock":null,"is_bom":false,"mi_inventories":[],"multi_inventory":"no","inventory_sorting_mode":"global","inventory_iteration":"global","expirable_inventories":"global","price_per_inventory":"global","show_write_off_inventories":"global","selectable_inventories":"global","selectable_inventories_mode":"global","_links":{"self":[{"href":"https:\/\/murenatest.com\/es\/wp-json\/wp\/v2\/product\/115923","targetHints":{"allow":["GET"]}}],"collection":[{"href":"https:\/\/murenatest.com\/es\/wp-json\/wp\/v2\/product"}],"about":[{"href":"https:\/\/murenatest.com\/es\/wp-json\/wp\/v2\/types\/product"}],"replies":[{"embeddable":true,"href":"https:\/\/murenatest.com\/es\/wp-json\/wp\/v2\/comments?post=115923"}],"wp:featuredmedia":[{"embeddable":true,"href":"https:\/\/murenatest.com\/es\/wp-json\/wp\/v2\/media\/115970"}],"wp:attachment":[{"href":"https:\/\/murenatest.com\/es\/wp-json\/wp\/v2\/media?parent=115923"}],"wp:term":[{"taxonomy":"product_brand","embeddable":true,"href":"https:\/\/murenatest.com\/es\/wp-json\/wp\/v2\/product_brand?post=115923"},{"taxonomy":"product_cat","embeddable":true,"href":"https:\/\/murenatest.com\/es\/wp-json\/wp\/v2\/product_cat?post=115923"},{"taxonomy":"product_tag","embeddable":true,"href":"https:\/\/murenatest.com\/es\/wp-json\/wp\/v2\/product_tag?post=115923"}],"curies":[{"name":"wp","href":"https:\/\/api.w.org\/{rel}","templated":true}]}}