{"id":111328,"date":"2024-11-21T15:55:39","date_gmt":"2024-11-21T14:55:39","guid":{"rendered":"https:\/\/murena.com\/?post_type=product&#038;p=111328"},"modified":"2026-04-27T13:07:39","modified_gmt":"2026-04-27T11:07:39","slug":"murena-cmf-phone-1","status":"publish","type":"product","link":"https:\/\/murenatest.com\/es\/tienda\/moviles\/nuevo\/murena-cmf-phone-1\/","title":{"rendered":"Murena CMF Phone 1"},"content":{"rendered":"","protected":false},"excerpt":{"rendered":"<p class=\"p1\">Nuevo Murena CMF Phone 1.<\/p>\n<p class=\"p1\">Privacidad combinada con un valor imbatible. El Murena CMF Phone 1 combina excelentes especificaciones y privacidad con un bajo coste.<br \/>\nImpulsado por el sistema operativo \/e\/OS, este tel\u00e9fono le protege en todo momento contra la recopilaci\u00f3n constante de datos.<\/p>\n<p class=\"p1\">Robusto, colorido y r\u00e1pido. El Murena CMF Phone 1 le ofrece el control y la protecci\u00f3n de sus datos personales. <a href=\"https:\/\/murenatest.com\/es\/tienda\/moviles\/nuevo\/murena-cmf-phone-1\/#android-without-google\"><span class=\"s1\">Descubra m\u00e1s.<\/span><\/a><\/p>\n<p class=\"p1\">Equipado con un procesador r\u00e1pido y una bater\u00eda de larga duraci\u00f3n de 5000 mAh. \u00a1Su tel\u00e9fono puede durar hasta dos d\u00edas sin cargarlo! <a href=\"https:\/\/murenatest.com\/es\/tienda\/moviles\/nuevo\/murena-cmf-phone-1\/#tech-spec\"><span class=\"s1\">Descubra m\u00e1s.<\/span><\/a><\/p>\n<p class=\"p1\">Nota : Este smartphone no tiene NFC.<br \/>\nEl Murena CMF Phone 1 viene con un cargador de arranque desbloqueado, <a href=\"https:\/\/murenatest.com\/es\/faq\/#bootloader-unlocked\">por favor vea aqu\u00ed<\/a> para m\u00e1s informaci\u00f3n sobre lo que esto significa.<\/p>\n","protected":false},"featured_media":111839,"comment_status":"open","ping_status":"closed","template":"","meta":{"_seopress_robots_primary_cat":"none","_seopress_titles_title":"Murena CMF Phone 1","_seopress_titles_desc":"\u00a1Descubre el nuevo Murena Fairphone 5 deGoogled!  M\u00e1s potente, m\u00e1s sostenible, el Murena Fairphone 5 combina confidencialidad, eco-responsabilidad y rapidez. El Murena Fairphone 5 funciona con el sistema operativo \/e\/OS, lo que permite que tu tel\u00e9fono te proteja en todo momento contra la recopilaci\u00f3n constante de datos de Google.","_seopress_robots_index":""},"product_brand":[],"product_cat":[618],"product_tag":[846,841,823,822,818],"class_list":{"0":"post-111328","1":"product","2":"type-product","3":"status-publish","4":"has-post-thumbnail","6":"product_cat-nuevo","7":"product_tag-128-gb-es","8":"product_tag-5g-es","9":"product_tag-doble-sim","10":"product_tag-liberado","11":"product_tag-nuevo","12":"wpbf-post","15":"instock","16":"taxable","17":"shipping-taxable","18":"purchasable","19":"product-type-variable"},"bundled_by":[],"bundle_stock_status":"instock","bundle_stock_quantity":null,"bundle_virtual":false,"bundle_layout":"","bundle_add_to_cart_form_location":"","bundle_editable_in_cart":false,"bundle_sold_individually_context":"","bundle_item_grouping":"","bundle_min_size":"","bundle_max_size":"","bundle_price":[],"bundled_items":[],"bundle_sell_ids":[],"supplier_id":null,"supplier_sku":"","barcode":null,"atum_controlled":true,"out_stock_date":null,"out_stock_threshold":null,"inheritable":true,"inbound_stock":40,"stock_on_hold":2,"sold_today":0,"sales_last_days":0,"reserved_stock":0,"customer_returns":0,"warehouse_damage":0,"lost_in_post":0,"other_logs":0,"out_stock_days":0,"lost_sales":0,"has_location":false,"update_date":"2026-05-17T07:14:24","atum_locations":[],"atum_stock_status":"instock","restock_status":false,"low_stock_amount":"","sales_update_date":"2026-05-17T07:14:24","calc_backorders":null,"linked_bom":[],"sync_purchase_price":false,"bom_sellable":null,"minimum_threshold":null,"available_to_purchase":null,"selling_priority":null,"calculated_stock":null,"is_bom":false,"mi_inventories":[],"multi_inventory":"no","inventory_sorting_mode":"global","inventory_iteration":"global","expirable_inventories":"global","price_per_inventory":"global","show_write_off_inventories":"global","selectable_inventories":"global","selectable_inventories_mode":"global","_links":{"self":[{"href":"https:\/\/murenatest.com\/es\/wp-json\/wp\/v2\/product\/111328","targetHints":{"allow":["GET"]}}],"collection":[{"href":"https:\/\/murenatest.com\/es\/wp-json\/wp\/v2\/product"}],"about":[{"href":"https:\/\/murenatest.com\/es\/wp-json\/wp\/v2\/types\/product"}],"replies":[{"embeddable":true,"href":"https:\/\/murenatest.com\/es\/wp-json\/wp\/v2\/comments?post=111328"}],"wp:featuredmedia":[{"embeddable":true,"href":"https:\/\/murenatest.com\/es\/wp-json\/wp\/v2\/media\/111839"}],"wp:attachment":[{"href":"https:\/\/murenatest.com\/es\/wp-json\/wp\/v2\/media?parent=111328"}],"wp:term":[{"taxonomy":"product_brand","embeddable":true,"href":"https:\/\/murenatest.com\/es\/wp-json\/wp\/v2\/product_brand?post=111328"},{"taxonomy":"product_cat","embeddable":true,"href":"https:\/\/murenatest.com\/es\/wp-json\/wp\/v2\/product_cat?post=111328"},{"taxonomy":"product_tag","embeddable":true,"href":"https:\/\/murenatest.com\/es\/wp-json\/wp\/v2\/product_tag?post=111328"}],"curies":[{"name":"wp","href":"https:\/\/api.w.org\/{rel}","templated":true}]}}