{"id":73396,"date":"2023-01-02T13:45:54","date_gmt":"2023-01-02T12:45:54","guid":{"rendered":"https:\/\/murena.com\/inversores\/"},"modified":"2024-07-14T11:49:06","modified_gmt":"2024-07-14T09:49:06","slug":"inversores","status":"publish","type":"page","link":"https:\/\/murenatest.com\/es\/inversores\/","title":{"rendered":"Inversores"},"content":{"rendered":"\n<h2 class=\"wp-block-heading\">Oportunidades de inversi\u00f3n en Murena<\/h2>\n\n<p>Murena SAS es una empresa privada con sede en la Uni\u00f3n Europea. Nos contactan regularmente personas y organizaciones interesadas en invertir en Murena SAS. <\/p>\n\n<p>Actualmente aceptamos inversiones. Rellene sus datos a continuaci\u00f3n si desea ofrecer su inter\u00e9s por invertir. <\/p>\n\n<div class=\"wp-block-columns is-layout-flex wp-container-core-columns-is-layout-28f84493 wp-block-columns-is-layout-flex\">\n<div class=\"wp-block-column is-layout-flow wp-block-column-is-layout-flow\">\n<div class=\"wp-block-contact-form-7-contact-form-selector\"><p class=\"wpcf7-contact-form-not-found\"><strong>Error:<\/strong> Formulario de contacto no encontrado.<\/p><\/div>\n<\/div>\n\n\n\n<div class=\"wp-block-column is-layout-flow wp-block-column-is-layout-flow\"><\/div>\n<\/div>\n","protected":false},"excerpt":{"rendered":"<p>Oportunidades de inversi\u00f3n en Murena Murena SAS es una empresa privada con sede en la&#8230;<\/p>\n","protected":false},"author":5167,"featured_media":0,"parent":0,"menu_order":0,"comment_status":"closed","ping_status":"closed","template":"","meta":{"_seopress_robots_primary_cat":"","_seopress_titles_title":"Oportunidades de inversi\u00f3n en Murena","_seopress_titles_desc":"Si est\u00e1 interesado en invertir en Murena, facil\u00edtenos sus datos de contacto. As\u00ed podr\u00e1 recibir informaci\u00f3n actualizada y cualificada sobre posibles oportunidades de inversi\u00f3n.","_seopress_robots_index":"","footnotes":""},"class_list":["post-73396","page","type-page","status-publish","hentry","wpbf-post"],"_links":{"self":[{"href":"https:\/\/murenatest.com\/es\/wp-json\/wp\/v2\/pages\/73396","targetHints":{"allow":["GET"]}}],"collection":[{"href":"https:\/\/murenatest.com\/es\/wp-json\/wp\/v2\/pages"}],"about":[{"href":"https:\/\/murenatest.com\/es\/wp-json\/wp\/v2\/types\/page"}],"author":[{"embeddable":true,"href":"https:\/\/murenatest.com\/es\/wp-json\/wp\/v2\/users\/5167"}],"replies":[{"embeddable":true,"href":"https:\/\/murenatest.com\/es\/wp-json\/wp\/v2\/comments?post=73396"}],"version-history":[{"count":8,"href":"https:\/\/murenatest.com\/es\/wp-json\/wp\/v2\/pages\/73396\/revisions"}],"predecessor-version":[{"id":106296,"href":"https:\/\/murenatest.com\/es\/wp-json\/wp\/v2\/pages\/73396\/revisions\/106296"}],"wp:attachment":[{"href":"https:\/\/murenatest.com\/es\/wp-json\/wp\/v2\/media?parent=73396"}],"curies":[{"name":"wp","href":"https:\/\/api.w.org\/{rel}","templated":true}]}}