{"id":54938,"date":"2020-02-08T08:49:07","date_gmt":"2020-02-08T08:49:07","guid":{"rendered":"https:\/\/murena.com\/terms-conditions\/"},"modified":"2024-03-07T20:41:11","modified_gmt":"2024-03-07T19:41:11","slug":"terms-conditions","status":"publish","type":"page","link":"https:\/\/murenatest.com\/es\/terms-conditions\/","title":{"rendered":"T\u00e9rminos y Condiciones"},"content":{"rendered":"\n<h4 class=\"wp-block-heading\">\u00c1mbito de aplicabilidad<\/h4>\n\n<p>Los presentes T\u00e9rminos y Condiciones Generales de Uso son aplicables a todas las ventas de servicios o productos efectuadas entre usted y MURENA RETAIL SAS, con sede en la direcci\u00f3n 31 Avenue de S\u00e9gur, 75007 Par\u00eds, Francia, a trav\u00e9s de la p\u00e1gina web <a href=\"https:\/\/murenatest.com\/es\/\">https:\/\/murenatest.com<\/a><\/p>\n\n<p> AL EFECTUAR LA COMPRA DE UN PRODUCTO O UNA SUSCRIPCI\u00d3N A UN SERVICIO, USTED ACEPTA EL CUMPLIMIENTO DE TODAS LAS CONDICIONES DE VENTA Y DEL SERVICIO. <\/p>\n\n<p> Eventualmente podemos modificar estas condiciones, cuyas modificaciones ser\u00e1n aplicables a partir del momento en que figuren en nuestro sitio web para todas las ventas efectuadas posteriormente. <\/p>\n\n<p> A menos que se demuestre lo contrario, los datos que registramos constituyen la prueba de todas las transacciones. <\/p>\n\n<h4 class=\"wp-block-heading\">Productos y servicios<\/h4>\n\n<p><strong> Tel\u00e9fonos inteligentes nuevos y reacondicionados con \/e\/OS <\/strong><\/p>\n\n<p> Al realizar su pedido con nosotros, obtenemos tel\u00e9fonos m\u00f3viles nuevos o usados, seg\u00fan con su preferencia, en los que instalamos el sistema operativo \/e\/OS\/ y sus aplicaciones por defecto. <\/p>\n\n<p> Estos tel\u00e9fonos incluyen su bater\u00eda y accesorios compatibles, si procede (kit de manos libres y, en caso de especificarse, otros accesorios compatibles). <\/p>\n\n<p> El sistema operativo \/e\/OS\/ es una versi\u00f3n de Android que no utiliza los servicios Android de Google. Al estar en constante mejora, puede tener caracter\u00edsticas diferentes a las de un sistema Android de Google y una selecci\u00f3n de aplicaciones Android diferente a la que se puede encontrar en la tienda de Google Play. No es un producto de Google, y no est\u00e1 avalado por Google en ning\u00fan caso. <\/p>\n\n<p> Los tel\u00e9fonos inteligentes reacondicionados con \/e\/OS no se entregan en su embalaje original. Cada producto que vendemos debe someterse a distintos controles y procedimientos que var\u00edan seg\u00fan el modelo, con el fin de ofrecerle un estado casi \u00abnuevo\u00bb. La lista de dichos controles y procedimientos que se realizan en cada tipo de producto est\u00e1 disponible bajo demanda. <\/p>\n\n<p> Todos los tel\u00e9fonos reacondicionados que vendemos han sido sometidos a un estricto reseteo de datos antes de ser puestos a la venta. <\/p>\n\n<h4 class=\"wp-block-heading\">Servicios de pago en la nube<\/h4>\n\n<p>Ofrecemos servicios de suscripci\u00f3n a la nube de pago para que pueda acceder a una mayor cantidad de espacio en funci\u00f3n del plan al que se suscriba. Para utilizar nuestros servicios de suscripci\u00f3n a la nube de pago, debe tener un usuario de una \u00abCuenta de Murena Cloud\u00bb y haber aceptado las condiciones de uso, que se encuentran aqu\u00ed. <\/p>\n\n<p> Los datos de los usuarios, ubicados en nuestros servicios en la nube, se almacenan en servidores seguros. Nosotros no accedemos, ni revisamos sus datos almacenados en su espacio personal de la nube. <\/p>\n\n<p> El usuario es responsable de todo el contenido publicado y de la actividad que ocurra en su cuenta. No se puede utilizar el servicio para ning\u00fan prop\u00f3sito ilegal o no autorizado. Al utilizar el servicio no debe violar ninguna ley de su jurisdicci\u00f3n o la nuestra (incluyendo, aunque no exclusivamente, las leyes de derechos de autor). <\/p>\n\n<h4 class=\"wp-block-heading\">Precios<\/h4>\n\n<p>Los precios incluyen el tipo de IVA vigente en funci\u00f3n del pa\u00eds en el que se realice la compra cuando \u00e9sta se realice dentro de la Uni\u00f3n Europea. Son netos, firmes y no rebatibles. Nos reservamos el derecho de modificar el precio en cualquier momento, sin previo aviso, precisando que los productos le ser\u00e1n facturados al precio vigente en el momento de la confirmaci\u00f3n de su pedido. <\/p>\n\n<p> Para las entregas fuera de la Uni\u00f3n Europea, facturaremos sin IVA y usted ser\u00e1 responsable de pagar cualquier derecho de aduana u otros impuestos como el IVA local o el impuesto sobre las ventas al recoger su pedido. Los impuestos de importaci\u00f3n y el IVA local o el impuesto sobre las ventas depender\u00e1n del valor de su pedido. <\/p>\n\n<h4 class=\"wp-block-heading\">Pago<\/h4>\n\n<p>Los m\u00e9todos de pago que aceptamos son los indicados en nuestro sitio web. Es posible pagar con tarjeta de d\u00e9bito, tarjeta de cr\u00e9dito, Bitcoin o con su cuenta de PayPal, si dispone de ella. <\/p>\n\n<p>En el caso de la suscripci\u00f3n en la nube, el servicio se factura por adelantado de forma mensual o anual en funci\u00f3n del plan seleccionado.&#13;\n&#13;\nEn caso de cualquier actualizaci\u00f3n o descenso de categor\u00eda, en su siguiente ciclo de facturaci\u00f3n su nueva tarifa se cargar\u00e1 autom\u00e1ticamente en la tarjeta de cr\u00e9dito que haya proporcionado.&#13;\n&#13;\nEl descenso de categor\u00eda de su cuenta puede provocar la p\u00e9rdida de contenidos, funciones o capacidad. El servicio no se hace responsable de dicha p\u00e9rdida.<\/p>\n\n<h4 class=\"wp-block-heading\">Disponibilidad<\/h4>\n\n<p>La informaci\u00f3n sobre la disponibilidad del producto se proporciona en el momento de realizar el pedido. <\/p>\n\n<p> En caso de que no dispongamos de suficientes existencias de un producto, le informaremos por correo electr\u00f3nico lo antes posible. Tendr\u00e1 entonces la opci\u00f3n de que se le sustituya el producto por otro de precio equivalente, seg\u00fan las existencias disponibles, o de cancelar su pedido y recibir un reembolso en un plazo de catorce (14) d\u00edas laborables a partir de nuestra notificaci\u00f3n de dicha falta de disponibilidad. <\/p>\n\n<h4 class=\"wp-block-heading\">Entrega de productos terminados<\/h4>\n\n<p>En todos los casos, la venta solo se considerar\u00e1 definitiva despu\u00e9s de que usted haya recibido la confirmaci\u00f3n de la realizaci\u00f3n del pedido por correo electr\u00f3nico y \u00fanicamente despu\u00e9s de que hayamos recibido el pago \u00edntegro. <\/p>\n\n<p> En algunos casos, como el impago, errores en la direcci\u00f3n u otros problemas en su cuenta, nos reservamos el derecho de bloquear su pedido hasta que se resuelvan dichos problemas. <\/p>\n\n<p>Para cualquier duda relacionada con el seguimiento de su pedido, puede ponerse en contacto con nuestro servicio de atenci\u00f3n al cliente por correo electr\u00f3nico en la direcci\u00f3n: <a href=\"mailto:contact@murena.com\">contact@murena.com<\/a><\/p>\n\n<p> Los productos se entregan exclusivamente en todos los pa\u00edses de la UE, Noruega y Suiza, excluyendo las regiones de ultramar (OMT\/DOM), Rusia o cualquier otro estado miembro de la Federaci\u00f3n Rusa, y los pa\u00edses y territorios de ultramar (OCT\/TOM). Nuestro objetivo es entregar el producto dentro de los plazos indicativos que aparecen en nuestro sitio web. No obstante, el tiempo de entrega no es obligatorio para la ejecuci\u00f3n del pedido y todas las fechas de entrega especificadas en nuestro sitio web o en cualquier v\u00eda de comunicaci\u00f3n son s\u00f3lo estimaciones. Las compras y productos son entregados por nuestro transportista, UPS, de acuerdo con las limitaciones log\u00edsticas y con las condiciones de entrega disponibles en el sitio web. <\/p>\n\n<p> No podemos realizar entregas en apartados de correos. El cliente debe proporcionar una direcci\u00f3n v\u00e1lida para la entrega e indicar todos los detalles necesarios para acceder a la misma (ascensor, c\u00f3digo de acceso, etc.). <\/p>\n\n<p> En caso de que la direcci\u00f3n de entrega sea inaccesible, nos reservamos el derecho de rescindir el contrato o de entregarle el producto a una nueva direcci\u00f3n con los gastos a su cargo. <\/p>\n\n<p> La propiedad del producto pasar\u00e1 a ser de su posesi\u00f3n \u00fanicamente en el momento de la entrega del mismo, directamente o por un tercero designado por usted. Antes de aceptar la entrega, es su responsabilidad comprobar el estado del producto y, en caso de da\u00f1os o falta de elementos, expresar sus objeciones en el albar\u00e1n de entrega, o rechazar el producto, y notific\u00e1rnoslo inmediatamente. <\/p>\n\n<p> Cualquier reclamaci\u00f3n debe realizarse en un plazo m\u00e1ximo de tres (3) d\u00edas h\u00e1biles a partir de la fecha de posesi\u00f3n del producto. Transcurrido este plazo, se considerar\u00e1 que usted ha recibido y aceptado el producto o la compra sin reservas. <\/p>\n\n<h4 class=\"wp-block-heading\">Devoluciones y aviso de desistimiento<\/h4>\n\n<p>A partir de la entrega del producto y de cualquier compra, usted tiene el derecho legal a cancelar el contrato (sujeto a ciertas excepciones establecidas a continuaci\u00f3n) sin dar ninguna raz\u00f3n, dentro de los 14 d\u00edas siguientes al d\u00eda de la recepci\u00f3n del producto. Este per\u00edodo se denomina \u00abplazo de desistimiento\u00bb. Si este plazo vence un s\u00e1bado, domingo, d\u00eda festivo o no laboral, se prorrogar\u00e1 hasta el siguiente d\u00eda laborable. <\/p>\n\n<p> Si desea desistir del contrato dentro del \u00abplazo de desistimiento\u00bb, deber\u00e1 comunic\u00e1rnoslo antes de que finalice dicho periodo, y antes de devolver cualquier producto, rellenando el formulario de desistimiento y envi\u00e1ndolo a nuestra direcci\u00f3n. <\/p>\n\n<h4 class=\"wp-block-heading\">FORMULARIO DE DESISTIMIENTO<\/h4>\n\n<p>(Por favor, rellene y env\u00ede este formulario solo si desea rescindir el contrato). <\/p>\n\n<p> A la atenci\u00f3n de MURENA RETAIL SAS: <\/p>\n\n<p> Yo\/nosotros (*) le notifico\/notificamos (*) mi\/nuestro (*) desistimiento del contrato de venta del producto que figura a continuaci\u00f3n: <\/p>\n\n<p> Pedido el (*)\/recibido el (*): <\/p>\n\n<p> N\u00famero de pedido: <\/p>\n\n<p> N\u00famero de factura: <\/p>\n\n<p> Producto(s): <\/p>\n\n<p> N\u00famero IMEI del tel\u00e9fono, si procede: <\/p>\n\n<p> Nombre del consumidor(es): <\/p>\n\n<p> Direcci\u00f3n del consumidor(es): <\/p>\n\n<p> Firma del (de los) consumidor(es) (solo si este formulario se presenta en papel): <\/p>\n\n<p> Fecha: <\/p>\n\n<p>Rellene el formulario de desistimiento y env\u00edelo por correo electr\u00f3nico a la direcci\u00f3n <a href=\"mailto:aftersales@murena.com\" target=\"_blank\" rel=\"noopener\">aftersales@murena.com<\/a><\/p>\n\n<p> Debe conservar una prueba de haber notificado el desistimiento, como un recibo de correo electr\u00f3nico. A continuaci\u00f3n, deber\u00e1 devolvernos el producto entregado asumiendo los gastos de env\u00edo por correo certificado o mensajer\u00eda. <\/p>\n\n<p> El producto debe ser devuelto en el embalaje original y con todos sus accesorios y documentaci\u00f3n, en un plazo m\u00e1ximo de 8 (ocho) d\u00edas despu\u00e9s de habernos notificado que desea desistir. <\/p>\n\n<p> Los productos comprados en Europa, Reino Unido y Suiza deben ser devueltos a la siguiente direcci\u00f3n: MURENA RETAIL SAS, c\/o Espri Digital, 14 rue du Sergent Escoffier, 61200 Argentan, Francia. <\/p>\n\n<p> Si el producto no es devuelto en las condiciones estipuladas, deber\u00e1 abonar el valor del producto da\u00f1ado. <\/p>\n\n<p> Si el producto se devuelve a tiempo y en las condiciones estipuladas, le reembolsaremos la totalidad de las sumas abonadas en el momento de la finalizaci\u00f3n del contrato, en un plazo de 14 (catorce) d\u00edas a partir de la fecha de devoluci\u00f3n del producto, utilizando el mismo medio de pago que usted utiliz\u00f3 para la transacci\u00f3n original, a menos que se acuerde lo contrario. <\/p>\n\n<h4 class=\"wp-block-heading\">Cancelaci\u00f3n y baja \u2013 Servicios en la nube<\/h4>\n\n<p>Puede cancelar su plan en cualquier momento enviando una solicitud por correo electr\u00f3nico a <a href=\"mailto:helpdesk@murena.com\">helpdesk@murena.com<\/a>. Si cancela su plan antes de que finalice el mes de pago en curso, la cancelaci\u00f3n tendr\u00e1 efecto inmediato y no se le volver\u00e1 a cobrar. Si cancela su plan antes de la fecha de renovaci\u00f3n, el saldo restante no se reembolsar\u00e1.<\/p>\n\n<h4 class=\"wp-block-heading\">M\u00e9todos de devoluci\u00f3n de tel\u00e9fonos inteligentes<\/h4>\n\n<p>Los tel\u00e9fonos inteligentes o smartphones tienen una opci\u00f3n de \u00abBloqueo de pantalla\u00bb dentro del sistema operativo. Si la funci\u00f3n de \u00abBloqueo de pantalla\u00bb est\u00e1 activada, el producto no podr\u00e1 ser sustituido ni reembolsado. Para comprobar si esta opci\u00f3n sigue activada y desactivarla, puede ir a \u00abAjustes\u00bb &gt; \u00abSeguridad\u00bb &gt; \u00abBloqueo de pantalla\u00bb y seleccionar \u00abNinguno\u00bb. <\/p>\n\n<p> Si durante el peritaje descubrimos que el producto tiene dicha opci\u00f3n activada, el producto le ser\u00e1 devuelto autom\u00e1ticamente sin que pueda reclamar ninguna compensaci\u00f3n al respecto. <\/p>\n\n<p> Si durante el peritaje descubrimos que el producto tiene dicha opci\u00f3n activada, el producto le ser\u00e1 devuelto autom\u00e1ticamente sin que pueda reclamar ninguna compensaci\u00f3n al respecto. <\/p>\n\n<p> Es responsabilidad suya retirar la tarjeta SIM del producto antes de su devoluci\u00f3n. <\/p>\n\n<p> De lo contrario, la tarjeta SIM no ser\u00e1 recuperable y nosotros o nuestros subcontratistas procederemos a la destrucci\u00f3n de la tarjeta por motivos de seguridad. En el caso de que la tarjeta SIM sea utilizada durante el transporte, usted reconoce y acepta expresamente que no podemos ser considerados responsables. <\/p>\n\n<p> Por favor, devuelva su producto con una copia de la factura. <\/p>\n\n<h4 class=\"wp-block-heading\">Garant\u00edas \u2013 Smartphones<\/h4>\n\n<p><strong><u><em> Garant\u00edas legales <\/em><\/u><\/strong><\/p>\n\n<p> Como consumidor, en las compras usted se beneficia de la garant\u00eda legal de conformidad con las condiciones expresadas en los art\u00edculos L. 217-4 y siguientes del C\u00f3digo franc\u00e9s de los Consumidores y de la garant\u00eda de da\u00f1os ocultos en las condiciones previstas en los art\u00edculos 1641 y siguientes del C\u00f3digo Civil franc\u00e9s. Estas garant\u00edas legales pueden ejercerse ante nosotros por correo electr\u00f3nico o por correo certificado con acuse de recibo. No obstante, estas garant\u00edas legales no ser\u00e1n aplicables si las compras se ajustan a las especificaciones del contrato pero resultan ser inadecuadas para sus necesidades debido a una mala evaluaci\u00f3n del producto por su parte. <\/p>\n\n<p> Cuando usted ejerce la garant\u00eda legal de conformidad: <\/p>\n\n<p> \u2013 dispone de un plazo de 2 a\u00f1os desde la entrega del bien para actuar; <\/p>\n\n<p> \u2013 puede elegir entre la reparaci\u00f3n o la sustituci\u00f3n del bien, seg\u00fan las condiciones de coste previstas en el art\u00edculo L. 217-9 del C\u00f3digo franc\u00e9s de los Consumidores; <\/p>\n\n<p> \u2013 est\u00e1 exento de aportar la prueba de la existencia de la no conformidad con el bien durante los veinticuatro (24) meses siguientes a su entrega (solo en el caso de equipos nuevos). <\/p>\n\n<p> Tras el acuse de recibo de su solicitud, usted deber\u00e1 devolver el producto defectuoso por correo en un plazo de 8 (ocho) d\u00edas h\u00e1biles. Si no es posible reparar y sustituir el producto defectuoso, le ofreceremos el reembolso de la totalidad del precio de compra, o bien, le entregaremos el producto defectuoso y le reembolsaremos la mitad de su precio de compra. Usted puede decidir aplicar la garant\u00eda contra da\u00f1os ocultos seg\u00fan el art\u00edculo 1641 del C\u00f3digo Civil franc\u00e9s. En este caso, podr\u00e1 elegir entre cancelar el pedido o reducir el precio de venta de acuerdo con el art\u00edculo 1644 del C\u00f3digo Civil franc\u00e9s. No se concede ninguna otra garant\u00eda de ning\u00fan tipo m\u00e1s all\u00e1 de las garant\u00edas previstas en este art\u00edculo. <\/p>\n\n<p><strong><u><em> Exclusiones de la garant\u00eda <\/em><\/u><\/strong><\/p>\n\n<p> Le recordamos que el producto dispone de la opci\u00f3n \u00abBloqueo de pantalla\u00bb. Si ha activado la funci\u00f3n \u00abBloqueo de pantalla\u00bb, el producto no podr\u00e1 ser sustituido ni reembolsado. Para comprobar si esta opci\u00f3n sigue activada y desactivarla, debe ir a \u00abAjustes\u00bb &gt; \u00abSeguridad\u00bb &gt; \u00abBloqueo de pantalla\u00bb y seleccionar \u00abNinguno\u00bb. <\/p>\n\n<p> Si durante el peritaje descubrimos que el producto tiene dicha opci\u00f3n activada, el producto le ser\u00e1 devuelto autom\u00e1ticamente sin que pueda reclamar ninguna compensaci\u00f3n al respecto. <\/p>\n\n<p> Queda excluida toda garant\u00eda en caso de: <\/p>\n\n<p> \u2013 da\u00f1os debidos a un accidente, a un uso indebido seg\u00fan lo previsto en la documentaci\u00f3n t\u00e9cnica disponible en la p\u00e1gina web del fabricante del producto, a un mal funcionamiento tras un intento de desbloqueo o a un mal mantenimiento del producto por parte del consumidor (como por ejemplo: suciedad, oxidaci\u00f3n, corrosi\u00f3n, etc.); <\/p>\n\n<p> \u2013 da\u00f1os producidos durante la instalaci\u00f3n o la apertura del producto; <\/p>\n\n<p> \u2013 da\u00f1os cuya causa sea externa al producto: instalaci\u00f3n incorrecta por su parte, negligencia, incendio, da\u00f1os por agua, etc. y, en general, todos los da\u00f1os causados a las partes externas del producto y cuyos da\u00f1os no afecten a su correcto funcionamiento; <\/p>\n\n<p> \u2013 ara\u00f1azos, rozaduras, rasgu\u00f1os, antes y\/o despu\u00e9s de la venta de los productos de segunda mano; <\/p>\n\n<p> \u2013 modificaci\u00f3n o reparaci\u00f3n del producto por su parte o por una entidad no aprobada por el fabricante; <\/p>\n\n<p> \u2013 realizar una actualizaci\u00f3n del sistema operativo no recomendada por el fabricante y que pueda da\u00f1ar permanentemente el producto; <\/p>\n\n<h4 class=\"wp-block-heading\">Responsabilidad de la empresa<\/h4>\n\n<p>Los productos que comercializamos a trav\u00e9s del sitio web cumplen con la legislaci\u00f3n francesa vigente y las normas aplicables en Francia. <\/p>\n\n<p> Usted reconoce y acepta expresamente que nosotros no somos responsables bajo ninguna circunstancia, en caso de que usted devuelva su tel\u00e9fono y se olvide de retirar la tarjeta SIM del producto. <\/p>\n\n<p> En lo que respecta a nuestros servicios de suscripci\u00f3n a la nube de pago, usted entiende y acepta de forma expl\u00edcita que el servicio no ser\u00e1 responsable de ning\u00fan da\u00f1o resultante del uso o de la imposibilidad de usar el servicio, del acceso no autorizado o de la alteraci\u00f3n de la transmisi\u00f3n de sus datos o de las declaraciones o la conducta de terceros en el servicio. <\/p>\n\n<h4 class=\"wp-block-heading\">Datos personales<\/h4>\n\n<p>Recabamos y utilizamos \u00fanicamente los datos personales necesarios para la celebraci\u00f3n y tramitaci\u00f3n del contrato de venta, es decir, su informaci\u00f3n personal (nombre, apellidos, direcciones, n\u00fameros de tel\u00e9fono), sus datos bancarios e informaci\u00f3n relacionada con la ejecuci\u00f3n del contrato (reclamaciones, impagos\u2026). <\/p>\n\n<p> Utilizamos sus datos personales para crear una cuenta de cliente, registrar y procesar el pedido, entregar los productos, comunicar las facturas, procesar sus solicitudes. <\/p>\n\n<p>Sus datos personales se almacenan en centros de datos ubicados en Francia y se conservan durante el tiempo necesario para lograr los fines mencionados anteriormente y no pueden ser comunicados a terceros. Puede ponerse en contacto con nosotros por correo electr\u00f3nico en <a href=\"mailto:store@murena.com\" target=\"_blank\" rel=\"noopener\">store@murena.com<\/a> para ejercer los derechos de acceso, rectificaci\u00f3n, supresi\u00f3n o transferencia de sus datos personales, as\u00ed como para limitar su utilizaci\u00f3n u oponerse a ella. Para m\u00e1s detalles, le invitamos a consultar nuestra pol\u00edtica de privacidad disponible en el sitio web.<\/p>\n\n<p> No tenemos los datos de su tarjeta de cr\u00e9dito, cuenta bancaria o cuenta de PayPal. Solo el proveedor de servicios bancarios tiene los datos de su(s) tarjeta(s) de cr\u00e9dito si ha pagado por este medio. Estos datos son conservados por el proveedor de servicios bancarios, en caso de litigio sobre una transacci\u00f3n, en archivos intermedios durante un per\u00edodo de 5 a\u00f1os. <\/p>\n\n<h4 class=\"wp-block-heading\">Derecho aplicable, mediaci\u00f3n y jurisdicci\u00f3n competente<\/h4>\n\n<p>Las presentes condiciones generales de venta se rigen por el derecho franc\u00e9s. Le proponemos resolver todos los litigios relativos a la validez, la interpretaci\u00f3n, la ejecuci\u00f3n, la rescisi\u00f3n, las consecuencias y el seguimiento del contrato a trav\u00e9s de un procedimiento de mediaci\u00f3n interno. <\/p>\n\n<p> En su defecto, si usted no desea seguir un procedimiento de mediaci\u00f3n o si la mediaci\u00f3n no tiene \u00e9xito, el litigio se someter\u00e1 a la jurisdicci\u00f3n exclusiva de los tribunales franceses competentes. <\/p>\n\n<p>***<\/p>\n\n<p>MURENA RETAIL SAS, con domicilio social en 31 Avenue de S\u00e9gur, Par\u00eds (75007), Francia, inscrita en el Registro Mercantil de Caen con el n\u00famero 883 789 398 <\/p>\n\n<p>Fecha: 20 de mayo de 2022<\/p>\n","protected":false},"excerpt":{"rendered":"<p>\u00c1mbito de aplicabilidad Los presentes T\u00e9rminos y Condiciones Generales de Uso son aplicables a todas&#8230;<\/p>\n","protected":false},"author":994,"featured_media":0,"parent":0,"menu_order":0,"comment_status":"closed","ping_status":"closed","template":"","meta":{"_seopress_robots_primary_cat":"","_seopress_titles_title":"T\u00e9rminos y Condiciones","_seopress_titles_desc":"Lea nuestros T\u00e9rminos y Condiciones. Estos T\u00e9rminos y Condiciones se aplican a todas las Ventas de Servicios o Productos celebradas entre Usted y MURENA RETAIL SAS.","_seopress_robots_index":"","footnotes":""},"class_list":["post-54938","page","type-page","status-publish","hentry","wpbf-post"],"_links":{"self":[{"href":"https:\/\/murenatest.com\/es\/wp-json\/wp\/v2\/pages\/54938","targetHints":{"allow":["GET"]}}],"collection":[{"href":"https:\/\/murenatest.com\/es\/wp-json\/wp\/v2\/pages"}],"about":[{"href":"https:\/\/murenatest.com\/es\/wp-json\/wp\/v2\/types\/page"}],"author":[{"embeddable":true,"href":"https:\/\/murenatest.com\/es\/wp-json\/wp\/v2\/users\/994"}],"replies":[{"embeddable":true,"href":"https:\/\/murenatest.com\/es\/wp-json\/wp\/v2\/comments?post=54938"}],"version-history":[{"count":14,"href":"https:\/\/murenatest.com\/es\/wp-json\/wp\/v2\/pages\/54938\/revisions"}],"predecessor-version":[{"id":100771,"href":"https:\/\/murenatest.com\/es\/wp-json\/wp\/v2\/pages\/54938\/revisions\/100771"}],"wp:attachment":[{"href":"https:\/\/murenatest.com\/es\/wp-json\/wp\/v2\/media?parent=54938"}],"curies":[{"name":"wp","href":"https:\/\/api.w.org\/{rel}","templated":true}]}}