{"id":83617,"date":"2023-08-22T16:01:44","date_gmt":"2023-08-22T14:01:44","guid":{"rendered":"https:\/\/murena.com\/?post_type=product&#038;p=83617"},"modified":"2026-04-27T13:02:37","modified_gmt":"2026-04-27T11:02:37","slug":"fairphone-5-displayschutz-mit-privacy-filter","status":"publish","type":"product","link":"https:\/\/murenatest.com\/de\/laden\/zubehoer\/fairphone-5-displayschutz-mit-privacy-filter\/","title":{"rendered":"Fairphone 5 Displayschutz mit Sichtschutzfilter"},"content":{"rendered":"","protected":false},"excerpt":{"rendered":"<p>Sch\u00fctzen Sie Ihr Telefon und gleichzeitig Ihre Privatsph\u00e4re!<\/p>\n<p>Dieser Displayschutz sorgt daf\u00fcr, dass Ihr Murena Fairphone 5 so lange wie m\u00f6glich h\u00e4lt und dass niemand einen Blick auf Ihr Display werfen kann. Super-Spionage-Gadget! <\/p>\n<p>Das 9H-geh\u00e4rtete Glas ist \u00e4u\u00dferst widerstandsf\u00e4hig, bietet eine hervorragende Kratzfestigkeit und sch\u00fctzt sogar vor St\u00fcrzen aus geringer H\u00f6he. Eine spezielle Oberfl\u00e4chenbeschichtung reduziert Fingerabdr\u00fccke, und die abgerundeten Kanten verleihen dem dezenten Design den letzten Schliff. <\/p>\n<p>Hergestellt aus Accessory Glass von Corning\u00ae.<\/p>\n<p>Kompatibel nur mit Murena Fairphone 5 | <strong>Inkompatibel<\/strong> mit Murena Fairphone 4, Fairphone 3+, Fairphone 3<\/p>\n","protected":false},"featured_media":56346,"comment_status":"open","ping_status":"closed","template":"","meta":{"_seopress_robots_primary_cat":"none","_seopress_titles_title":"Fairphone 5 Displayschutzfolie mit Sichtschutzfilter","_seopress_titles_desc":"Sch\u00fctzen Sie Ihr Telefon und gleichzeitig Ihre Privatsph\u00e4re!\n\nDieser Displayschutz sorgt daf\u00fcr, dass Ihr Murena Fairphone 5 so lange wie m\u00f6glich h\u00e4lt und dass niemand einen Blick auf Ihr Display werfen kann. Super-Spionage-Gadget! ","_seopress_robots_index":""},"product_brand":[],"product_cat":[454],"product_tag":[819],"class_list":{"0":"post-83617","1":"product","2":"type-product","3":"status-publish","4":"has-post-thumbnail","6":"product_cat-zubehoer","7":"product_tag-zubehor","8":"wpbf-post","11":"instock","12":"taxable","13":"shipping-taxable","14":"purchasable","15":"product-type-simple"},"bundled_by":[],"bundle_stock_status":"instock","bundle_stock_quantity":35,"bundle_virtual":false,"bundle_layout":"","bundle_add_to_cart_form_location":"","bundle_editable_in_cart":false,"bundle_sold_individually_context":"","bundle_item_grouping":"","bundle_min_size":"","bundle_max_size":"","bundle_price":[],"bundled_items":[],"bundle_sell_ids":[],"supplier_id":28948,"supplier_sku":"F5PRTC-1PF-WW1","barcode":null,"atum_controlled":true,"out_stock_date":null,"out_stock_threshold":null,"inheritable":false,"inbound_stock":0,"stock_on_hold":0,"sold_today":0,"sales_last_days":0,"reserved_stock":0,"customer_returns":0,"warehouse_damage":0,"lost_in_post":0,"other_logs":0,"out_stock_days":0,"lost_sales":0,"has_location":false,"update_date":"2026-05-17T07:14:09","atum_locations":[],"atum_stock_status":"instock","restock_status":false,"low_stock_amount":0,"sales_update_date":"2026-05-17T07:14:09","calc_backorders":null,"linked_bom":[],"sync_purchase_price":false,"bom_sellable":null,"minimum_threshold":null,"available_to_purchase":null,"selling_priority":null,"calculated_stock":null,"is_bom":false,"mi_inventories":[],"multi_inventory":"no","inventory_sorting_mode":"global","inventory_iteration":"global","expirable_inventories":"global","price_per_inventory":"global","show_write_off_inventories":"global","selectable_inventories":"global","selectable_inventories_mode":"global","_links":{"self":[{"href":"https:\/\/murenatest.com\/de\/wp-json\/wp\/v2\/product\/83617","targetHints":{"allow":["GET"]}}],"collection":[{"href":"https:\/\/murenatest.com\/de\/wp-json\/wp\/v2\/product"}],"about":[{"href":"https:\/\/murenatest.com\/de\/wp-json\/wp\/v2\/types\/product"}],"replies":[{"embeddable":true,"href":"https:\/\/murenatest.com\/de\/wp-json\/wp\/v2\/comments?post=83617"}],"wp:featuredmedia":[{"embeddable":true,"href":"https:\/\/murenatest.com\/de\/wp-json\/wp\/v2\/media\/56346"}],"wp:attachment":[{"href":"https:\/\/murenatest.com\/de\/wp-json\/wp\/v2\/media?parent=83617"}],"wp:term":[{"taxonomy":"product_brand","embeddable":true,"href":"https:\/\/murenatest.com\/de\/wp-json\/wp\/v2\/product_brand?post=83617"},{"taxonomy":"product_cat","embeddable":true,"href":"https:\/\/murenatest.com\/de\/wp-json\/wp\/v2\/product_cat?post=83617"},{"taxonomy":"product_tag","embeddable":true,"href":"https:\/\/murenatest.com\/de\/wp-json\/wp\/v2\/product_tag?post=83617"}],"curies":[{"name":"wp","href":"https:\/\/api.w.org\/{rel}","templated":true}]}}