{"id":83535,"date":"2023-08-21T21:43:25","date_gmt":"2023-08-21T19:43:25","guid":{"rendered":"https:\/\/murena.com\/?post_type=product&#038;p=83535"},"modified":"2026-04-27T13:06:13","modified_gmt":"2026-04-27T11:06:13","slug":"murena-fairphone-5","status":"publish","type":"product","link":"https:\/\/murenatest.com\/de\/laden\/smartphones\/brandneu\/murena-fairphone-5\/","title":{"rendered":"Murena Fairphone 5"},"content":{"rendered":"<p><br data-mce-bogus=\"1\"><\/p>\n","protected":false},"excerpt":{"rendered":"<p>Entdecken Sie das brandneue deGoogled Murena Fairphone 5!<\/p>\n<p>Das Murena Fairphone 5 \u00fcberzeugt mit noch mehr Leistung und Nachhaltigkeit \u2013 es vereint Datenschutz, Umweltbewusstsein und Geschwindigkeit in einem Ger\u00e4t! Mit dem Betriebssystem \/e\/OS sch\u00fctzt Ihr Telefon Sie jederzeit zuverl\u00e4ssig vor der dauerhaften Datensammlung durch Google. <\/p>\n<p>Vereinbaren Sie die Vorteile eines schnellen und nachhaltigen Ger\u00e4ts mit voller Kontrolle und Schutz Ihrer pers\u00f6nlichen Daten. <a href=\"https:\/\/murenatest.com\/de\/laden\/smartphones\/brandneu\/murena-fairphone-5\/#android-without-google\">Weitere Informationen  <\/a><\/p>\n<p>Das Murena Fairphone 5 ist darauf ausgelegt, so lange wie m\u00f6glich zu halten. Dank seines modularen und reparierbaren Designs k\u00f6nnen Sie bis zu acht Komponenten selbst reparieren und austauschen!<\/p>\n<p>Ausgestattet mit einem herausnehmbaren 4200-mAh-Akku begleitet Sie Ihr Telefon jederzeit zuverl\u00e4ssig \u2013 egal, wohin es geht. Halten Sie besondere Momente mit der 50-MP-Dual-R\u00fcckkamera und der 50-MP-Selfie-Kamera fest. Dank der IP55-Zertifizierung ist Ihr Murena Fairphone 5 zudem gegen Staub und Spritzwasser gesch\u00fctzt.   <a href=\"https:\/\/murenatest.com\/de\/laden\/smartphones\/brandneu\/murena-fairphone-5\/#tech-spec\">Weitere Informationen  <\/a><\/p>\n<p>Wenn Sie ein Smartphone wollen, das lange h\u00e4lt, Sie bereits 5G brauchen und Sie Ihre Privatsph\u00e4re sch\u00fctzen wollen, dann ist das Murena Fairphone 5 genau das Richtige f\u00fcr Sie!<\/p>\n<p dir=\"auto\" data-sourcepos=\"9:1-9:29\"><strong>Entwickelt f\u00fcr Sie. Fair produziert.<\/strong><\/p>\n","protected":false},"featured_media":108502,"comment_status":"open","ping_status":"closed","template":"","meta":{"_seopress_robots_primary_cat":"none","_seopress_titles_title":"Murena Fairphone 5","_seopress_titles_desc":"Entdecken Sie das brandneue deGoogled Murena Fairphone 5!\n\nDas Murena Fairphone 5 ist leistungsst\u00e4rker und nachhaltiger denn je \u2013 es verbindet Datenschutz, Umweltbewusstsein und Geschwindigkeit in einem Ger\u00e4t! Dank des Betriebssystems \/e\/OS sch\u00fctzt Ihr Telefon Sie jederzeit vor der st\u00e4ndigen Datensammlung durch Google. ","_seopress_robots_index":""},"product_brand":[],"product_cat":[455],"product_tag":[848,840,817,824,826,812,821],"class_list":{"0":"post-83535","1":"product","2":"type-product","3":"status-publish","4":"has-post-thumbnail","6":"product_cat-brandneu","7":"product_tag-128-256gb-de","8":"product_tag-5g-de","9":"product_tag-brandneu","10":"product_tag-dual-sim-de","11":"product_tag-erweiterte-garantie","12":"product_tag-herausnehmbarer-akku","13":"product_tag-netzbetreiber-freigeschaltet","14":"wpbf-post","17":"instock","18":"taxable","19":"shipping-taxable","20":"purchasable","21":"product-type-variable"},"bundled_by":["117219"],"bundle_stock_status":"instock","bundle_stock_quantity":null,"bundle_virtual":false,"bundle_layout":"","bundle_add_to_cart_form_location":"","bundle_editable_in_cart":false,"bundle_sold_individually_context":"","bundle_item_grouping":"","bundle_min_size":"","bundle_max_size":"","bundle_price":[],"bundled_items":[],"bundle_sell_ids":[],"supplier_id":null,"supplier_sku":"","barcode":null,"atum_controlled":true,"out_stock_date":null,"out_stock_threshold":null,"inheritable":true,"inbound_stock":100,"stock_on_hold":1,"sold_today":0,"sales_last_days":0,"reserved_stock":0,"customer_returns":0,"warehouse_damage":0,"lost_in_post":0,"other_logs":0,"out_stock_days":0,"lost_sales":0,"has_location":false,"update_date":"2026-05-17T07:14:23","atum_locations":[],"atum_stock_status":"instock","restock_status":false,"low_stock_amount":"","sales_update_date":"2026-05-17T07:14:23","calc_backorders":null,"linked_bom":[],"sync_purchase_price":false,"bom_sellable":null,"minimum_threshold":null,"available_to_purchase":null,"selling_priority":null,"calculated_stock":null,"is_bom":false,"mi_inventories":[],"multi_inventory":"no","inventory_sorting_mode":"global","inventory_iteration":"global","expirable_inventories":"global","price_per_inventory":"global","show_write_off_inventories":"global","selectable_inventories":"global","selectable_inventories_mode":"global","_links":{"self":[{"href":"https:\/\/murenatest.com\/de\/wp-json\/wp\/v2\/product\/83535","targetHints":{"allow":["GET"]}}],"collection":[{"href":"https:\/\/murenatest.com\/de\/wp-json\/wp\/v2\/product"}],"about":[{"href":"https:\/\/murenatest.com\/de\/wp-json\/wp\/v2\/types\/product"}],"replies":[{"embeddable":true,"href":"https:\/\/murenatest.com\/de\/wp-json\/wp\/v2\/comments?post=83535"}],"wp:featuredmedia":[{"embeddable":true,"href":"https:\/\/murenatest.com\/de\/wp-json\/wp\/v2\/media\/108502"}],"wp:attachment":[{"href":"https:\/\/murenatest.com\/de\/wp-json\/wp\/v2\/media?parent=83535"}],"wp:term":[{"taxonomy":"product_brand","embeddable":true,"href":"https:\/\/murenatest.com\/de\/wp-json\/wp\/v2\/product_brand?post=83535"},{"taxonomy":"product_cat","embeddable":true,"href":"https:\/\/murenatest.com\/de\/wp-json\/wp\/v2\/product_cat?post=83535"},{"taxonomy":"product_tag","embeddable":true,"href":"https:\/\/murenatest.com\/de\/wp-json\/wp\/v2\/product_tag?post=83535"}],"curies":[{"name":"wp","href":"https:\/\/api.w.org\/{rel}","templated":true}]}}