{"id":78365,"date":"2023-04-26T20:10:52","date_gmt":"2023-04-26T18:10:52","guid":{"rendered":"https:\/\/murena.com\/shop\/unkategorisiert\/fairbuds-xl-kopfhoerer\/"},"modified":"2026-04-27T13:00:30","modified_gmt":"2026-04-27T11:00:30","slug":"fairbuds-xl-kopfhoerer","status":"publish","type":"product","link":"https:\/\/murenatest.com\/de\/laden\/audio-de\/fairbuds-xl-kopfhoerer\/","title":{"rendered":"Fairbuds XL-Kopfh\u00f6rer"},"content":{"rendered":"<p>Technische Daten<\/p>\n<table style=\"border-collapse: collapse; width: 70.0916%; height: 201px;\">\n<tbody>\n<tr style=\"height: 37px;\">\n<td style=\"width: 26.5789%; height: 33px;\"><strong>Allgemein<\/strong><\/td>\n<td style=\"width: 23.5434%; height: 33px;\"><\/td>\n<\/tr>\n<tr style=\"height: 24px;\">\n<td style=\"width: 26.5789%; height: 24px;\">Kopfh\u00f6rer-Typ<\/td>\n<td style=\"width: 23.5434%; height: 24px;\">Over-Ear, geschlossene R\u00fcckseite<\/td>\n<\/tr>\n<tr style=\"height: 24px;\">\n<td style=\"width: 26.5789%; height: 24px;\">Gr\u00f6\u00dfe<\/td>\n<td style=\"width: 23.5434%; height: 24px;\">190 x 180 x 70 mm (aufgeklappt)<\/td>\n<\/tr>\n<tr style=\"height: 24px;\">\n<td style=\"width: 26.5789%; height: 24px;\"><\/td>\n<td style=\"width: 23.5434%; height: 24px;\">140 x 180 x 70 mm (zugeklappt)<\/td>\n<\/tr>\n<tr style=\"height: 24px;\">\n<td style=\"width: 26.5789%; height: 24px;\">Farbe<\/td>\n<td style=\"width: 23.5434%; height: 24px;\">Schwarz, Gr\u00fcn<\/td>\n<\/tr>\n<tr style=\"height: 24px;\">\n<td style=\"width: 26.5789%; height: 24px;\">Gewicht<\/td>\n<td style=\"width: 23.5434%; height: 24px;\">330 g<\/td>\n<\/tr>\n<tr style=\"height: 24px;\">\n<td style=\"width: 26.5789%; height: 24px;\">Wasserdichte<\/td>\n<td style=\"width: 23.5434%; height: 24px;\">IP54<\/td>\n<\/tr>\n<tr style=\"height: 24px;\">\n<td style=\"width: 26.5789%; height: 24px;\">Steuerung<\/td>\n<td style=\"width: 23.5434%; height: 24px;\">Joystick &amp; ANC-Taste<\/td>\n<\/tr>\n<\/tbody>\n<\/table>\n<table style=\"border-collapse: collapse; width: 70.2341%; height: 153px;\">\n<tbody>\n<tr style=\"height: 63px;\">\n<td style=\"width: 17.638%; height: 33px;\"><strong>Ton<\/strong><\/td>\n<td style=\"width: 15.6479%; height: 33px;\"><\/td>\n<\/tr>\n<tr style=\"height: 24px;\">\n<td style=\"width: 17.638%; height: 24px;\">Durchmesser des Treibers<\/td>\n<td style=\"width: 15.6479%; height: 24px;\">40 mm<\/td>\n<\/tr>\n<tr style=\"height: 24px;\">\n<td style=\"width: 17.638%; height: 24px;\">Treiber Typ<\/td>\n<td style=\"width: 15.6479%; height: 24px;\">Dynamisch<\/td>\n<\/tr>\n<tr style=\"height: 24px;\">\n<td style=\"width: 17.638%; height: 24px;\">Frequenzgang<\/td>\n<td style=\"width: 15.6479%; height: 24px;\">20 Hz &#8211; 20 KHz<\/td>\n<\/tr>\n<tr style=\"height: 24px;\">\n<td style=\"width: 17.638%; height: 24px;\">Empfindlichkeit<\/td>\n<td style=\"width: 15.6479%; height: 24px;\">99 \u00b1 2 dB bei 1 KHZ<\/td>\n<\/tr>\n<tr style=\"height: 24px;\">\n<td style=\"width: 17.638%; height: 24px;\">Treiber Impedanz<\/td>\n<td style=\"width: 15.6479%; height: 24px;\">32 \u03a9<\/td>\n<\/tr>\n<\/tbody>\n<\/table>\n<table style=\"border-collapse: collapse; width: 70.2538%; height: 99px;\">\n<tbody>\n<tr style=\"height: 27px;\">\n<td style=\"width: 37.9549%; height: 27px;\"><strong>Ger\u00e4uschunterdr\u00fcckung<\/strong><\/td>\n<td style=\"width: 33.9894%; height: 27px;\"><\/td>\n<\/tr>\n<tr style=\"height: 24px;\">\n<td style=\"width: 37.9549%; height: 24px;\">Aktive Ger\u00e4uschunterdr\u00fcckung<\/td>\n<td style=\"width: 33.9894%; height: 24px;\">Ja<\/td>\n<\/tr>\n<tr style=\"height: 24px;\">\n<td style=\"width: 37.9549%; height: 24px;\">Modus f\u00fcr Umgebungsger\u00e4usche<\/td>\n<td style=\"width: 33.9894%; height: 24px;\">Ja<\/td>\n<\/tr>\n<tr style=\"height: 24px;\">\n<td style=\"width: 37.9549%; height: 24px;\">Besondere Merkmale<\/td>\n<td style=\"width: 33.9894%; height: 24px;\">Hybrides ANC<\/td>\n<\/tr>\n<\/tbody>\n<\/table>\n<table style=\"border-collapse: collapse; width: 70.3704%; height: 174px;\">\n<tbody>\n<tr style=\"height: 26px;\">\n<td style=\"width: 36.8875%; height: 30px;\"><strong>Akku<\/strong><\/td>\n<td style=\"width: 33.1549%; height: 30px;\"><\/td>\n<\/tr>\n<tr style=\"height: 24px;\">\n<td style=\"width: 36.8875%; height: 24px;\">Akkulaufzeit<\/td>\n<td style=\"width: 33.1549%; height: 24px;\">Gespr\u00e4chs-\/Musikzeit: \u2265 <span style=\"font-family: inherit; font-size: inherit;\">26 h (ANC eingeschaltet)<\/span><\/td>\n<\/tr>\n<tr style=\"height: 24px;\">\n<td style=\"width: 36.8875%; height: 24px;\">(Gespr\u00e4chs- oder Musikzeit bei 80 % Lautst\u00e4rkepegel)<\/td>\n<td style=\"width: 33.1549%; height: 24px;\">Gespr\u00e4chs-\/Musikzeit: \u2265 30<span style=\"font-family: inherit; font-size: inherit;\"> h (ANC aus)<\/span><\/td>\n<\/tr>\n<tr style=\"height: 24px;\">\n<td style=\"width: 36.8875%; height: 24px;\">Standby-Zeit<\/td>\n<td style=\"width: 33.1549%; height: 24px;\">320 h<\/td>\n<\/tr>\n<tr style=\"height: 24px;\">\n<td style=\"width: 36.8875%; height: 24px;\">Aufladezeit<\/td>\n<td style=\"width: 33.1549%; height: 24px;\">\u2264 3 <span style=\"font-family: inherit; font-size: inherit;\">h<\/span><\/td>\n<\/tr>\n<tr style=\"height: 24px;\">\n<td style=\"width: 36.8875%; height: 24px;\">Akku-Kapazit\u00e4t<\/td>\n<td style=\"width: 33.1549%; height: 24px;\">800 mAh<\/td>\n<\/tr>\n<tr style=\"height: 24px;\">\n<td style=\"width: 36.8875%; height: 24px;\">Kabelloses Aufladen<\/td>\n<td style=\"width: 33.1549%; height: 24px;\">Nein<\/td>\n<\/tr>\n<\/tbody>\n<\/table>\n<table style=\"border-collapse: collapse; width: 74.1507%; height: 272px;\">\n<tbody>\n<tr style=\"height: 29px;\">\n<td style=\"width: 36.1125%; height: 32px;\"><strong>Konnektivit\u00e4t<\/strong><\/td>\n<td style=\"width: 36.2217%; height: 32px;\"><\/td>\n<\/tr>\n<tr style=\"height: 24px;\">\n<td style=\"width: 36.1125%; height: 24px;\">Bluetooth<\/td>\n<td style=\"width: 36.2217%; height: 24px;\">Version 5.1<\/td>\n<\/tr>\n<tr style=\"height: 24px;\">\n<td style=\"width: 36.1125%; height: 24px;\">Multi-Point-Verbindung<\/td>\n<td style=\"width: 36.2217%; height: 24px;\">Zweifach<\/td>\n<\/tr>\n<tr style=\"height: 24px;\">\n<td style=\"width: 36.1125%; height: 24px;\">Profile<\/td>\n<td style=\"width: 36.2217%; height: 24px;\">A2DP V1.3.2, AVRCP V1.6.2, GAVPD V1.3,<\/td>\n<\/tr>\n<tr style=\"height: 24px;\">\n<td style=\"width: 36.1125%; height: 24px;\"><\/td>\n<td style=\"width: 36.2217%; height: 24px;\">HFP V1.7.2, HSP V1.2<\/td>\n<\/tr>\n<tr style=\"height: 24px;\">\n<td style=\"width: 36.1125%; height: 24px;\">Codec<\/td>\n<td style=\"width: 36.2217%; height: 24px;\">AAC \/ SBC \/ APTX HD<\/td>\n<\/tr>\n<tr style=\"height: 24px;\">\n<td style=\"width: 36.1125%; height: 24px;\">Bluetooth-Reichweite (Sichtverbindung)<\/td>\n<td style=\"width: 36.2217%; height: 24px;\">10 m<\/td>\n<\/tr>\n<tr style=\"height: 24px;\">\n<td style=\"width: 36.1125%; height: 24px;\">Ports<\/td>\n<td style=\"width: 36.2217%; height: 24px;\">USB-C (Laden und analoge Musik)<\/td>\n<\/tr>\n<tr style=\"height: 24px;\">\n<td style=\"width: 36.1125%; height: 24px;\">Kabel (nicht enthalten)<\/td>\n<td style=\"width: 36.2217%; height: 24px;\">USB Typ-C (USB 2.0\/3.0\/3.2)<\/td>\n<\/tr>\n<tr style=\"height: 24px;\">\n<td style=\"width: 36.1125%; height: 24px;\">Mikrofon<\/td>\n<td style=\"width: 36.2217%; height: 24px;\">Insgesamt 6 Mikrofone: 2 links, 4 rechts<\/td>\n<\/tr>\n<tr style=\"height: 24px;\">\n<td style=\"width: 36.1125%; height: 24px;\">Intelligente Assistenten<\/td>\n<td style=\"width: 36.2217%; height: 24px;\">Google Assistant, Amazon Alexa, Apple Siri<\/td>\n<\/tr>\n<\/tbody>\n<\/table>\n<table style=\"border-collapse: collapse; width: 74.3056%; height: 249px;\">\n<tbody>\n<tr style=\"height: 28px;\">\n<td style=\"width: 37.037%; height: 33px;\"><strong>Nachhaltigkeit<\/strong><\/td>\n<td style=\"width: 37.2686%; height: 33px;\"><\/td>\n<\/tr>\n<tr style=\"height: 24px;\">\n<td style=\"width: 37.037%; height: 24px;\">Leder<\/td>\n<td style=\"width: 37.2686%; height: 24px;\">100% Veganes Leder<\/td>\n<\/tr>\n<tr style=\"height: 24px;\">\n<td style=\"width: 37.037%; height: 24px;\"><\/td>\n<td style=\"width: 37.2686%; height: 24px;\">Auf Ohrpolster &amp; Kopfband<\/td>\n<\/tr>\n<tr style=\"height: 24px;\">\n<td style=\"width: 37.037%; height: 24px;\">Metalle<\/td>\n<td style=\"width: 37.2686%; height: 24px;\">100% recyceltes Aluminium<\/td>\n<\/tr>\n<tr style=\"height: 24px;\">\n<td style=\"width: 37.037%; height: 24px;\"><\/td>\n<td style=\"width: 37.2686%; height: 24px;\">100% recyceltes Zinn in L\u00f6tpaste<\/td>\n<\/tr>\n<tr style=\"height: 24px;\">\n<td style=\"width: 37.037%; height: 24px;\">Kunststoffe<\/td>\n<td style=\"width: 37.2686%; height: 24px;\">&gt; 80% recycelte Kunststoffe<\/td>\n<\/tr>\n<tr style=\"height: 24px;\">\n<td style=\"width: 37.037%; height: 24px;\">Fair gef\u00f6rderte Materialien<\/td>\n<td style=\"width: 37.2686%; height: 24px;\">100% Fairtrade-Gold<\/td>\n<\/tr>\n<tr style=\"height: 24px;\">\n<td style=\"width: 37.037%; height: 24px;\">Textilien<\/td>\n<td style=\"width: 37.2686%; height: 24px;\">Reisetasche aus recycelten Stoffen<\/td>\n<\/tr>\n<tr style=\"height: 24px;\">\n<td style=\"width: 37.037%; height: 24px;\">Langlebigkeit<\/td>\n<td style=\"width: 37.2686%; height: 24px;\">Modulares und reparierbares Design<\/td>\n<\/tr>\n<tr style=\"height: 24px;\">\n<td style=\"width: 37.037%; height: 24px;\">Faire Arbeitsbedingungen Klimabewusst<\/td>\n<td style=\"width: 37.2686%; height: 24px;\">Ja<\/td>\n<\/tr>\n<\/tbody>\n<\/table>\n","protected":false},"excerpt":{"rendered":"<p>F\u00fcr alle, die Musik in bester Qualit\u00e4t h\u00f6ren und dabei auf Reparierbarkeit und Nachhaltigkeit setzen: Der Fairbuds XL ist wie gemacht f\u00fcr Sie.<\/p>\n<p>Diese kabellosen Kopfh\u00f6rer bieten Ihnen dank aktiver Ger\u00e4uschunterdr\u00fcckung ein umfassendes Klangerlebnis.<\/p>\n<p>Mit dem langlebigen Akku k\u00f6nnen Sie stundenlang Musik genie\u00dfen.<\/p>\n<p>Fairbuds XL wird aus fairen und recycelten Materialien hergestellt. Sie k\u00f6nnen bis zu 9 verschiedene Teile des Kopfh\u00f6rers reparieren und auswechseln, z. B. die Ohrpolster, den Kopfb\u00fcgel, die Batterie und so weiter.<\/p>\n<p>Dieses Produkt ist in den Farben Schwarz und Gr\u00fcn erh\u00e4ltlich.<\/p>\n","protected":false},"featured_media":115906,"comment_status":"open","ping_status":"closed","template":"","meta":{"_seopress_robots_primary_cat":"none","_seopress_titles_title":"","_seopress_titles_desc":"","_seopress_robots_index":""},"product_brand":[],"product_cat":[983],"product_tag":[],"class_list":{"0":"post-78365","1":"product","2":"type-product","3":"status-publish","4":"has-post-thumbnail","6":"product_cat-audio-de","7":"wpbf-post","10":"instock","11":"taxable","12":"shipping-taxable","13":"purchasable","14":"product-type-variable"},"bundled_by":[],"bundle_stock_status":"instock","bundle_stock_quantity":null,"bundle_virtual":false,"bundle_layout":"","bundle_add_to_cart_form_location":"","bundle_editable_in_cart":false,"bundle_sold_individually_context":"","bundle_item_grouping":"","bundle_min_size":"","bundle_max_size":"","bundle_price":[],"bundled_items":[],"bundle_sell_ids":[],"supplier_id":null,"supplier_sku":"","barcode":null,"atum_controlled":true,"out_stock_date":null,"out_stock_threshold":null,"inheritable":true,"inbound_stock":0,"stock_on_hold":0,"sold_today":0,"sales_last_days":0,"reserved_stock":20,"customer_returns":0,"warehouse_damage":0,"lost_in_post":0,"other_logs":0,"out_stock_days":0,"lost_sales":0,"has_location":false,"update_date":"2026-05-17T07:14:09","atum_locations":[],"atum_stock_status":"instock","restock_status":false,"low_stock_amount":"","sales_update_date":"2026-05-17T07:14:09","calc_backorders":null,"linked_bom":[],"sync_purchase_price":false,"bom_sellable":null,"minimum_threshold":null,"available_to_purchase":null,"selling_priority":null,"calculated_stock":null,"is_bom":false,"mi_inventories":[],"multi_inventory":"no","inventory_sorting_mode":"global","inventory_iteration":"global","expirable_inventories":"global","price_per_inventory":"global","show_write_off_inventories":"global","selectable_inventories":"global","selectable_inventories_mode":"global","_links":{"self":[{"href":"https:\/\/murenatest.com\/de\/wp-json\/wp\/v2\/product\/78365","targetHints":{"allow":["GET"]}}],"collection":[{"href":"https:\/\/murenatest.com\/de\/wp-json\/wp\/v2\/product"}],"about":[{"href":"https:\/\/murenatest.com\/de\/wp-json\/wp\/v2\/types\/product"}],"replies":[{"embeddable":true,"href":"https:\/\/murenatest.com\/de\/wp-json\/wp\/v2\/comments?post=78365"}],"wp:featuredmedia":[{"embeddable":true,"href":"https:\/\/murenatest.com\/de\/wp-json\/wp\/v2\/media\/115906"}],"wp:attachment":[{"href":"https:\/\/murenatest.com\/de\/wp-json\/wp\/v2\/media?parent=78365"}],"wp:term":[{"taxonomy":"product_brand","embeddable":true,"href":"https:\/\/murenatest.com\/de\/wp-json\/wp\/v2\/product_brand?post=78365"},{"taxonomy":"product_cat","embeddable":true,"href":"https:\/\/murenatest.com\/de\/wp-json\/wp\/v2\/product_cat?post=78365"},{"taxonomy":"product_tag","embeddable":true,"href":"https:\/\/murenatest.com\/de\/wp-json\/wp\/v2\/product_tag?post=78365"}],"curies":[{"name":"wp","href":"https:\/\/api.w.org\/{rel}","templated":true}]}}