{"id":77557,"date":"2023-04-11T16:59:17","date_gmt":"2023-04-11T14:59:17","guid":{"rendered":"https:\/\/murena.com\/shop\/unkategorisiert\/77557\/"},"modified":"2026-04-27T13:00:13","modified_gmt":"2026-04-27T11:00:13","slug":"murena-pixel-5-wiederaufbereiteten","status":"publish","type":"product","link":"https:\/\/murenatest.com\/de\/laden\/smartphones\/refurbished\/murena-pixel-5-wiederaufbereiteten\/","title":{"rendered":"Murena Pixel 5 &#8211; Refurbished"},"content":{"rendered":"","protected":false},"excerpt":{"rendered":"<p>Erleben Sie Datenschutz auf h\u00f6chstem Niveau mit dem Murena Pixel 5. Angetrieben vom revolution\u00e4ren \/e\/OS-Betriebssystem ist dieses Ger\u00e4t Ihr Schutzschild gegen die st\u00e4ndige Datenerfassung durch Google. Genie\u00dfen Sie die Vorteile eines smarten Ger\u00e4ts \u2013 ganz ohne \u00dcberwachung \u2013 und gewinnen Sie die Kontrolle \u00fcber Ihre pers\u00f6nlichen Daten zur\u00fcck.   <a href=\"https:\/\/murenatest.com\/de\/laden\/smartphones\/refurbished\/murena-pixel-5-wiederaufbereiteten\/#android-without-google\">Mehr lesen<\/a><\/p>\n<p>Das kompakte und dennoch leistungsstarke Murena Pixel 5 verf\u00fcgt \u00fcber ein 6-Zoll-OLED-Display, einen Qualcomm Snapdragon 765G-Prozessor und 8 GB RAM. Dies sorgt f\u00fcr eine schnelle Leistung und atemberaubende Grafik, die jede Aufgabe zu einem Kinderspiel macht. Halten Sie die Momente des Lebens mit einer 12,2-MP-R\u00fcck- und einer 8-MP-Frontkamera fest, und speichern Sie sie alle mit 128 GB Speicherplatz. Dank der IP68-Zertifizierung ist es staub- und wasserdicht, und der 4080-mAh-Akku bringt Sie zuverl\u00e4ssig durch den Tag.    <a href=\"https:\/\/murenatest.com\/de\/laden\/smartphones\/refurbished\/murena-pixel-5-wiederaufbereiteten\/#tech-spec\">Mehr lesen<\/a><\/p>\n<p>Entscheiden Sie sich f\u00fcr das Murena Pixel 5 \u2013 mehr als nur ein leistungsstarkes 5G-Smartphone: Es ist ein klares Statement f\u00fcr den Schutz Ihrer pers\u00f6nlichen Daten, ohne auf Komfort und Leistung eines Top-Ger\u00e4ts zu verzichten.<\/p>\n<p>Alle unsere refurbished Handies sind Premium-Refurbished der Kategorie A+.<\/p>\n","protected":false},"featured_media":105983,"comment_status":"open","ping_status":"closed","template":"","meta":{"_seopress_robots_primary_cat":"none","_seopress_titles_title":"Murena Pixel 5 - Refurbished","_seopress_titles_desc":"Erleben Sie Datenschutz auf h\u00f6chstem Niveau mit dem Murena Pixel 5. Angetrieben vom revolution\u00e4ren \/e\/OS-Betriebssystem ist dieses Ger\u00e4t Ihr Schutzschild gegen die st\u00e4ndige Datenerfassung durch Google. Genie\u00dfen Sie die Vorteile eines smarten Ger\u00e4ts \u2013 ganz ohne \u00dcberwachung \u2013 und gewinnen Sie die Kontrolle \u00fcber Ihre pers\u00f6nlichen Daten zur\u00fcck.  ","_seopress_robots_index":""},"product_brand":[],"product_cat":[554],"product_tag":[829,845,837,840,824,821,810,815],"class_list":{"0":"post-77557","1":"product","2":"type-product","3":"status-publish","4":"has-post-thumbnail","6":"product_cat-refurbished","7":"product_tag-1-jahre-garantie","8":"product_tag-128-gb-de","9":"product_tag-4g-lte-de","10":"product_tag-5g-de","11":"product_tag-dual-sim-de","12":"product_tag-netzbetreiber-freigeschaltet","13":"product_tag-nicht-austauschbare-batterie","14":"product_tag-wiederaufbereiteten","15":"wpbf-post","18":"outofstock","19":"taxable","20":"shipping-taxable","21":"purchasable","22":"product-type-simple"},"bundled_by":[],"bundle_stock_status":"outofstock","bundle_stock_quantity":0,"bundle_virtual":false,"bundle_layout":"","bundle_add_to_cart_form_location":"","bundle_editable_in_cart":false,"bundle_sold_individually_context":"","bundle_item_grouping":"","bundle_min_size":"","bundle_max_size":"","bundle_price":[],"bundled_items":[],"bundle_sell_ids":[],"supplier_id":40487,"supplier_sku":"Pixel 5 worldwide","barcode":null,"atum_controlled":true,"out_stock_date":"2025-05-08 22:23:17","out_stock_threshold":null,"inheritable":false,"inbound_stock":0,"stock_on_hold":0,"sold_today":0,"sales_last_days":0,"reserved_stock":0,"customer_returns":0,"warehouse_damage":0,"lost_in_post":0,"other_logs":0,"out_stock_days":373,"lost_sales":0,"has_location":false,"update_date":"2026-05-17T07:14:05","atum_locations":[],"atum_stock_status":"outofstock","restock_status":false,"low_stock_amount":"","sales_update_date":"2026-05-17T07:14:05","calc_backorders":null,"linked_bom":[{"bom_id":52143,"bom_type":"raw_material","qty":1,"measure_unit":null},{"bom_id":52146,"bom_type":"raw_material","qty":1,"measure_unit":null},{"bom_id":52819,"bom_type":"raw_material","qty":1,"measure_unit":null},{"bom_id":56686,"bom_type":"raw_material","qty":1,"measure_unit":null},{"bom_id":56694,"bom_type":"raw_material","qty":1,"measure_unit":null},{"bom_id":65543,"bom_type":"raw_material","qty":1,"measure_unit":null},{"bom_id":77266,"bom_type":"product_part","qty":1,"measure_unit":null}],"sync_purchase_price":false,"bom_sellable":null,"minimum_threshold":null,"available_to_purchase":null,"selling_priority":null,"calculated_stock":null,"is_bom":false,"mi_inventories":[],"multi_inventory":"no","inventory_sorting_mode":"global","inventory_iteration":"global","expirable_inventories":"global","price_per_inventory":"global","show_write_off_inventories":"global","selectable_inventories":"global","selectable_inventories_mode":"global","_links":{"self":[{"href":"https:\/\/murenatest.com\/de\/wp-json\/wp\/v2\/product\/77557","targetHints":{"allow":["GET"]}}],"collection":[{"href":"https:\/\/murenatest.com\/de\/wp-json\/wp\/v2\/product"}],"about":[{"href":"https:\/\/murenatest.com\/de\/wp-json\/wp\/v2\/types\/product"}],"replies":[{"embeddable":true,"href":"https:\/\/murenatest.com\/de\/wp-json\/wp\/v2\/comments?post=77557"}],"wp:featuredmedia":[{"embeddable":true,"href":"https:\/\/murenatest.com\/de\/wp-json\/wp\/v2\/media\/105983"}],"wp:attachment":[{"href":"https:\/\/murenatest.com\/de\/wp-json\/wp\/v2\/media?parent=77557"}],"wp:term":[{"taxonomy":"product_brand","embeddable":true,"href":"https:\/\/murenatest.com\/de\/wp-json\/wp\/v2\/product_brand?post=77557"},{"taxonomy":"product_cat","embeddable":true,"href":"https:\/\/murenatest.com\/de\/wp-json\/wp\/v2\/product_cat?post=77557"},{"taxonomy":"product_tag","embeddable":true,"href":"https:\/\/murenatest.com\/de\/wp-json\/wp\/v2\/product_tag?post=77557"}],"curies":[{"name":"wp","href":"https:\/\/api.w.org\/{rel}","templated":true}]}}