{"id":113799,"date":"2025-01-15T20:10:09","date_gmt":"2025-01-15T19:10:09","guid":{"rendered":"https:\/\/murena.com\/?post_type=product&#038;p=113799"},"modified":"2026-04-27T13:08:25","modified_gmt":"2026-04-27T11:08:25","slug":"murena-pixel-8","status":"publish","type":"product","link":"https:\/\/murenatest.com\/de\/laden\/smartphones\/brandneu\/murena-pixel-8\/","title":{"rendered":"Murena Pixel 8"},"content":{"rendered":"","protected":false},"excerpt":{"rendered":"<p>Nutzen Sie das Murena Pixel 8 \u2013 mit voller Kontrolle \u00fcber Ihre Daten.<\/p>\n<p>Dank des datenschutzfreundlichen Betriebssystems \/e\/OS bleiben Ihre pers\u00f6nlichen Informationen vor Googles Datenerfassung gesch\u00fctzt. Erleben Sie alle Vorteile des brandneuen Google Pixel 8, aber mit vollst\u00e4ndiger Kontrolle \u00fcber Ihre pers\u00f6nlichen Daten. <a href=\"https:\/\/murenatest.com\/de\/laden\/smartphones\/brandneu\/murena-pixel-8\/#android-without-google\"><span style=\"text-decoration: underline\">Lesen Sie mehr<\/span><\/a><\/p>\n<p>Das Kamerasystem verf\u00fcgt \u00fcber einen 50-MP-Hauptsensor und ein 12-MP-Ultraweitwinkelobjektiv und bietet eine au\u00dfergew\u00f6hnliche Foto- und Videoqualit\u00e4t. Das Murena Pixel 8 ist nach IP68 wasser- und staubgesch\u00fctzt und verf\u00fcgt \u00fcber einen 4.575-mAh-Akku, der f\u00fcr die ganzt\u00e4gige Nutzung ausgelegt ist und daf\u00fcr sorgt, dass Sie von morgens bis abends in Verbindung bleiben. Es unterst\u00fctzt kabelgebundenes Schnellladen und bis zu 18 W. <a href=\"https:\/\/murenatest.com\/de\/laden\/smartphones\/brandneu\/murena-pixel-8\/#tech-spec\"><span style=\"text-decoration: underline\">Mehr lesen<\/span><\/a><\/p>\n<p>Entscheiden Sie sich f\u00fcr das Murena Pixel 8: ein leistungsstarkes Telefon mit erstklassigen Funktionen und vollst\u00e4ndiger Kontrolle \u00fcber Ihre Privatsph\u00e4re ohne Kompromisse.<\/p>\n<p>Hinweis: Der unten angegebene Betrag enth\u00e4lt alle Steuern und Zollgeb\u00fchren f\u00fcr Ihr Land.<\/p>\n","protected":false},"featured_media":114194,"comment_status":"open","ping_status":"closed","template":"","meta":{"_seopress_robots_primary_cat":"none","_seopress_titles_title":"Murena Pixel 8","_seopress_titles_desc":"Angetrieben von \/e\/OS, ist das Murena Pixel 8 ein leistungsstarkes Telefon, das Ihnen die vollst\u00e4ndige Kontrolle \u00fcber den Schutz Ihrer Daten erm\u00f6glicht, ohne Kompromisse!","_seopress_robots_index":""},"product_brand":[],"product_cat":[455],"product_tag":[845,832,837,840,479,824,821],"class_list":{"0":"post-113799","1":"product","2":"type-product","3":"status-publish","4":"has-post-thumbnail","6":"product_cat-brandneu","7":"product_tag-128-gb-de","8":"product_tag-2-jahre-garantie","9":"product_tag-4g-lte-de","10":"product_tag-5g-de","11":"product_tag-brand-new-phone-de","12":"product_tag-dual-sim-de","13":"product_tag-netzbetreiber-freigeschaltet","14":"wpbf-post","17":"instock","18":"taxable","19":"shipping-taxable","20":"purchasable","21":"product-type-variable","22":"has-default-attributes"},"bundled_by":[],"bundle_stock_status":"instock","bundle_stock_quantity":1,"bundle_virtual":false,"bundle_layout":"","bundle_add_to_cart_form_location":"","bundle_editable_in_cart":false,"bundle_sold_individually_context":"","bundle_item_grouping":"","bundle_min_size":"","bundle_max_size":"","bundle_price":[],"bundled_items":[],"bundle_sell_ids":[],"supplier_id":null,"supplier_sku":"","barcode":null,"atum_controlled":true,"out_stock_date":null,"out_stock_threshold":null,"inheritable":true,"inbound_stock":67,"stock_on_hold":0,"sold_today":0,"sales_last_days":0,"reserved_stock":0,"customer_returns":0,"warehouse_damage":0,"lost_in_post":0,"other_logs":0,"out_stock_days":0,"lost_sales":0,"has_location":false,"update_date":"2026-05-17T07:14:28","atum_locations":[],"atum_stock_status":"instock","restock_status":false,"low_stock_amount":"","sales_update_date":"2026-05-17T07:14:28","calc_backorders":0,"linked_bom":[],"sync_purchase_price":false,"bom_sellable":null,"minimum_threshold":null,"available_to_purchase":null,"selling_priority":null,"calculated_stock":null,"is_bom":false,"mi_inventories":[],"multi_inventory":"no","inventory_sorting_mode":"global","inventory_iteration":"global","expirable_inventories":"global","price_per_inventory":"global","show_write_off_inventories":"global","selectable_inventories":"global","selectable_inventories_mode":"global","_links":{"self":[{"href":"https:\/\/murenatest.com\/de\/wp-json\/wp\/v2\/product\/113799","targetHints":{"allow":["GET"]}}],"collection":[{"href":"https:\/\/murenatest.com\/de\/wp-json\/wp\/v2\/product"}],"about":[{"href":"https:\/\/murenatest.com\/de\/wp-json\/wp\/v2\/types\/product"}],"replies":[{"embeddable":true,"href":"https:\/\/murenatest.com\/de\/wp-json\/wp\/v2\/comments?post=113799"}],"wp:featuredmedia":[{"embeddable":true,"href":"https:\/\/murenatest.com\/de\/wp-json\/wp\/v2\/media\/114194"}],"wp:attachment":[{"href":"https:\/\/murenatest.com\/de\/wp-json\/wp\/v2\/media?parent=113799"}],"wp:term":[{"taxonomy":"product_brand","embeddable":true,"href":"https:\/\/murenatest.com\/de\/wp-json\/wp\/v2\/product_brand?post=113799"},{"taxonomy":"product_cat","embeddable":true,"href":"https:\/\/murenatest.com\/de\/wp-json\/wp\/v2\/product_cat?post=113799"},{"taxonomy":"product_tag","embeddable":true,"href":"https:\/\/murenatest.com\/de\/wp-json\/wp\/v2\/product_tag?post=113799"}],"curies":[{"name":"wp","href":"https:\/\/api.w.org\/{rel}","templated":true}]}}