{"id":112125,"date":"2024-12-03T18:31:51","date_gmt":"2024-12-03T17:31:51","guid":{"rendered":"https:\/\/murena.com\/shop\/unkategorisiert\/murena-pixel-tablette\/"},"modified":"2026-04-27T13:08:56","modified_gmt":"2026-04-27T11:08:56","slug":"murena-pixel-tablette","status":"publish","type":"product","link":"https:\/\/murenatest.com\/de\/laden\/smartphones\/brandneu\/murena-pixel-tablette\/","title":{"rendered":"Murena Pixel Tablet"},"content":{"rendered":"","protected":false},"excerpt":{"rendered":"<p>Nach vielen Anfragen ist es endlich so weit!<br \/>\nEntdecken Sie unser erstes datenschutzorientiertes Tablet &#8211; das <strong>Murena Pixel Tablet<\/strong>!<\/p>\n<p>Das Murena Pixel Tablet l\u00e4uft mit dem Open-Source-Betriebssystem \/e\/OS und bietet Ihnen ein <strong>Android-Erlebnis, das konsequent auf Datenschutz ausgerichtet ist<\/strong>. Sie genie\u00dfen volle Leistung und Vielseitigkeit \u2013 ganz ohne Google-Dienste, die Ihre pers\u00f6nlichen Daten sammeln. <a href=\"https:\/\/murenatest.com\/de\/laden\/smartphones\/brandneu\/murena-pixel-tablette\/#android-without-google\"><span style=\"text-decoration: underline;\">Mehr erfahren<\/span><\/a><\/p>\n<p>Ausgestattet mit einem 10,95-Zoll-LCD-Display und einer gestochen scharfen Aufl\u00f6sung von 2560 x 1600 liefert das Tablet brillante Bilder \u2013 egal ob f\u00fcr Arbeit oder Freizeit. Der effiziente Tensor G2-Chip sorgt f\u00fcr fl\u00fcssige Performance und <strong>sch\u00fctzt gleichzeitig Ihre Daten.<\/strong> Dank der integrierten Synchronisierung mit dem <strong>Murena Workspace<\/strong>, der vollst\u00e4ndig mit erneuerbarer Energie betrieben wird, sind Sie immer bestens vernetzt.<\/p>\n<p>Mit seinem eleganten Aluminiumgeh\u00e4use sowie Kameras auf Vorder- und R\u00fcckseite ist das <strong>Murena Pixel Tablet<\/strong> die ideale Wahl f\u00fcr Medienkonsum, Produktivit\u00e4t oder kreative Projekte. Es bietet eine datenschutzfreundliche Alternative zu herk\u00f6mmlichen Tablets \u2013 f\u00fcr volle Kontrolle \u00fcber Ihre Daten, ohne Kompromisse bei der Nutzererfahrung. <a href=\"https:\/\/murenatest.com\/de\/laden\/smartphones\/brandneu\/murena-pixel-tablette\/#tech-spec\"><span style=\"text-decoration: underline;\">Mehr erfahren<\/span><\/a><\/p>\n<p>Das <strong>Murena Pixel Tablet<\/strong> ist die perfekte Wahl f\u00fcr alle, die ein leistungsstarkes Ger\u00e4t mit klaren ethischen Werten suchen. Mit \/e\/OS verbindet es starke Features mit robuster Sicherheit \u2013 und gibt Ihnen die Freiheit, Technologie zu genie\u00dfen, ohne Ihre Privatsph\u00e4re aufzugeben.<\/p>\n<p>Hinweis: Der angezeigte Preis enth\u00e4lt bereits alle Steuern und Zollgeb\u00fchren f\u00fcr Ihr Land.<\/p>\n","protected":false},"featured_media":112406,"comment_status":"open","ping_status":"closed","template":"","meta":{"_seopress_robots_primary_cat":"none","_seopress_titles_title":"","_seopress_titles_desc":"","_seopress_robots_index":""},"product_brand":[],"product_cat":[455],"product_tag":[845,832,961,817,1016],"class_list":{"0":"post-112125","1":"product","2":"type-product","3":"status-publish","4":"has-post-thumbnail","6":"product_cat-brandneu","7":"product_tag-128-gb-de","8":"product_tag-2-jahre-garantie","9":"product_tag-256gb-de","10":"product_tag-brandneu","11":"product_tag-tablet-de","12":"wpbf-post","15":"outofstock","16":"taxable","17":"shipping-taxable","18":"purchasable","19":"product-type-variable"},"bundled_by":[],"bundle_stock_status":"outofstock","bundle_stock_quantity":-3,"bundle_virtual":false,"bundle_layout":"","bundle_add_to_cart_form_location":"","bundle_editable_in_cart":false,"bundle_sold_individually_context":"","bundle_item_grouping":"","bundle_min_size":"","bundle_max_size":"","bundle_price":[],"bundled_items":[],"bundle_sell_ids":[],"supplier_id":110612,"supplier_sku":"","barcode":null,"atum_controlled":true,"out_stock_date":null,"out_stock_threshold":null,"inheritable":true,"inbound_stock":113,"stock_on_hold":0,"sold_today":0,"sales_last_days":0,"reserved_stock":0,"customer_returns":0,"warehouse_damage":0,"lost_in_post":0,"other_logs":0,"out_stock_days":0,"lost_sales":0,"has_location":false,"update_date":"2026-05-17T07:14:29","atum_locations":[],"atum_stock_status":"outofstock","restock_status":false,"low_stock_amount":5,"sales_update_date":"2026-05-17T07:14:29","calc_backorders":null,"linked_bom":[],"sync_purchase_price":false,"bom_sellable":null,"minimum_threshold":null,"available_to_purchase":null,"selling_priority":null,"calculated_stock":null,"is_bom":false,"mi_inventories":[],"multi_inventory":"no","inventory_sorting_mode":"global","inventory_iteration":"global","expirable_inventories":"global","price_per_inventory":"global","show_write_off_inventories":"global","selectable_inventories":"global","selectable_inventories_mode":"global","_links":{"self":[{"href":"https:\/\/murenatest.com\/de\/wp-json\/wp\/v2\/product\/112125","targetHints":{"allow":["GET"]}}],"collection":[{"href":"https:\/\/murenatest.com\/de\/wp-json\/wp\/v2\/product"}],"about":[{"href":"https:\/\/murenatest.com\/de\/wp-json\/wp\/v2\/types\/product"}],"replies":[{"embeddable":true,"href":"https:\/\/murenatest.com\/de\/wp-json\/wp\/v2\/comments?post=112125"}],"wp:featuredmedia":[{"embeddable":true,"href":"https:\/\/murenatest.com\/de\/wp-json\/wp\/v2\/media\/112406"}],"wp:attachment":[{"href":"https:\/\/murenatest.com\/de\/wp-json\/wp\/v2\/media?parent=112125"}],"wp:term":[{"taxonomy":"product_brand","embeddable":true,"href":"https:\/\/murenatest.com\/de\/wp-json\/wp\/v2\/product_brand?post=112125"},{"taxonomy":"product_cat","embeddable":true,"href":"https:\/\/murenatest.com\/de\/wp-json\/wp\/v2\/product_cat?post=112125"},{"taxonomy":"product_tag","embeddable":true,"href":"https:\/\/murenatest.com\/de\/wp-json\/wp\/v2\/product_tag?post=112125"}],"curies":[{"name":"wp","href":"https:\/\/api.w.org\/{rel}","templated":true}]}}