{"id":111322,"date":"2024-11-21T15:55:39","date_gmt":"2024-11-21T14:55:39","guid":{"rendered":"https:\/\/murena.com\/?post_type=product&#038;p=111322"},"modified":"2026-04-27T13:07:39","modified_gmt":"2026-04-27T11:07:39","slug":"murena-cmf-phone-1","status":"publish","type":"product","link":"https:\/\/murenatest.com\/de\/laden\/smartphones\/brandneu\/murena-cmf-phone-1\/","title":{"rendered":"Murena CMF Phone 1"},"content":{"rendered":"","protected":false},"excerpt":{"rendered":"<p class=\"p1\">Brandneues Murena CMF Phone 1.<\/p>\n<p class=\"p1\">Privatsph\u00e4re kombiniert mit unschlagbarem Preis-Leistungs-Verh\u00e4ltnis.<br \/>\nDas Murena CMF Phone 1 vereint starke Technik und Datenschutz \u2013 zu einem g\u00fcnstigen Preis.<br \/>\nMit dem Betriebssystem \/e\/OS sch\u00fctzt Sie dieses Handy jederzeit vor st\u00e4ndiger Datenerfassung.<\/p>\n<p class=\"p1\">Robust, farbenfroh und schnell. Das Murena CMF Phone 1 bietet Ihnen die Kontrolle und den Schutz Ihrer pers\u00f6nlichen Daten. <a href=\"https:\/\/murenatest.com\/de\/laden\/smartphones\/brandneu\/murena-cmf-phone-1\/#android-without-google\"><span class=\"s1\">Erfahren Sie hier mehr.<\/span><\/a><\/p>\n<p class=\"p1\">Ausgestattet mit einem schnellen Prozessor und einem leistungsstarken 5000mAh-Akku. Ihr Smartphone kann bis zu zwei Tage ohne Aufladen durchhalten! <a href=\"https:\/\/murenatest.com\/de\/laden\/smartphones\/brandneu\/murena-cmf-phone-1\/#tech-spec\"><span class=\"s1\">Erfahren Sie hier mehr.<\/span><\/a><\/p>\n<p class=\"p1\">Hinweis: Dieses Smartphone verf\u00fcgt nicht \u00fcber NFC.<br \/>\nDas Murena CMF Phone 1 wird mit einem entsperrten Bootloader geliefert, <a href=\"https:\/\/murenatest.com\/de\/faq\/#bootloader-unlocked\">bitte lesen Sie hier nach<\/a>, was das bedeutet.<\/p>\n","protected":false},"featured_media":111838,"comment_status":"open","ping_status":"closed","template":"","meta":{"_seopress_robots_primary_cat":"none","_seopress_titles_title":"Murena CMF Phone 1","_seopress_titles_desc":"Entdecken Sie das brandneue deGoogled Murena Fairphone 5 !  Das Murena Fairphone 5 ist noch leistungsf\u00e4higer und nachhaltiger und verbindet Privatsph\u00e4re, Umweltbewusstsein und Geschwindigkeit! Das Murena Fairphone 5 l\u00e4uft auf dem Betriebssystem \/e\/OS, so dass Ihr Telefon Sie jederzeit vor der st\u00e4ndigen Datensammlung durch Google sch\u00fctzen kann.","_seopress_robots_index":""},"product_brand":[],"product_cat":[455],"product_tag":[845,840,817,824,821],"class_list":{"0":"post-111322","1":"product","2":"type-product","3":"status-publish","4":"has-post-thumbnail","6":"product_cat-brandneu","7":"product_tag-128-gb-de","8":"product_tag-5g-de","9":"product_tag-brandneu","10":"product_tag-dual-sim-de","11":"product_tag-netzbetreiber-freigeschaltet","12":"wpbf-post","15":"instock","16":"taxable","17":"shipping-taxable","18":"purchasable","19":"product-type-variable"},"bundled_by":[],"bundle_stock_status":"instock","bundle_stock_quantity":null,"bundle_virtual":false,"bundle_layout":"","bundle_add_to_cart_form_location":"","bundle_editable_in_cart":false,"bundle_sold_individually_context":"","bundle_item_grouping":"","bundle_min_size":"","bundle_max_size":"","bundle_price":[],"bundled_items":[],"bundle_sell_ids":[],"supplier_id":null,"supplier_sku":"","barcode":null,"atum_controlled":true,"out_stock_date":null,"out_stock_threshold":null,"inheritable":true,"inbound_stock":40,"stock_on_hold":2,"sold_today":0,"sales_last_days":0,"reserved_stock":0,"customer_returns":0,"warehouse_damage":0,"lost_in_post":0,"other_logs":0,"out_stock_days":0,"lost_sales":0,"has_location":false,"update_date":"2026-05-17T07:14:24","atum_locations":[],"atum_stock_status":"instock","restock_status":false,"low_stock_amount":"","sales_update_date":"2026-05-17T07:14:24","calc_backorders":null,"linked_bom":[],"sync_purchase_price":false,"bom_sellable":null,"minimum_threshold":null,"available_to_purchase":null,"selling_priority":null,"calculated_stock":null,"is_bom":false,"mi_inventories":[],"multi_inventory":"no","inventory_sorting_mode":"global","inventory_iteration":"global","expirable_inventories":"global","price_per_inventory":"global","show_write_off_inventories":"global","selectable_inventories":"global","selectable_inventories_mode":"global","_links":{"self":[{"href":"https:\/\/murenatest.com\/de\/wp-json\/wp\/v2\/product\/111322","targetHints":{"allow":["GET"]}}],"collection":[{"href":"https:\/\/murenatest.com\/de\/wp-json\/wp\/v2\/product"}],"about":[{"href":"https:\/\/murenatest.com\/de\/wp-json\/wp\/v2\/types\/product"}],"replies":[{"embeddable":true,"href":"https:\/\/murenatest.com\/de\/wp-json\/wp\/v2\/comments?post=111322"}],"wp:featuredmedia":[{"embeddable":true,"href":"https:\/\/murenatest.com\/de\/wp-json\/wp\/v2\/media\/111838"}],"wp:attachment":[{"href":"https:\/\/murenatest.com\/de\/wp-json\/wp\/v2\/media?parent=111322"}],"wp:term":[{"taxonomy":"product_brand","embeddable":true,"href":"https:\/\/murenatest.com\/de\/wp-json\/wp\/v2\/product_brand?post=111322"},{"taxonomy":"product_cat","embeddable":true,"href":"https:\/\/murenatest.com\/de\/wp-json\/wp\/v2\/product_cat?post=111322"},{"taxonomy":"product_tag","embeddable":true,"href":"https:\/\/murenatest.com\/de\/wp-json\/wp\/v2\/product_tag?post=111322"}],"curies":[{"name":"wp","href":"https:\/\/api.w.org\/{rel}","templated":true}]}}