{"id":108647,"date":"2024-09-09T20:03:42","date_gmt":"2024-09-09T18:03:42","guid":{"rendered":"https:\/\/murena.com\/?post_type=product&#038;p=108647"},"modified":"2026-04-27T13:06:24","modified_gmt":"2026-04-27T11:06:24","slug":"murena-pixel-7-refurbished","status":"publish","type":"product","link":"https:\/\/murenatest.com\/de\/laden\/smartphones\/refurbished\/murena-pixel-7-refurbished\/","title":{"rendered":"Murena Pixel 7 &#8211; Refurbished"},"content":{"rendered":"","protected":false},"excerpt":{"rendered":"<p>Nutzen Sie das privatsph\u00e4refreundliches und nachhaltiges Erlebnis mit dem <strong>Refurbished Murena Pixel 7 <\/strong>mit voller Kontrolle \u00fcber Ihre Daten.<br \/>\n<strong data-start=\"102\" data-end=\"244\">Angetrieben von unserem datenschutzfokussierten Betriebssystem \/e\/OS ist dieses Ger\u00e4t Ihr starker Verb\u00fcndeter gegen Googles Datensammlung.<\/strong><br data-start=\"244\" data-end=\"247\" \/>Nutzen Sie ein intelligentes Ger\u00e4t ganz ohne \u00dcberwachung, behalten Sie die Kontrolle \u00fcber Ihre pers\u00f6nlichen Daten \u2013 und helfen Sie gleichzeitig, Elektroschrott zu reduzieren. <a href=\"https:\/\/murenatest.com\/de\/laden\/smartphones\/refurbished\/murena-pixel-7-refurbished\/#android-without-google\">Mehr lesen<\/a><\/p>\n<p>Das <strong>Refurbished Murena Pixel 7<\/strong> vereint kompaktes Design mit leistungsstarker Performance, um ein au\u00dfergew\u00f6hnliches Smartphone-Erlebnis zu bieten. Mit seinem lebendigen 6,3-Zoll-AMOLED-Display und 8 GB RAM gew\u00e4hrleistet es nahtloses Multitasking und atemberaubende Visualisierungen f\u00fcr all Ihre Aktivit\u00e4ten. Erfassen Sie Ihre Welt detailliert mit der 12-MP-R\u00fcck- und 10,8-MP-Frontkamera und speichern Sie Ihre Erinnerungen sorgenfrei mit 128 GB Speicherplatz. F\u00fcr Langlebigkeit konzipiert: Das Ger\u00e4t ist IP68-zertifiziert und damit staub- und wasserdicht \u2013 und sein zuverl\u00e4ssiger 4355\u2011mAh\u2011Akku bringt Sie problemlos durch den ganzen Tag. <a href=\"https:\/\/murenatest.com\/de\/laden\/smartphones\/refurbished\/murena-pixel-7-refurbished\/#tech-spec\">Mehr lesen<\/a><\/p>\n<p>Das <strong>Refurbished Murena Pixel 7<\/strong> ist mehr als nur ein leistungsstarkes 5G-Smartphone \u2013 es ist ein Statement Ihrer Werte. Es sch\u00fctzt Ihre pers\u00f6nlichen Daten mit <strong>\/e\/OS<\/strong>, einem auf Privatsph\u00e4re ausgerichteten Betriebssystem, w\u00e4hrend es gleichzeitig das Premium-Erlebnis eines Spitzensmartphones bietet, und das alles mit der Nachhaltigkeit eines general\u00fcberholten Ger\u00e4ts.<br \/>\nEntscheiden Sie sich f\u00fcr ein Telefon, das f\u00fcr Sie und unseren Planeten im Einsatz ist.<\/p>\n<p>Alle unsere Refurbished Telefone sind von der Qualit\u00e4tsstufe A+ Premium Refurbished.<\/p>\n","protected":false},"featured_media":112578,"comment_status":"open","ping_status":"closed","template":"","meta":{"_seopress_robots_primary_cat":"none","_seopress_titles_title":"Murena Pixel 7 Refurbished","_seopress_titles_desc":"Erleben Sie Privatsph\u00e4re an erster Stelle mit dem refurbished Murena Pixel 7. Angetrieben vom revolution\u00e4ren \/e\/OS-Betriebssystem fungiert dieses Ger\u00e4t als Ihr Schutzschild gegen Googles konstante Datenerfassung. Genie\u00dfen Sie die Vorteile eines general\u00fcberholten Smart-Ger\u00e4ts ohne \u00dcberwachung und gewinnen Sie die Kontrolle \u00fcber Ihre pers\u00f6nlichen Daten zur\u00fcck.","_seopress_robots_index":""},"product_brand":[],"product_cat":[554],"product_tag":[829,845,837,840,824,821,810,815],"class_list":{"0":"post-108647","1":"product","2":"type-product","3":"status-publish","4":"has-post-thumbnail","6":"product_cat-refurbished","7":"product_tag-1-jahre-garantie","8":"product_tag-128-gb-de","9":"product_tag-4g-lte-de","10":"product_tag-5g-de","11":"product_tag-dual-sim-de","12":"product_tag-netzbetreiber-freigeschaltet","13":"product_tag-nicht-austauschbare-batterie","14":"product_tag-wiederaufbereiteten","15":"wpbf-post","18":"outofstock","19":"taxable","20":"shipping-taxable","21":"purchasable","22":"product-type-simple"},"bundled_by":[],"bundle_stock_status":"outofstock","bundle_stock_quantity":-2,"bundle_virtual":false,"bundle_layout":"","bundle_add_to_cart_form_location":"","bundle_editable_in_cart":false,"bundle_sold_individually_context":"","bundle_item_grouping":"","bundle_min_size":"","bundle_max_size":"","bundle_price":[],"bundled_items":[],"bundle_sell_ids":[],"supplier_id":40487,"supplier_sku":"","barcode":null,"atum_controlled":true,"out_stock_date":null,"out_stock_threshold":null,"inheritable":false,"inbound_stock":31,"stock_on_hold":0,"sold_today":0,"sales_last_days":0,"reserved_stock":0,"customer_returns":0,"warehouse_damage":0,"lost_in_post":0,"other_logs":0,"out_stock_days":0,"lost_sales":0,"has_location":false,"update_date":"2026-05-17T07:14:17","atum_locations":[],"atum_stock_status":"outofstock","restock_status":false,"low_stock_amount":"","sales_update_date":"2026-05-17T07:14:17","calc_backorders":null,"linked_bom":[{"bom_id":52143,"bom_type":"raw_material","qty":1,"measure_unit":null},{"bom_id":52146,"bom_type":"raw_material","qty":1,"measure_unit":null},{"bom_id":52819,"bom_type":"raw_material","qty":1,"measure_unit":null},{"bom_id":56686,"bom_type":"raw_material","qty":1,"measure_unit":null},{"bom_id":56694,"bom_type":"raw_material","qty":1,"measure_unit":null},{"bom_id":65543,"bom_type":"raw_material","qty":1,"measure_unit":null},{"bom_id":77266,"bom_type":"product_part","qty":1,"measure_unit":null},{"bom_id":108033,"bom_type":"product_part","qty":0,"measure_unit":null}],"sync_purchase_price":false,"bom_sellable":null,"minimum_threshold":null,"available_to_purchase":null,"selling_priority":null,"calculated_stock":null,"is_bom":false,"mi_inventories":[],"multi_inventory":"no","inventory_sorting_mode":"global","inventory_iteration":"global","expirable_inventories":"global","price_per_inventory":"global","show_write_off_inventories":"global","selectable_inventories":"global","selectable_inventories_mode":"global","_links":{"self":[{"href":"https:\/\/murenatest.com\/de\/wp-json\/wp\/v2\/product\/108647","targetHints":{"allow":["GET"]}}],"collection":[{"href":"https:\/\/murenatest.com\/de\/wp-json\/wp\/v2\/product"}],"about":[{"href":"https:\/\/murenatest.com\/de\/wp-json\/wp\/v2\/types\/product"}],"replies":[{"embeddable":true,"href":"https:\/\/murenatest.com\/de\/wp-json\/wp\/v2\/comments?post=108647"}],"wp:featuredmedia":[{"embeddable":true,"href":"https:\/\/murenatest.com\/de\/wp-json\/wp\/v2\/media\/112578"}],"wp:attachment":[{"href":"https:\/\/murenatest.com\/de\/wp-json\/wp\/v2\/media?parent=108647"}],"wp:term":[{"taxonomy":"product_brand","embeddable":true,"href":"https:\/\/murenatest.com\/de\/wp-json\/wp\/v2\/product_brand?post=108647"},{"taxonomy":"product_cat","embeddable":true,"href":"https:\/\/murenatest.com\/de\/wp-json\/wp\/v2\/product_cat?post=108647"},{"taxonomy":"product_tag","embeddable":true,"href":"https:\/\/murenatest.com\/de\/wp-json\/wp\/v2\/product_tag?post=108647"}],"curies":[{"name":"wp","href":"https:\/\/api.w.org\/{rel}","templated":true}]}}