{"id":73394,"date":"2023-01-02T13:45:11","date_gmt":"2023-01-02T12:45:11","guid":{"rendered":"https:\/\/murena.com\/investoren\/"},"modified":"2025-05-13T14:34:11","modified_gmt":"2025-05-13T12:34:11","slug":"investoren","status":"publish","type":"page","link":"https:\/\/murenatest.com\/de\/investoren\/","title":{"rendered":"Investoren"},"content":{"rendered":"\n<h2 class=\"wp-block-heading\">Investitionsm\u00f6glichkeiten bei Murena<\/h2>\n\n<p>Murena SAS ist ein privates Unternehmen mit Sitz in der Europ\u00e4ischen Union. Wir werden regelm\u00e4\u00dfig von Einzelpersonen und Organisationen kontaktiert, die an einer Investition in Murena SAS interessiert sind. <\/p>\n\n<p>Wir nehmen derzeit Investitionen an. Bitte geben Sie unten Ihre Daten ein, um Ihr Interesse an einer Investition zu bekunden. <\/p>\n\n<div class=\"wp-block-columns is-layout-flex wp-container-core-columns-is-layout-28f84493 wp-block-columns-is-layout-flex\">\n<div class=\"wp-block-column is-layout-flow wp-block-column-is-layout-flow\">\n<div class=\"wp-block-contact-form-7-contact-form-selector\"><p class=\"wpcf7-contact-form-not-found\"><strong>Fehler:<\/strong> Kontaktformular wurde nicht gefunden.<\/p><\/div>\n<\/div>\n\n\n\n<div class=\"wp-block-column is-layout-flow wp-block-column-is-layout-flow\"><\/div>\n<\/div>\n","protected":false},"excerpt":{"rendered":"<p>Investitionsm\u00f6glichkeiten bei Murena Murena SAS ist ein privates Unternehmen mit Sitz in der Europ\u00e4ischen Union&#8230;.<\/p>\n","protected":false},"author":5167,"featured_media":0,"parent":0,"menu_order":0,"comment_status":"closed","ping_status":"closed","template":"","meta":{"_seopress_robots_primary_cat":"","_seopress_titles_title":"Investitionsm\u00f6glichkeiten bei Murena","_seopress_titles_desc":"Wenn Sie an einer Investition in Murena interessiert sind, geben Sie bitte Ihre Kontaktdaten an. So k\u00f6nnen Sie aktuelle Informationen \u00fcber m\u00f6gliche Investitionsm\u00f6glichkeiten erhalten.","_seopress_robots_index":"","footnotes":""},"class_list":["post-73394","page","type-page","status-publish","hentry","wpbf-post"],"_links":{"self":[{"href":"https:\/\/murenatest.com\/de\/wp-json\/wp\/v2\/pages\/73394","targetHints":{"allow":["GET"]}}],"collection":[{"href":"https:\/\/murenatest.com\/de\/wp-json\/wp\/v2\/pages"}],"about":[{"href":"https:\/\/murenatest.com\/de\/wp-json\/wp\/v2\/types\/page"}],"author":[{"embeddable":true,"href":"https:\/\/murenatest.com\/de\/wp-json\/wp\/v2\/users\/5167"}],"replies":[{"embeddable":true,"href":"https:\/\/murenatest.com\/de\/wp-json\/wp\/v2\/comments?post=73394"}],"version-history":[{"count":10,"href":"https:\/\/murenatest.com\/de\/wp-json\/wp\/v2\/pages\/73394\/revisions"}],"predecessor-version":[{"id":121804,"href":"https:\/\/murenatest.com\/de\/wp-json\/wp\/v2\/pages\/73394\/revisions\/121804"}],"wp:attachment":[{"href":"https:\/\/murenatest.com\/de\/wp-json\/wp\/v2\/media?parent=73394"}],"curies":[{"name":"wp","href":"https:\/\/api.w.org\/{rel}","templated":true}]}}