{"id":54937,"date":"2020-02-08T08:49:07","date_gmt":"2020-02-08T08:49:07","guid":{"rendered":"https:\/\/murena.com\/terms-conditions\/"},"modified":"2024-03-07T20:36:06","modified_gmt":"2024-03-07T19:36:06","slug":"terms-conditions","status":"publish","type":"page","link":"https:\/\/murenatest.com\/de\/terms-conditions\/","title":{"rendered":"Nutzungsbedingungen"},"content":{"rendered":"\n<h4 class=\"wp-block-heading\">Geltungsbereich<\/h4>\n\n<p>Die vorliegenden Allgemeinen Gesch\u00e4ftsbedingungen gelten f\u00fcr alle Verk\u00e4ufe von Dienstleistungen oder Produkten, die zwischen Ihnen und MURENA RETAIL SAS, mit Sitz in 31 Avenue de S\u00e9gur, 75007 Paris, Frankreich \u00fcber die Website <a href=\"https:\/\/murenatest.com\/de\/\">https:\/\/murenatest.com<\/a> abgeschlossen werden.<\/p>\n\n<p>MIT DEM KAUF EINES PRODUKTS ODER DEM ABONNEMENT EINES DIENSTES ERKL\u00c4REN SIE SICH MIT ALLEN VERKAUFSBEDINGUNGEN UND DEN BEDINGUNGEN DES DIENSTES EINVERSTANDEN. <\/p>\n\n<p>Wir k\u00f6nnen diese Bedingungen gelegentlich \u00e4ndern, und diese \u00c4nderungen sind ab dem Zeitpunkt, an dem sie auf unserer Website online sind, wirksam und gelten f\u00fcr sp\u00e4ter abgeschlossene Verk\u00e4ufe. <\/p>\n\n<p> Bis zum Beweis des Gegenteils gelten die von uns gespeicherten Daten als Nachweis f\u00fcr alle Transaktionen. <\/p>\n\n<h4 class=\"wp-block-heading\">Produkte und Dienstleistungen<\/h4>\n\n<p><strong> Neue und general\u00fcberholte Smartphones mit \/e\/OS <\/strong><\/p>\n\n<p> Nach Ihrer Bestellung bei uns und gem\u00e4\u00df Ihren Anweisungen beschaffen wir neue oder gebrauchte Smartphones, auf denen wir das Betriebssystem \/e\/OS\/ und seine Standardanwendungen installieren. <\/p>\n\n<p> Diese Telefone werden mit ihrem Akku und ggf. kompatiblem Zubeh\u00f6r (Freisprecheinrichtung und, falls angegeben, anderem kompatiblen Zubeh\u00f6r) geliefert. <\/p>\n\n<p> \/e\/OS\/ ist eine Version von Android, die nicht die Android-Dienste von Google nutzt. Das Betriebssystem \/e\/OS\/ wird st\u00e4ndig weiterentwickelt und kann andere Funktionen als das Google-Android-System und eine andere Auswahl an Android-Anwendungen haben als die, die im Google Play Store zu finden sind. \/e\/OS ist kein Google-Produkt und wird unter keinen Umst\u00e4nden von Google unterst\u00fctzt. <\/p>\n\n<p> General\u00fcberholte Smartphones mit \/e\/OS werden nicht in der Originalverpackung geliefert. Das von uns verkaufte Produkt muss Tests und Behandlungen unterzogen werden, die je nach Typ variieren, um Ihnen einen nahezu \u201eneuen\u201c Zustand zu bieten. Die Liste der genannten Tests und Behandlungen, die je nach Produkttyp durchgef\u00fchrt werden, ist auf Anfrage erh\u00e4ltlich. <\/p>\n\n<p> Alle general\u00fcberholten Smartphones, die wir verkaufen, wurden vor dem Verkauf einem \u201eHard Reset\u201c unterzogen. <\/p>\n\n<h4 class=\"wp-block-heading\">Kostenpflichtige Cloud-Dienste<\/h4>\n\n<p>Wir bieten kostenpflichtige Cloud-Dienste an, die es Ihnen erm\u00f6glichen, auf eine gr\u00f6\u00dfere Menge an Speicherplatz zuzugreifen, die durch den von Ihnen abonnierten Plan definiert ist. Um unsere kostenpflichtigen Cloud-Dienste nutzen zu k\u00f6nnen, m\u00fcssen Sie eine &#8222;Murena Cloud Konto\u201c ID besitzen und den Nutzungsbedingungen zugestimmt haben, die Sie hier finden. <\/p>\n\n<p> Ihre Daten, die sich auf unseren Cloud-Diensten befinden, werden auf sicheren Servern gespeichert. Wir greifen nicht auf Ihre Daten zu, scannen Sie und lesen Ihre Daten, die in Ihrem pers\u00f6nlichen Cloud-Bereich gespeichert sind. <\/p>\n\n<p> Sie sind f\u00fcr alle Inhalte und Aktivit\u00e4ten verantwortlich, die Sie in Ihrem Konto ver\u00f6ffentlichen. Sie d\u00fcrfen den Dienst nicht f\u00fcr illegale oder unbefugte Zwecke nutzen. Bei der Nutzung des Dienstes d\u00fcrfen Sie keine Gesetze in Ihrer oder unserer Gerichtsbarkeit verletzen (einschlie\u00dflich, aber nicht beschr\u00e4nkt auf Urheberrechtsgesetze). <\/p>\n\n<h4 class=\"wp-block-heading\">Preise<\/h4>\n\n<p>Die Preise enthalten den aktuellen Mehrwertsteuersatz je nach Land, in dem Sie kaufen, wenn Sie innerhalb der Europ\u00e4ischen Union kaufen. Sie sind netto, fest und nicht r\u00fcckg\u00e4ngig zu machen. Wir behalten uns das Recht vor, die Preise jederzeit und ohne Vorank\u00fcndigung zu \u00e4ndern, wobei die Produkte Ihnen zu dem Preis in Rechnung gestellt werden, der zum Zeitpunkt der Best\u00e4tigung Ihrer Bestellung durch uns gilt. <\/p>\n\n<p> Bei Lieferungen au\u00dferhalb der Europ\u00e4ischen Union stellen wir die Produkte ohne Mehrwertsteuer in Rechnung, und Sie sind daf\u00fcr verantwortlich, etwaige Z\u00f6lle oder andere Steuern wie lokale Mehrwertsteuer oder Umsatzsteuer bei der Abholung Ihrer Bestellung zu zahlen. Etwaige Einfuhrz\u00f6lle und lokale Mehrwert- oder Verkaufssteuern h\u00e4ngen vom Wert Ihrer Bestellung ab. <\/p>\n\n<h4 class=\"wp-block-heading\">Zahlung<\/h4>\n\n<p>Die von uns akzeptierten Zahlungsmethoden sind auf der Website angegeben. Wir bieten Ihnen die M\u00f6glichkeit, per Debitkarte, Kreditkarte, Bitcoin oder mit Ihrem PayPal-Konto zu bezahlen, falls Sie eines haben. <\/p>\n\n<p>Bei Cloud-Abonnementdiensten wird der Dienst im Voraus auf monatlicher oder j\u00e4hrlicher Basis in Rechnung gestellt, je nach ausgew\u00e4hltem Plan.&#13;\n&#13;\nBei einem Upgrade oder Downgrade wird die von Ihnen angegebene Kreditkarte im n\u00e4chsten Abrechnungszyklus automatisch mit dem neuen Tarif belastet.&#13;\n&#13;\nDie Herabstufung Ihres Kontos kann zum Verlust von Inhalten, Funktionen oder Kapazit\u00e4ten f\u00fchren. Der Dienst \u00fcbernimmt keine Haftung f\u00fcr solche Verluste.<\/p>\n\n<h4 class=\"wp-block-heading\">Verf\u00fcgbarkeit<\/h4>\n\n<p>Informationen zur Produktverf\u00fcgbarkeit werden zum Zeitpunkt der Bestellung bereitgestellt. <\/p>\n\n<p> Sollten wir nicht gen\u00fcgend Produkte auf Lager haben, werden wir Sie so schnell wie m\u00f6glich per E-Mail informieren. Sie haben dann die M\u00f6glichkeit, das Produkt im Rahmen der verf\u00fcgbaren Best\u00e4nde durch ein anderes Produkt zu einem gleichwertigen Preis zu ersetzen oder Ihre Bestellung zu stornieren und innerhalb von vierzehn (14) Werktagen nach unserer Benachrichtigung \u00fcber die Nichtverf\u00fcgbarkeit eine R\u00fcckerstattung zu erhalten. <\/p>\n\n<h4 class=\"wp-block-heading\">Lieferung von Fertigwaren<\/h4>\n\n<p>In allen F\u00e4llen wird der Verkauf erst dann als endg\u00fcltig betrachtet, wenn Sie eine Best\u00e4tigung der Annahme der Bestellung per E-Mail erhalten haben und wenn die Zahlung vollst\u00e4ndig bei uns eingegangen ist. <\/p>\n\n<p> In einigen F\u00e4llen, wie z.B. bei Nichtzahlung, falscher Adresse oder anderen Problemen auf Ihrem Konto, behalten wir uns das Recht vor, Ihre Bestellung zu sperren, bis das Problem gel\u00f6st ist. <\/p>\n\n<p>Bei Fragen zur Abwicklung Ihrer Bestellung k\u00f6nnen Sie sich per E-Mail an unseren Kundendienst unter der folgenden Adresse wenden: <a href=\"mailto:contact@murena.com\">contact@murena.com<\/a><\/p>\n\n<p> Die Produkte werden ausschlie\u00dflich in alle L\u00e4nder der EU, nach Norwegen und in die Schweiz geliefert, mit Ausnahme von \u00dcberseeregionen (OMT\/DOM), Russland oder einem Mitglied der Russischen F\u00f6deration und \u00dcberseel\u00e4ndern und -territorien (OCT\/TOM). Wir bem\u00fchen uns, das Produkt innerhalb des auf unserer Website angegebenen Zeitrahmens zu liefern. Die Zeit ist jedoch nicht ausschlaggebend f\u00fcr die Lieferung oder Leistung, und alle auf unserer Website und in jeglicher Korrespondenz angegebenen Liefertermine sind nur Sch\u00e4tzungen. Die Produkte und K\u00e4ufe werden von unserem Spediteur, UPS, gem\u00e4\u00df den logistischen Zw\u00e4ngen und in \u00dcbereinstimmung mit den auf unserer Website verf\u00fcgbaren Lieferbedingungen geliefert. <\/p>\n\n<p> Wir k\u00f6nnen nicht an Postf\u00e4cher liefern. Sie m\u00fcssen eine g\u00fcltige Adresse f\u00fcr die Lieferung angeben und alle Besonderheiten f\u00fcr den Zugang zu Ihrer Adresse (Aufzug, Zugangscode\u2026) nennen. <\/p>\n\n<p> Sollte die Lieferadresse nicht erreichbar sein, behalten wir uns das Recht vor, den Vertrag zu k\u00fcndigen oder Ihnen das Produkt auf Ihre Kosten an eine neue Adresse zu schicken. <\/p>\n\n<p> Das Eigentum an dem Produkt geht erst mit der Lieferung des Produkts an Sie \u00fcber, entweder direkt oder durch einen von Ihnen benannten Dritten. Bevor Sie die Lieferung des Produkts annehmen, obliegt es Ihnen, den Zustand des gelieferten Produkts zu \u00fcberpr\u00fcfen und im Falle von Sch\u00e4den oder fehlenden Teilen Ihre Vorbehalte auf dem Lieferschein zu vermerken, gegebenenfalls das Produkt abzulehnen und uns gleichzeitig zu informieren. <\/p>\n\n<p> Jede Reklamation muss innerhalb von drei (3) Arbeitstagen ab dem Datum der \u00dcbernahme des Produkts erfolgen. Nach Ablauf dieser Frist wird davon ausgegangen, dass Sie das Produkt und alle K\u00e4ufe ohne Vorbehalt erhalten und akzeptiert haben. <\/p>\n\n<h4 class=\"wp-block-heading\">R\u00fcckgabe und Widerrufsbelehrung<\/h4>\n\n<p>Ab der Lieferung des Produkts und der K\u00e4ufe haben Sie das Recht, den Vertrag ohne Angabe von Gr\u00fcnden innerhalb von 14 Tagen ab dem Tag, an dem Sie das Produkt erhalten haben, zu widerrufen (vorbehaltlich bestimmter, unten aufgef\u00fchrter Ausnahmen). Dies ist die \u201eWiderrufsfrist\u201c. Wenn diese Frist an einem Samstag, Sonntag, Feiertag oder arbeitsfreien Tag abl\u00e4uft, wird sie bis zum n\u00e4chsten Werktag verl\u00e4ngert. <\/p>\n\n<p> Wenn Sie den Vertrag innerhalb der \u201eWiderrufsfrist\u201c widerrufen m\u00f6chten, m\u00fcssen Sie uns dies vor Ablauf der oben genannten Frist und vor der R\u00fccksendung eines Produkts mitteilen, indem Sie das Widerrufsformular ausf\u00fcllen und an uns senden. <\/p>\n\n<h4 class=\"wp-block-heading\">WIDERRUFSFORMULAR<\/h4>\n\n<p> (Dieses Formular bitte nur ausf\u00fcllen und zur\u00fccksenden, wenn Sie den Vertrag widerrufen wollen). <\/p>\n\n<p> Zu H\u00e4nden von MURENA RETAIL SAS, : <\/p>\n\n<p> Hiermit teile(n) ich\/wir (*) Ihnen\/uns (*) meinen\/unseren (*) R\u00fccktritt vom Vertrag \u00fcber den Verkauf des untenstehenden Produkts mit: <\/p>\n\n<p> Bestellt am (*)\/erhalten am (*): <\/p>\n\n<p> Bestellnummer : <\/p>\n\n<p> Rechnungsnummer : <\/p>\n\n<p> Produkt(e): <\/p>\n\n<p> IMEI-Nummer des Telefons, falls zutreffend: <\/p>\n\n<p> Name des\/der Verbraucher(s): <\/p>\n\n<p> Anschrift des\/der Verbraucher(s): Anschrift des\/der Verbraucher(s): <\/p>\n\n<p> Unterschrift des\/der Verbraucher(s) (nur wenn dieses Formular auf Papier eingereicht wird): <\/p>\n\n<p> Datum: <\/p>\n\n<p>Bitte f\u00fcllen Sie das Widerrufsformular aus und senden Sie es per E-Mail an die Adresse <a href=\"mailto:aftersales@murena.com\" target=\"_blank\" rel=\"noopener\">aftersales@murena.com<\/a><\/p>\n\n<p> Bewahren Sie einen Nachweis \u00fcber den Widerruf auf, z. B. eine E-Mail-Quittung. Sie m\u00fcssen dann das gelieferte Produkt auf Ihre Kosten per Einschreiben oder Kurierdienst an uns zur\u00fccksenden. <\/p>\n\n<p> Das Produkt muss sp\u00e4testens 8 (acht) Tage, nachdem Sie uns \u00fcber Ihre Stornierung informiert haben, in der Originalverpackung und mit allem Zubeh\u00f6r und allen Unterlagen zur\u00fcckgeschickt werden. <\/p>\n\n<p> Produkte, die in Europa, Gro\u00dfbritannien und der Schweiz gekauft wurden, m\u00fcssen an die folgende Adresse zur\u00fcckgeschickt werden: MURENA RETAIL SAS, c\/o Espri Digital, 14 rue du Sergent Escoffier, 61200 Argentan, Frankreich. <\/p>\n\n<p> Wenn das Produkt nicht in dem erforderlichen Zustand zur\u00fcckgegeben wird, sind Sie verpflichtet, das besch\u00e4digte Produkt zum Wiederbeschaffungswert zu erstatten. <\/p>\n\n<p> Wenn das Produkt rechtzeitig und im erforderlichen Zustand zur\u00fcckgegeben wird, erstatten wir Ihnen innerhalb von 14 (vierzehn) Tagen ab dem Datum der R\u00fcckgabe des Produkts alle bei Vertragsabschluss gezahlten Betr\u00e4ge unter Verwendung desselben Zahlungsmittels, das Sie bei der urspr\u00fcnglichen Transaktion eingesetzt haben, sofern nichts anderes vereinbart wurde.<\/p>\n\n<h4 class=\"wp-block-heading\">Stornierung und K\u00fcndigung \u2013 Cloud-Dienste<\/h4>\n\n<p>Sie k\u00f6nnen Ihren Plan jederzeit mit einer E-Mail-Anfrage an <a href=\"mailto:helpdesk@murena.com\">helpdesk@murena.com<\/a>. k\u00fcndigen. Wenn Sie Ihren Plan vor dem Ende des laufenden bezahlten Monats k\u00fcndigen, wird die K\u00fcndigung sofort wirksam und Ihnen wird nichts mehr in Rechnung gestellt. Wenn Sie Ihr Abonnement vor dem Verl\u00e4ngerungsdatum k\u00fcndigen, wird der Restbetrag nicht zur\u00fcckerstattet.<\/p>\n\n<h4 class=\"wp-block-heading\">Methoden zur R\u00fcckgabe von Smartphones<\/h4>\n\n<p>Smartphones verf\u00fcgen \u00fcber eine \u201cBildschirmsperre\u201c im Betriebssystem. Wenn diese Funktion aktiviert ist, kann das Produkt nicht ersetzt oder erstattet werden. Um zu \u00fcberpr\u00fcfen, ob diese Option noch aktiviert ist, und um sie zu deaktivieren, k\u00f6nnen Sie zu \u201eEinstellungen\u201c &gt; \u201eSicherheit\u201c &gt; \u201eBildschirmsperre\u201c gehen und \u201eKeine\u201c w\u00e4hlen. <\/p>\n\n<p> Wenn wir w\u00e4hrend des Gutachtens feststellen, dass die besagte Option auf dem Produkt aktiviert ist, wird das Produkt automatisch an Sie zur\u00fcckgeschickt, ohne dass Sie diesbez\u00fcglich eine Entsch\u00e4digung verlangen k\u00f6nnen. <\/p>\n\n<p> Wenn wir w\u00e4hrend des Gutachtens feststellen, dass die besagte Option auf dem Produkt aktiviert ist, wird das Produkt automatisch an Sie zur\u00fcckgeschickt, ohne dass Sie diesbez\u00fcglich eine Entsch\u00e4digung verlangen k\u00f6nnen. <\/p>\n\n<p> Sie sind verpflichtet, Ihre SIM-Karte aus dem Produkt zu entfernen, bevor Sie es an uns zur\u00fccksenden. <\/p>\n\n<p> Andernfalls kann die SIM-Karte nicht wiederhergestellt werden und wird von uns oder unseren Subunternehmern aus Sicherheitsgr\u00fcnden vernichtet. F\u00fcr den Fall, dass die SIM-Karte w\u00e4hrend des Transports benutzt wird, erkennen Sie ausdr\u00fccklich an und stimmen zu, dass wir nicht haftbar gemacht werden k\u00f6nnen. <\/p>\n\n<p> Bitte senden Sie Ihr Produkt mit einer Kopie der Rechnung zur\u00fcck. <\/p>\n\n<h4 class=\"wp-block-heading\">Garantien \u2013 Smartphones<\/h4>\n\n<p><strong><u><em> Gesetzliche Garantien <\/em><\/u><\/strong><\/p>\n\n<p> Als Verbraucher profitieren Sie von der gesetzlichen Konformit\u00e4tsgarantie f\u00fcr K\u00e4ufe unter den Bedingungen der Artikel L. 217-4 ff. des franz\u00f6sischen Verbraucherschutzgesetzes und der Garantie f\u00fcr versteckte M\u00e4ngel unter den Bedingungen der Artikel 1641 ff. des Zivilgesetzbuches. Diese gesetzlichen Garantien k\u00f6nnen bei uns per E-Mail oder per Einschreiben mit R\u00fcckschein geltend gemacht werden. Diese gesetzlichen Garantien gelten jedoch nicht, wenn die K\u00e4ufe den Spezifikationen des Vertrages entsprechen, sich aber aufgrund einer schlechten Einsch\u00e4tzung Ihrerseits beim Kauf als ungeeignet f\u00fcr Ihre Bed\u00fcrfnisse erweisen. <\/p>\n\n<p> Wenn Sie als gesetzliche Garantie f\u00fcr die Konformit\u00e4t auftreten: <\/p>\n\n<p> \u2013 Sie haben eine Frist von 2 Jahren ab der Lieferung der Ware, um zu handeln, <\/p>\n\n<p> \u2013 Sie haben die Wahl zwischen Nachbesserung oder Ersatzlieferung zu den in Artikel L. 217-9 des Verbraucherschutzgesetzes festgelegten Kostenbedingungen, <\/p>\n\n<p> \u2013 Sie sind davon befreit, innerhalb von vierundzwanzig (24) Monaten nach der Lieferung den Nachweis der Vertragswidrigkeit der Ware zu erbringen (nur bei neuen Ger\u00e4ten). <\/p>\n\n<p> Nach Best\u00e4tigung des Empfangs Ihrer Anfrage m\u00fcssen Sie das mangelhafte Produkt innerhalb von 8 (acht) Werktagen per Post zur\u00fccksenden. Wenn es nicht m\u00f6glich ist, das defekte Produkt zu reparieren und zu ersetzen, bieten wir Ihnen an, entweder den gesamten Kaufpreis zu erstatten oder das defekte Produkt an Sie zur\u00fcckzusenden und die H\u00e4lfte des Kaufpreises zu erstatten. Sie k\u00f6nnen sich entscheiden, die Garantie f\u00fcr versteckte M\u00e4ngel im Sinne von Artikel 1641 des B\u00fcrgerlichen Gesetzbuches in Anspruch zu nehmen. In diesem Fall k\u00f6nnen Sie zwischen der Stornierung der Bestellung oder einer Minderung des Kaufpreises gem\u00e4\u00df Artikel 1644 des B\u00fcrgerlichen Gesetzbuches w\u00e4hlen. \u00dcber die in diesem Artikel vorgesehenen Garantien hinaus wird keine weitere Garantie irgendeiner Art gew\u00e4hrt. <\/p>\n\n<p><strong><u><em> Garantieausschl\u00fcsse <\/em><\/u><\/strong><\/p>\n\n<p> Wir erinnern Sie daran, dass das Produkt \u00fcber die Option \u201eBildschirmsperre\u201c verf\u00fcgt. Wenn Sie die Funktion \u201eBildschirmsperre\u201c aktiviert haben, kann das Produkt nicht ersetzt oder erstattet werden. Um zu \u00fcberpr\u00fcfen, ob diese Option noch aktiviert ist, und um sie zu deaktivieren, m\u00fcssen Sie zu \u201eEinstellungen\u201c &gt; \u201eSicherheit\u201c &gt; \u201eBildschirmsperre\u201c gehen und \u201eKeine\u201c w\u00e4hlen. <\/p>\n\n<p> Wenn wir w\u00e4hrend des Gutachtens feststellen, dass die besagte Option auf dem Produkt aktiviert ist, wird das Produkt automatisch an Sie zur\u00fcckgeschickt, ohne dass Sie diesbez\u00fcglich eine Entsch\u00e4digung verlangen k\u00f6nnen. <\/p>\n\n<p> Jegliche Garantie ist ausgeschlossen im Falle von: <\/p>\n\n<p> \u2013 Sch\u00e4den aufgrund eines Unfalls, einer anderen Verwendung als in der technischen Dokumentation auf der Website des Herstellers des Produkts vorgesehen, Fehlfunktionen nach einem Versuch der Entriegelung oder Ihrer eigenen schlechten Wartung des Produkts (als Beispiele ohne Einschr\u00e4nkung: Verschmutzung, Oxidation, Korrosion, Rost \u2026); <\/p>\n\n<p> \u2013 Sch\u00e4den, die bei der Installation oder beim \u00d6ffnen des Produkts entstanden sind; <\/p>\n\n<p> \u2013 Sch\u00e4den, deren Ursache au\u00dferhalb des Produkts liegt: unsachgem\u00e4\u00dfe Installation Ihrerseits, Fahrl\u00e4ssigkeit Ihrerseits, Feuer, Wassersch\u00e4den usw. und im Allgemeinen alle Sch\u00e4den, die an den \u00e4u\u00dferen Teilen des Produkts verursacht werden und deren Besch\u00e4digung seine ordnungsgem\u00e4\u00dfe Funktion nicht beeintr\u00e4chtigt; <\/p>\n\n<p> \u2013 Im Falle von Kratzern, Schrammen, Schrammen, Kratzern vor und\/oder nach dem Verkauf, sofern wir Produkte aus zweiter Hand verkaufen; <\/p>\n\n<p> \u2013 Im Falle einer \u00c4nderung oder Reparatur des Produkts durch Sie und im Falle einer Reparatur des Produkts durch eine Organisation, die nicht vom Hersteller des Produkts zugelassen ist; <\/p>\n\n<p> \u2013 Aktualisierung des Betriebssystems, die nicht vom Hersteller empfohlen wird und die das Produkt dauerhaft besch\u00e4digen kann; <\/p>\n\n<h4 class=\"wp-block-heading\">Haftung des Unternehmens<\/h4>\n\n<p>Die Produkte, die wir \u00fcber die Website vermarkten, entsprechen der aktuellen franz\u00f6sischen Gesetzgebung und den in Frankreich geltenden Normen. <\/p>\n\n<p> Sie erkennen ausdr\u00fccklich an und stimmen zu, dass wir unter keinen Umst\u00e4nden haftbar gemacht werden k\u00f6nnen, wenn Sie Ihr Smartphone zur\u00fcckgeben und vergessen, Ihre SIM-Karte aus dem Produkt zu entfernen. <\/p>\n\n<p> In Bezug auf unsere kostenpflichtigen Cloud-Abonnementdienste erkennen Sie ausdr\u00fccklich an und erkl\u00e4ren sich damit einverstanden, dass der Dienst nicht f\u00fcr Sch\u00e4den haftet, die aus der Nutzung oder der Unm\u00f6glichkeit der Nutzung des Dienstes, dem unbefugten Zugriff auf oder der Ver\u00e4nderung Ihrer \u00dcbertragungen oder Daten oder den \u00c4u\u00dferungen oder dem Verhalten von Dritten im Rahmen des Dienstes entstehen. <\/p>\n\n<h4 class=\"wp-block-heading\">Personenbezogene Daten<\/h4>\n\n<p>Wir erheben und verarbeiten nur die personenbezogenen Daten, die f\u00fcr den Abschluss und die Abwicklung des Kaufvertrages erforderlich sind, d.h. Ihre Daten (Name, Vorname, Adressen, Telefonnummer), Ihre Bankverbindung und Informationen im Zusammenhang mit der Vertragserf\u00fcllung (Reklamationen, unbezahlt\u2026). <\/p>\n\n<p> Wir verarbeiten Ihre pers\u00f6nlichen Daten, um ein Kundenkonto anzulegen, die Bestellung zu erfassen und zu bearbeiten, die Produkte zu liefern, die Rechnungen zu \u00fcbermitteln und Ihre Anfragen zu bearbeiten. <\/p>\n\n<p>Ihre pers\u00f6nlichen Daten werden in Datenzentren in Frankreich gespeichert und nur so lange aufbewahrt, wie es f\u00fcr die oben genannten Zwecke erforderlich ist, und d\u00fcrfen nicht an Dritte weitergegeben werden. Sie k\u00f6nnen sich per E-Mail an <a href=\"mailto:store@murena.com\" target=\"_blank\" rel=\"noopener\">store@murena.com<\/a> wenden, um Ihre Rechte auf Zugang, Berichtigung, L\u00f6schung oder \u00dcbertragung Ihrer personenbezogenen Daten auszu\u00fcben und deren Verarbeitung einzuschr\u00e4nken oder zu widersprechen. F\u00fcr weitere Details laden wir Sie ein, unsere Datenschutzrichtlinie auf der Website zu lesen<\/p>\n\n<p> Wir sind nicht im Besitz Ihrer Kreditkarten-, Bankkonto- oder PayPal-Kontoinformationen. Nur der Bankdienstleister verf\u00fcgt \u00fcber die Daten Ihrer Kreditkarte(n), wenn Sie auf diese Weise bezahlt haben. Diese Daten werden vom Bankdienstleister im Falle eines Rechtsstreits \u00fcber eine Transaktion f\u00fcr einen Zeitraum von 5 Jahren in einem Zwischenarchiv aufbewahrt. <\/p>\n\n<h4 class=\"wp-block-heading\">Anwendbares Recht, Mediation und zust\u00e4ndige Gerichtsbarkeit<\/h4>\n\n<p>Die vorliegenden allgemeinen Verkaufsbedingungen unterliegen dem franz\u00f6sischen Recht. Wir bieten Ihnen an, alle Streitigkeiten \u00fcber die G\u00fcltigkeit, Auslegung, Ausf\u00fchrung, Beendigung und die Folgen des Vertrages im Rahmen eines internen Schlichtungsverfahrens beizulegen. <\/p>\n\n<p> Andernfalls, wenn Sie kein Schlichtungsverfahren w\u00fcnschen oder die Schlichtung nicht erfolgreich ist, wird der Streitfall der ausschlie\u00dflichen Zust\u00e4ndigkeit der zust\u00e4ndigen franz\u00f6sischen Gerichte unterworfen. <\/p>\n\n<p>***<\/p>\n\n<p>MURENA RETAIL SAS, mit Sitz in 31 Avenue de S\u00e9gur, Paris (75007), Frankreich, eingetragen im Handels- und Gesellschaftsregister von Caen unter der Nummer 883 789 398<\/p>\n\n<p>Datum: 20 Mai 2022<\/p>\n","protected":false},"excerpt":{"rendered":"<p>Geltungsbereich Die vorliegenden Allgemeinen Gesch\u00e4ftsbedingungen gelten f\u00fcr alle Verk\u00e4ufe von Dienstleistungen oder Produkten, die zwischen&#8230;<\/p>\n","protected":false},"author":994,"featured_media":0,"parent":0,"menu_order":0,"comment_status":"closed","ping_status":"closed","template":"","meta":{"_seopress_robots_primary_cat":"","_seopress_titles_title":"Murena Bedingungen und Konditionen","_seopress_titles_desc":"Lesen Sie unsere Allgemeinen Gesch\u00e4ftsbedingungen. Diese Allgemeinen Gesch\u00e4ftsbedingungen gelten f\u00fcr alle Verk\u00e4ufe von Dienstleistungen oder Produkten, die zwischen Ihnen und MURENA RETAIL SAS abgeschlossen werden.","_seopress_robots_index":"","footnotes":""},"class_list":["post-54937","page","type-page","status-publish","hentry","wpbf-post"],"_links":{"self":[{"href":"https:\/\/murenatest.com\/de\/wp-json\/wp\/v2\/pages\/54937","targetHints":{"allow":["GET"]}}],"collection":[{"href":"https:\/\/murenatest.com\/de\/wp-json\/wp\/v2\/pages"}],"about":[{"href":"https:\/\/murenatest.com\/de\/wp-json\/wp\/v2\/types\/page"}],"author":[{"embeddable":true,"href":"https:\/\/murenatest.com\/de\/wp-json\/wp\/v2\/users\/994"}],"replies":[{"embeddable":true,"href":"https:\/\/murenatest.com\/de\/wp-json\/wp\/v2\/comments?post=54937"}],"version-history":[{"count":16,"href":"https:\/\/murenatest.com\/de\/wp-json\/wp\/v2\/pages\/54937\/revisions"}],"predecessor-version":[{"id":100770,"href":"https:\/\/murenatest.com\/de\/wp-json\/wp\/v2\/pages\/54937\/revisions\/100770"}],"wp:attachment":[{"href":"https:\/\/murenatest.com\/de\/wp-json\/wp\/v2\/media?parent=54937"}],"curies":[{"name":"wp","href":"https:\/\/api.w.org\/{rel}","templated":true}]}}