{"id":76228,"date":"2023-05-19T09:17:46","date_gmt":"2023-05-19T13:17:46","guid":{"rendered":"https:\/\/murena.com\/america\/shop\/non%20class\u00e9\/murena-fairphone-4\/"},"modified":"2025-01-21T18:08:57","modified_gmt":"2025-01-21T23:08:57","slug":"murena-fairphone-4","status":"publish","type":"product","link":"https:\/\/murenatest.com\/america\/fr\/shop\/smartphones\/neuf\/murena-fairphone-4\/","title":{"rendered":"Murena Fairphone 4"},"content":{"rendered":"","protected":false},"excerpt":{"rendered":"<p>Le Murena Fairphone 4 deGooglis\u00e9 est le premier t\u00e9l\u00e9phone 5G durable et respectueux de la vie priv\u00e9e.<\/p>\n<p>Comme tous les t\u00e9l\u00e9phones Fairphone, il est construit pour durer gr\u00e2ce \u00e0 sa conception modulaire et r\u00e9parable. Il est dot\u00e9 d&rsquo;une batterie rechargeable amovible de 3905 mAh. Vous pouvez \u00e9changer la batterie ou l&rsquo;\u00e9cran par vous-m\u00eame. Aucune partie du Murena Fairphone 4 n&rsquo;est coll\u00e9e, vous pouvez donc choisir de le r\u00e9parer facilement vous-m\u00eame avec un tournevis standard.<\/p>\n<p>Le Murena Fairphone 4 est \u00e9quip\u00e9 d&rsquo;une double cam\u00e9ra arri\u00e8re de 48MP et d&rsquo;une cam\u00e9ra selfie de 25MP pour de superbes photos et vid\u00e9os.<\/p>\n<p>Ce t\u00e9l\u00e9phone est le premier t\u00e9l\u00e9phone modulaire dot\u00e9 d&rsquo;un indice IP. Cet indice fournit des informations sur la protection de l&rsquo;appareil contre l&rsquo;intrusion de solides (comme les particules de poussi\u00e8re), et de liquides, comme l&rsquo;eau. Avec un indice IP54, votre Murena Fairphone 4 est prot\u00e9g\u00e9 de la poussi\u00e8re et de la pluie.<\/p>\n<p>Si vous voulez un t\u00e9l\u00e9phone \u00e0 l&rsquo;\u00e9preuve du futur et si vous avez d\u00e9j\u00e0 besoin de la 5G, c&rsquo;est votre compagnon id\u00e9al.<\/p>\n<p>Ce t\u00e9l\u00e9phone fonctionne avec le syst\u00e8me d&rsquo;exploitation r\u00e9volutionnaire \/e\/OS, cet appareil est votre bouclier contre la collecte constante de donn\u00e9es par Google. Profitez des avantages d&rsquo;un appareil intelligent sans la surveillance, vous redonnant le contr\u00f4le de vos donn\u00e9es personnelles. <a href=\"https:\/\/murenatest.com\/america\/fr\/shop\/smartphones\/neuf\/murena-fairphone-4\/#android-without-google\">En savoir plus.<\/a><\/p>\n","protected":false},"featured_media":503712,"comment_status":"open","ping_status":"closed","template":"","meta":{"_seopress_robots_primary_cat":"none","_seopress_titles_title":"Murena Fairphone 4","_seopress_titles_desc":"Le Murena Fairphone 4 \u201cd\u00e9Googlis\u00e9\u201d est le premier t\u00e9l\u00e9phone 5G  soucieux de la confidentialit\u00e9 et durable.","_seopress_robots_index":""},"product_brand":[],"product_cat":[37],"product_tag":[493,494,74,658,72,73,496,71],"class_list":{"0":"post-76228","1":"product","2":"type-product","3":"status-publish","4":"has-post-thumbnail","6":"product_cat-neuf","7":"product_tag-128-ou-256-go","8":"product_tag-5g-fr","9":"product_tag-batterie-amovible","10":"product_tag-compatible-avec-t-mobile-et-ses-mvno","11":"product_tag-deverrouille-par-loperateur","12":"product_tag-double-sim","13":"product_tag-extended-warranty-fr","14":"product_tag-neuf","15":"pa_colour-vert-mouchete","16":"pa_colour-vert","17":"pa_colour-gris","18":"wpbf-post","21":"onbackorder","22":"taxable","23":"shipping-taxable","24":"purchasable","25":"product-type-variable"},"bundled_by":["506421","506427"],"bundle_stock_status":"onbackorder","bundle_stock_quantity":null,"bundle_virtual":false,"bundle_layout":"","bundle_add_to_cart_form_location":"","bundle_editable_in_cart":false,"bundle_sold_individually_context":"","bundle_item_grouping":"","bundle_min_size":"","bundle_max_size":"","bundle_price":[],"bundled_items":[],"bundle_sell_ids":[],"supplier_id":null,"supplier_sku":"","barcode":null,"atum_controlled":true,"out_stock_date":null,"out_stock_threshold":null,"inheritable":true,"inbound_stock":200,"stock_on_hold":6,"sold_today":0,"sales_last_days":0,"reserved_stock":0,"customer_returns":0,"warehouse_damage":0,"lost_in_post":0,"other_logs":0,"out_stock_days":0,"lost_sales":0,"has_location":false,"update_date":"2026-04-27T16:33:30","atum_locations":[],"atum_stock_status":"onbackorder","restock_status":false,"low_stock_amount":"","sales_update_date":"2026-04-27T16:33:30","calc_backorders":null,"linked_bom":[],"sync_purchase_price":false,"bom_sellable":null,"minimum_threshold":null,"available_to_purchase":null,"selling_priority":null,"calculated_stock":null,"is_bom":false,"mi_inventories":[],"multi_inventory":"no","inventory_sorting_mode":"global","inventory_iteration":"global","expirable_inventories":"global","price_per_inventory":"global","show_write_off_inventories":"global","selectable_inventories":"global","selectable_inventories_mode":"global","_links":{"self":[{"href":"https:\/\/murenatest.com\/america\/fr\/wp-json\/wp\/v2\/product\/76228","targetHints":{"allow":["GET"]}}],"collection":[{"href":"https:\/\/murenatest.com\/america\/fr\/wp-json\/wp\/v2\/product"}],"about":[{"href":"https:\/\/murenatest.com\/america\/fr\/wp-json\/wp\/v2\/types\/product"}],"replies":[{"embeddable":true,"href":"https:\/\/murenatest.com\/america\/fr\/wp-json\/wp\/v2\/comments?post=76228"}],"wp:featuredmedia":[{"embeddable":true,"href":"https:\/\/murenatest.com\/america\/fr\/wp-json\/wp\/v2\/media\/503712"}],"wp:attachment":[{"href":"https:\/\/murenatest.com\/america\/fr\/wp-json\/wp\/v2\/media?parent=76228"}],"wp:term":[{"taxonomy":"product_brand","embeddable":true,"href":"https:\/\/murenatest.com\/america\/fr\/wp-json\/wp\/v2\/product_brand?post=76228"},{"taxonomy":"product_cat","embeddable":true,"href":"https:\/\/murenatest.com\/america\/fr\/wp-json\/wp\/v2\/product_cat?post=76228"},{"taxonomy":"product_tag","embeddable":true,"href":"https:\/\/murenatest.com\/america\/fr\/wp-json\/wp\/v2\/product_tag?post=76228"}],"curies":[{"name":"wp","href":"https:\/\/api.w.org\/{rel}","templated":true}]}}