{"id":76224,"date":"2023-05-19T09:54:31","date_gmt":"2023-05-19T13:54:31","guid":{"rendered":"https:\/\/murena.com\/america\/shop\/non%20class\u00e9\/cable-usb-c-2-0\/"},"modified":"2024-03-22T17:23:58","modified_gmt":"2024-03-22T21:23:58","slug":"cable-usb-c-2-0","status":"publish","type":"product","link":"https:\/\/murenatest.com\/america\/fr\/shop\/accessoires\/cable-usb-c-2-0\/","title":{"rendered":"Cable USB-C 2.0"},"content":{"rendered":"","protected":false},"excerpt":{"rendered":"<p>C\u00e2ble USB-C avec adaptateur USB-A pour se recharger o\u00f9 vous voulez.\n<\/p>\n<p>Ce c\u00e2ble est renforc\u00e9 par une tresse, ce qui le rend plus durable qu&rsquo;un c\u00e2ble de charge standard.<\/p>\n<ul>\n<li>100 % polyester recycl\u00e9\n<\/li>\n<li>Longueur : 1,2 m\n<\/li>\n<li>Compatible avec le Fairphone 3 et 3+ et prend en charge la charge rapide pour le Fairphone 4.<\/li>\n<\/ul>\n","protected":false},"featured_media":76160,"comment_status":"open","ping_status":"closed","template":"","meta":{"_seopress_robots_primary_cat":"none","_seopress_titles_title":"Cable USB-C","_seopress_titles_desc":"C\u00e2ble USB-C avec adaptateur USB-A pour se recharger o\u00f9 vous voulez.  Ce c\u00e2ble est renforc\u00e9 par une tresse, ce qui le rend plus durable qu\u2019un c\u00e2ble de charge standard.","_seopress_robots_index":""},"product_brand":[],"product_cat":[40],"product_tag":[464],"class_list":{"0":"post-76224","1":"product","2":"type-product","3":"status-publish","4":"has-post-thumbnail","6":"product_cat-accessoires","7":"product_tag-accessoires-fr","8":"wpbf-post","11":"instock","12":"taxable","13":"shipping-taxable","14":"purchasable","15":"product-type-simple"},"bundled_by":[],"bundle_stock_status":"instock","bundle_stock_quantity":28,"bundle_virtual":false,"bundle_layout":"","bundle_add_to_cart_form_location":"","bundle_editable_in_cart":false,"bundle_sold_individually_context":"","bundle_item_grouping":"","bundle_min_size":"","bundle_max_size":"","bundle_price":[],"bundled_items":[],"bundle_sell_ids":[],"supplier_id":500111,"supplier_sku":"","barcode":null,"atum_controlled":true,"out_stock_date":null,"out_stock_threshold":null,"inheritable":false,"inbound_stock":0,"stock_on_hold":0,"sold_today":0,"sales_last_days":0,"reserved_stock":0,"customer_returns":0,"warehouse_damage":0,"lost_in_post":0,"other_logs":0,"out_stock_days":0,"lost_sales":0,"has_location":false,"update_date":"2026-04-27T16:33:13","atum_locations":[],"atum_stock_status":"instock","restock_status":false,"low_stock_amount":"","sales_update_date":"2026-04-27T16:33:13","calc_backorders":null,"linked_bom":[],"sync_purchase_price":false,"bom_sellable":null,"minimum_threshold":null,"available_to_purchase":null,"selling_priority":null,"calculated_stock":null,"is_bom":false,"mi_inventories":[],"multi_inventory":"global","inventory_sorting_mode":"global","inventory_iteration":"global","expirable_inventories":"global","price_per_inventory":"global","show_write_off_inventories":"global","selectable_inventories":"global","selectable_inventories_mode":"global","_links":{"self":[{"href":"https:\/\/murenatest.com\/america\/fr\/wp-json\/wp\/v2\/product\/76224","targetHints":{"allow":["GET"]}}],"collection":[{"href":"https:\/\/murenatest.com\/america\/fr\/wp-json\/wp\/v2\/product"}],"about":[{"href":"https:\/\/murenatest.com\/america\/fr\/wp-json\/wp\/v2\/types\/product"}],"replies":[{"embeddable":true,"href":"https:\/\/murenatest.com\/america\/fr\/wp-json\/wp\/v2\/comments?post=76224"}],"wp:featuredmedia":[{"embeddable":true,"href":"https:\/\/murenatest.com\/america\/fr\/wp-json\/wp\/v2\/media\/76160"}],"wp:attachment":[{"href":"https:\/\/murenatest.com\/america\/fr\/wp-json\/wp\/v2\/media?parent=76224"}],"wp:term":[{"taxonomy":"product_brand","embeddable":true,"href":"https:\/\/murenatest.com\/america\/fr\/wp-json\/wp\/v2\/product_brand?post=76224"},{"taxonomy":"product_cat","embeddable":true,"href":"https:\/\/murenatest.com\/america\/fr\/wp-json\/wp\/v2\/product_cat?post=76224"},{"taxonomy":"product_tag","embeddable":true,"href":"https:\/\/murenatest.com\/america\/fr\/wp-json\/wp\/v2\/product_tag?post=76224"}],"curies":[{"name":"wp","href":"https:\/\/api.w.org\/{rel}","templated":true}]}}