{"id":76212,"date":"2023-05-19T11:30:14","date_gmt":"2023-05-19T15:30:14","guid":{"rendered":"https:\/\/murena.com\/america\/shop\/non%20class\u00e9\/protecteur-decran-murena-one\/"},"modified":"2023-07-03T03:36:07","modified_gmt":"2023-07-03T07:36:07","slug":"protecteur-decran-murena-one","status":"publish","type":"product","link":"https:\/\/murenatest.com\/america\/fr\/shop\/accessoires\/protecteur-decran-murena-one\/","title":{"rendered":"Protecteur d&rsquo;\u00e9cran Murena One"},"content":{"rendered":"","protected":false},"excerpt":{"rendered":"<p>Cette protection d&rsquo;\u00e9cran est con\u00e7ue pour aider votre Murena One \u00e0 durer aussi longtemps que possible. Ce verre tremp\u00e9 est tr\u00e8s durable, offrant une excellente r\u00e9sistance aux rayures et prot\u00e9geant m\u00eame contre les chutes de faible hauteur.<\/p>\n<p>Compatible avec Murena One | Incompatible avec Murena Fairphone 4, Fairphone 3+, Fairphone 3, Murena Teracube 2e.<\/p>\n","protected":false},"featured_media":76202,"comment_status":"open","ping_status":"closed","template":"","meta":{"_seopress_robots_primary_cat":"","_seopress_titles_title":"","_seopress_titles_desc":"","_seopress_robots_index":""},"product_brand":[],"product_cat":[40],"product_tag":[],"class_list":{"0":"post-76212","1":"product","2":"type-product","3":"status-publish","4":"has-post-thumbnail","6":"product_cat-accessoires","7":"wpbf-post","10":"outofstock","11":"taxable","12":"shipping-taxable","13":"purchasable","14":"product-type-simple"},"bundled_by":[],"bundle_stock_status":"outofstock","bundle_stock_quantity":0,"bundle_virtual":false,"bundle_layout":"","bundle_add_to_cart_form_location":"","bundle_editable_in_cart":false,"bundle_sold_individually_context":"","bundle_item_grouping":"","bundle_min_size":"","bundle_max_size":"","bundle_price":[],"bundled_items":[],"bundle_sell_ids":[],"supplier_id":null,"supplier_sku":"","barcode":null,"atum_controlled":true,"out_stock_date":"2024-02-15 10:05:35","out_stock_threshold":null,"inheritable":false,"inbound_stock":0,"stock_on_hold":0,"sold_today":0,"sales_last_days":0,"reserved_stock":0,"customer_returns":0,"warehouse_damage":0,"lost_in_post":0,"other_logs":0,"out_stock_days":802,"lost_sales":0,"has_location":false,"update_date":"2026-04-27T16:33:07","atum_locations":[],"atum_stock_status":"outofstock","restock_status":false,"low_stock_amount":"","sales_update_date":"2026-04-27T16:33:07","calc_backorders":null,"linked_bom":[],"sync_purchase_price":false,"bom_sellable":null,"minimum_threshold":null,"available_to_purchase":null,"selling_priority":null,"calculated_stock":null,"is_bom":false,"mi_inventories":[],"multi_inventory":"global","inventory_sorting_mode":"global","inventory_iteration":"global","expirable_inventories":"global","price_per_inventory":"global","show_write_off_inventories":"global","selectable_inventories":"global","selectable_inventories_mode":"global","_links":{"self":[{"href":"https:\/\/murenatest.com\/america\/fr\/wp-json\/wp\/v2\/product\/76212","targetHints":{"allow":["GET"]}}],"collection":[{"href":"https:\/\/murenatest.com\/america\/fr\/wp-json\/wp\/v2\/product"}],"about":[{"href":"https:\/\/murenatest.com\/america\/fr\/wp-json\/wp\/v2\/types\/product"}],"replies":[{"embeddable":true,"href":"https:\/\/murenatest.com\/america\/fr\/wp-json\/wp\/v2\/comments?post=76212"}],"wp:featuredmedia":[{"embeddable":true,"href":"https:\/\/murenatest.com\/america\/fr\/wp-json\/wp\/v2\/media\/76202"}],"wp:attachment":[{"href":"https:\/\/murenatest.com\/america\/fr\/wp-json\/wp\/v2\/media?parent=76212"}],"wp:term":[{"taxonomy":"product_brand","embeddable":true,"href":"https:\/\/murenatest.com\/america\/fr\/wp-json\/wp\/v2\/product_brand?post=76212"},{"taxonomy":"product_cat","embeddable":true,"href":"https:\/\/murenatest.com\/america\/fr\/wp-json\/wp\/v2\/product_cat?post=76212"},{"taxonomy":"product_tag","embeddable":true,"href":"https:\/\/murenatest.com\/america\/fr\/wp-json\/wp\/v2\/product_tag?post=76212"}],"curies":[{"name":"wp","href":"https:\/\/api.w.org\/{rel}","templated":true}]}}