{"id":76210,"date":"2023-05-19T11:33:46","date_gmt":"2023-05-19T15:33:46","guid":{"rendered":"https:\/\/murena.com\/america\/shop\/non%20class\u00e9\/coque-murena-one\/"},"modified":"2024-03-22T16:13:08","modified_gmt":"2024-03-22T20:13:08","slug":"coque-murena-one","status":"publish","type":"product","link":"https:\/\/murenatest.com\/america\/fr\/shop\/accessoires\/coque-murena-one\/","title":{"rendered":"Coque Murena One"},"content":{"rendered":"","protected":false},"excerpt":{"rendered":"<p>La coque de protection Murena One offre une protection suppl\u00e9mentaire, avec une esth\u00e9tique \u00e9l\u00e9gante et lisse. Elle est fabriqu\u00e9e en TPU et pr\u00e9sente une texture subtile semblable \u00e0 celle du cuir. Elle est fine, l\u00e9g\u00e8re et souple, mais suffisamment solide pour r\u00e9sister aux chocs et aux chutes inattendus.<\/p>\n<p>Cet \u00e9tui est sp\u00e9cialement con\u00e7u pour aider votre Murena One \u00e0 durer aussi longtemps que possible.<\/p>\n<p>Compatible uniquement avec le Murena One. <strong>Incompatible<\/strong> avec le Murena Fairphone 4, le Murena Fairphone 3+ ou le Murena Teracube 2e.<\/p>\n","protected":false},"featured_media":76206,"comment_status":"open","ping_status":"closed","template":"","meta":{"_seopress_robots_primary_cat":"none","_seopress_titles_title":"Coque Murena One","_seopress_titles_desc":"La coque de protection Murena One offre une protection suppl\u00e9mentaire, avec une esth\u00e9tique \u00e9l\u00e9gante et lisse. Elle est fabriqu\u00e9e en TPU et pr\u00e9sente une texture subtile semblable \u00e0 celle du cuir. Elle est fine, l\u00e9g\u00e8re et souple, mais suffisamment solide pour r\u00e9sister aux chocs et aux chutes inattendus.","_seopress_robots_index":""},"product_brand":[],"product_cat":[40],"product_tag":[],"class_list":{"0":"post-76210","1":"product","2":"type-product","3":"status-publish","4":"has-post-thumbnail","6":"product_cat-accessoires","7":"wpbf-post","10":"outofstock","11":"taxable","12":"shipping-taxable","13":"purchasable","14":"product-type-simple"},"bundled_by":[],"bundle_stock_status":"outofstock","bundle_stock_quantity":0,"bundle_virtual":false,"bundle_layout":"","bundle_add_to_cart_form_location":"","bundle_editable_in_cart":false,"bundle_sold_individually_context":"","bundle_item_grouping":"","bundle_min_size":"","bundle_max_size":"","bundle_price":[],"bundled_items":[],"bundle_sell_ids":[],"supplier_id":null,"supplier_sku":"","barcode":null,"atum_controlled":true,"out_stock_date":"2023-10-04 16:20:19","out_stock_threshold":null,"inheritable":false,"inbound_stock":0,"stock_on_hold":0,"sold_today":0,"sales_last_days":0,"reserved_stock":0,"customer_returns":0,"warehouse_damage":0,"lost_in_post":0,"other_logs":0,"out_stock_days":936,"lost_sales":0,"has_location":false,"update_date":"2026-04-27T16:33:08","atum_locations":[],"atum_stock_status":"outofstock","restock_status":false,"low_stock_amount":"","sales_update_date":"2026-04-27T16:33:07","calc_backorders":null,"linked_bom":[],"sync_purchase_price":false,"bom_sellable":null,"minimum_threshold":null,"available_to_purchase":null,"selling_priority":null,"calculated_stock":null,"is_bom":false,"mi_inventories":[],"multi_inventory":"global","inventory_sorting_mode":"global","inventory_iteration":"global","expirable_inventories":"global","price_per_inventory":"global","show_write_off_inventories":"global","selectable_inventories":"global","selectable_inventories_mode":"global","_links":{"self":[{"href":"https:\/\/murenatest.com\/america\/fr\/wp-json\/wp\/v2\/product\/76210","targetHints":{"allow":["GET"]}}],"collection":[{"href":"https:\/\/murenatest.com\/america\/fr\/wp-json\/wp\/v2\/product"}],"about":[{"href":"https:\/\/murenatest.com\/america\/fr\/wp-json\/wp\/v2\/types\/product"}],"replies":[{"embeddable":true,"href":"https:\/\/murenatest.com\/america\/fr\/wp-json\/wp\/v2\/comments?post=76210"}],"wp:featuredmedia":[{"embeddable":true,"href":"https:\/\/murenatest.com\/america\/fr\/wp-json\/wp\/v2\/media\/76206"}],"wp:attachment":[{"href":"https:\/\/murenatest.com\/america\/fr\/wp-json\/wp\/v2\/media?parent=76210"}],"wp:term":[{"taxonomy":"product_brand","embeddable":true,"href":"https:\/\/murenatest.com\/america\/fr\/wp-json\/wp\/v2\/product_brand?post=76210"},{"taxonomy":"product_cat","embeddable":true,"href":"https:\/\/murenatest.com\/america\/fr\/wp-json\/wp\/v2\/product_cat?post=76210"},{"taxonomy":"product_tag","embeddable":true,"href":"https:\/\/murenatest.com\/america\/fr\/wp-json\/wp\/v2\/product_tag?post=76210"}],"curies":[{"name":"wp","href":"https:\/\/api.w.org\/{rel}","templated":true}]}}