{"id":76113,"date":"2023-04-11T14:50:23","date_gmt":"2023-04-11T18:50:23","guid":{"rendered":"https:\/\/murena.com\/america\/shop\/non%20class\u00e9\/murena-pixel-5-reconditionne\/"},"modified":"2025-02-06T08:13:21","modified_gmt":"2025-02-06T13:13:21","slug":"murena-pixel-5-reconditionne","status":"publish","type":"product","link":"https:\/\/murenatest.com\/america\/fr\/shop\/smartphones\/reconditionne-a-neuf\/murena-pixel-5-reconditionne\/","title":{"rendered":"Murena Pixel 5 &#8211; Reconditionn\u00e9"},"content":{"rendered":"","protected":false},"excerpt":{"rendered":"<p>Le Murena Pixel 5 est notre appareil le plus compact avec un grand \u00e9cran OLED de 6 pouces.<\/p>\n<p>Le design \u00e9pur\u00e9 du t\u00e9l\u00e9phone permet de le tenir et de l&rsquo;utiliser d&rsquo;une seule main, sans compromis sur la taille de l&rsquo;\u00e9cran.<\/p>\n<p>Dot\u00e9 d&rsquo;un processeur Qualcomm Snapdragon 765G et de 8 Go de RAM, ce t\u00e9l\u00e9phone offre des performances rapides comme l&rsquo;\u00e9clair et des visuels \u00e9poustouflants qui faciliteront toutes les t\u00e2ches.<\/p>\n<p>De plus, le Murena Pixel 5 est \u00e9quip\u00e9 d&rsquo;un appareil photo arri\u00e8re de 12,2 m\u00e9gapixels et d&rsquo;un appareil photo avant de 8 m\u00e9gapixels, qui fournissent tous deux des images claires et nettes qui capturent les moindres d\u00e9tails. Avec 128 Go de stockage, vous disposerez de beaucoup d&rsquo;espace pour toutes vos photos, vid\u00e9os et applications.<\/p>\n<p>Il est \u00e9quip\u00e9 d&rsquo;une batterie de 4080 mAh, d&rsquo;un emplacement Nano-SIM et d&rsquo;un emplacement eSIM. Ce t\u00e9l\u00e9phone est conforme \u00e0 la norme IP68, ce qui signifie qu&rsquo;il r\u00e9siste \u00e0 la poussi\u00e8re et \u00e0 une profondeur d&rsquo;eau de 1,5 m\u00e8tre pendant 30 minutes.<\/p>\n<p>Le Murena Pixel 5 est le t\u00e9l\u00e9phone parfait pour vous si vous voulez un t\u00e9l\u00e9phone compact d\u00e9googlis\u00e9 avec la 5G et de hautes performances.<\/p>\n<p>\u00c9quip\u00e9 du syst\u00e8me d&rsquo;exploitation \/e\/OS, cet appareil est votre bouclier contre la collecte constante de donn\u00e9es par Google. Profitez des avantages d&rsquo;un appareil intelligent sans la surveillance, en vous redonnant le contr\u00f4le de vos donn\u00e9es personnelles. <a href=\"https:\/\/murenatest.com\/america\/fr\/shop\/smartphones\/reconditionne-a-neuf\/murena-pixel-5-reconditionne\/#android-without-google\">En savoir plus<\/a><\/p>\n","protected":false},"featured_media":503721,"comment_status":"open","ping_status":"closed","template":"","meta":{"_seopress_robots_primary_cat":"none","_seopress_titles_title":"Murena Pixel 5 - Reconditionn\u00e9","_seopress_titles_desc":"Faites l'exp\u00e9rience de la protection de la vie priv\u00e9e avec le Murena Pixel 5. Aliment\u00e9 par le syst\u00e8me d'exploitation r\u00e9volutionnaire \/e\/OS, cet appareil est votre bouclier contre la collecte constante de donn\u00e9es par Google. Profitez des avantages d'un appareil intelligent remis \u00e0 neuf sans la surveillance, en vous redonnant le contr\u00f4le de vos donn\u00e9es personnelles.","_seopress_robots_index":""},"product_brand":[],"product_cat":[426],"product_tag":[424,425,494,572,72,73,550,574],"class_list":{"0":"post-76113","1":"product","2":"type-product","3":"status-publish","4":"has-post-thumbnail","6":"product_cat-reconditionne-a-neuf","7":"product_tag-128-go","8":"product_tag-4g-lte-fr","9":"product_tag-5g-fr","10":"product_tag-batterie-non-amovible","11":"product_tag-deverrouille-par-loperateur","12":"product_tag-double-sim","13":"product_tag-garantie-1-ans","14":"product_tag-reconditionne-a-neuf","15":"wpbf-post","18":"outofstock","19":"purchasable","20":"product-type-simple"},"bundled_by":[],"bundle_stock_status":"outofstock","bundle_stock_quantity":0,"bundle_virtual":false,"bundle_layout":"","bundle_add_to_cart_form_location":"","bundle_editable_in_cart":false,"bundle_sold_individually_context":"","bundle_item_grouping":"","bundle_min_size":"","bundle_max_size":"","bundle_price":[],"bundled_items":[],"bundle_sell_ids":[],"supplier_id":null,"supplier_sku":"","barcode":null,"atum_controlled":false,"out_stock_date":"2023-05-19 07:51:40","out_stock_threshold":null,"inheritable":false,"inbound_stock":0,"stock_on_hold":0,"sold_today":0,"sales_last_days":0,"reserved_stock":0,"customer_returns":0,"warehouse_damage":0,"lost_in_post":0,"other_logs":0,"out_stock_days":1074,"lost_sales":0,"has_location":false,"update_date":"2026-04-27T16:33:16","atum_locations":[],"atum_stock_status":"outofstock","restock_status":false,"low_stock_amount":"","sales_update_date":"2026-04-27T16:33:16","calc_backorders":null,"linked_bom":[],"sync_purchase_price":false,"bom_sellable":null,"minimum_threshold":null,"available_to_purchase":null,"selling_priority":null,"calculated_stock":null,"is_bom":false,"mi_inventories":[],"multi_inventory":"no","inventory_sorting_mode":"global","inventory_iteration":"global","expirable_inventories":"global","price_per_inventory":"global","show_write_off_inventories":"global","selectable_inventories":"global","selectable_inventories_mode":"global","_links":{"self":[{"href":"https:\/\/murenatest.com\/america\/fr\/wp-json\/wp\/v2\/product\/76113","targetHints":{"allow":["GET"]}}],"collection":[{"href":"https:\/\/murenatest.com\/america\/fr\/wp-json\/wp\/v2\/product"}],"about":[{"href":"https:\/\/murenatest.com\/america\/fr\/wp-json\/wp\/v2\/types\/product"}],"replies":[{"embeddable":true,"href":"https:\/\/murenatest.com\/america\/fr\/wp-json\/wp\/v2\/comments?post=76113"}],"wp:featuredmedia":[{"embeddable":true,"href":"https:\/\/murenatest.com\/america\/fr\/wp-json\/wp\/v2\/media\/503721"}],"wp:attachment":[{"href":"https:\/\/murenatest.com\/america\/fr\/wp-json\/wp\/v2\/media?parent=76113"}],"wp:term":[{"taxonomy":"product_brand","embeddable":true,"href":"https:\/\/murenatest.com\/america\/fr\/wp-json\/wp\/v2\/product_brand?post=76113"},{"taxonomy":"product_cat","embeddable":true,"href":"https:\/\/murenatest.com\/america\/fr\/wp-json\/wp\/v2\/product_cat?post=76113"},{"taxonomy":"product_tag","embeddable":true,"href":"https:\/\/murenatest.com\/america\/fr\/wp-json\/wp\/v2\/product_tag?post=76113"}],"curies":[{"name":"wp","href":"https:\/\/api.w.org\/{rel}","templated":true}]}}