{"id":505161,"date":"2024-12-04T13:30:17","date_gmt":"2024-12-04T18:30:17","guid":{"rendered":"https:\/\/murena.com\/america\/shop\/non%20class\u00e9\/murena-pixel-tablette\/"},"modified":"2025-03-12T07:05:26","modified_gmt":"2025-03-12T11:05:26","slug":"murena-pixel-tablette","status":"publish","type":"product","link":"https:\/\/murenatest.com\/america\/fr\/shop\/smartphones\/reconditionne-a-neuf\/murena-pixel-tablette\/","title":{"rendered":"Tablette Murena Pixel"},"content":{"rendered":"","protected":false},"excerpt":{"rendered":"<p>Apr\u00e8s de nombreuses demandes, elle est enfin l\u00e0 !<br \/>\nD\u00e9couvrez notre premi\u00e8re tablette ax\u00e9e sur la protection de la vie priv\u00e9e, la <strong>tablette Murena Pixel<\/strong> !<\/p>\n<p>La tablette Murena Pixel, qui fonctionne avec le syst\u00e8me d&rsquo;exploitation open source \/e\/OS, offre une <strong>exp\u00e9rience Android ax\u00e9e sur la protection de la vie priv\u00e9e<\/strong>. Profitez de toutes les performances et de la polyvalence dont vous avez besoin, tout en minimisant le suivi des donn\u00e9es, en ayant une exp\u00e9rience plus s\u00e9curis\u00e9e et sans que les services de Google ne collectent vos informations personnelles. <a href=\"https:\/\/murenatest.com\/america\/fr\/shop\/smartphones\/reconditionne-a-neuf\/murena-pixel-tablette\/#android-without-google\"><span style=\"text-decoration: underline\">En savoir plus<\/span><\/a><\/p>\n<p>Dot\u00e9e d&rsquo;un \u00e9cran LCD de 10,95 pouces d&rsquo;une r\u00e9solution nette de 2 560 x 1 600, cette tablette offre des images \u00e9clatantes pour le travail et les loisirs. Dot\u00e9e de la puce Tensor G2, elle garantit des performances fluides tout en <strong>s\u00e9curisant vos donn\u00e9es<\/strong>. Profitez de notre synchronisation int\u00e9gr\u00e9e avec <strong>l&rsquo;espace de travail Murena<\/strong> qui fonctionne \u00e0 l&rsquo;\u00e9nergie renouvelable.<\/p>\n<p>Le design \u00e9l\u00e9gant en aluminium de la tablette, les cam\u00e9ras avant et arri\u00e8re. Que vous l&rsquo;utilisiez pour les m\u00e9dias, la productivit\u00e9 ou la cr\u00e9ativit\u00e9, la <strong>tablette Murena Pixel<\/strong> avec le syst\u00e8me d&rsquo;exploitation \/e\/OS offre une alternative transparente et respectueuse de la vie priv\u00e9e aux tablettes traditionnelles, vous donnant un contr\u00f4le total sur vos donn\u00e9es. <a href=\"https:\/\/murenatest.com\/america\/fr\/shop\/smartphones\/reconditionne-a-neuf\/murena-pixel-tablette\/#tech-spec\"><span style=\"text-decoration: underline\">En savoir plus<\/span><\/a><\/p>\n<p>La <strong>tablette Murena Pixel<\/strong> est le choix id\u00e9al pour ceux qui recherchent un appareil performant sans faire de compromis sur l&rsquo;\u00e9thique. Avec \/e\/OS, elle offre un m\u00e9lange homog\u00e8ne de fonctionnalit\u00e9s puissantes et de s\u00e9curit\u00e9 robuste, vous donnant la libert\u00e9 de profiter de la technologie tout en gardant vos donn\u00e9es personnelles en s\u00e9curit\u00e9 et sous votre contr\u00f4le.<\/p>\n<p>Note: le montant ci-dessous inclut toutes les taxes et les droits de douane pour votre pays.<\/p>\n","protected":false},"featured_media":505230,"comment_status":"open","ping_status":"closed","template":"","meta":{"_seopress_robots_primary_cat":"none","_seopress_titles_title":"","_seopress_titles_desc":"","_seopress_robots_index":""},"product_brand":[],"product_cat":[426],"product_tag":[493,431,71],"class_list":{"0":"post-505161","1":"product","2":"type-product","3":"status-publish","4":"has-post-thumbnail","6":"product_cat-reconditionne-a-neuf","7":"product_tag-128-ou-256-go","8":"product_tag-garantie-2-ans","9":"product_tag-neuf","10":"pa_colour-gris","11":"wpbf-post","14":"outofstock","15":"taxable","16":"shipping-taxable","17":"purchasable","18":"product-type-variable"},"bundled_by":[],"bundle_stock_status":"outofstock","bundle_stock_quantity":0,"bundle_virtual":false,"bundle_layout":"","bundle_add_to_cart_form_location":"","bundle_editable_in_cart":false,"bundle_sold_individually_context":"","bundle_item_grouping":"","bundle_min_size":"","bundle_max_size":"","bundle_price":[],"bundled_items":[],"bundle_sell_ids":[],"supplier_id":500111,"supplier_sku":"","barcode":null,"atum_controlled":true,"out_stock_date":"2025-05-13 08:22:45","out_stock_threshold":null,"inheritable":true,"inbound_stock":0,"stock_on_hold":1,"sold_today":0,"sales_last_days":0,"reserved_stock":0,"customer_returns":0,"warehouse_damage":0,"lost_in_post":0,"other_logs":0,"out_stock_days":349,"lost_sales":0,"has_location":false,"update_date":"2026-04-27T16:33:28","atum_locations":[],"atum_stock_status":"outofstock","restock_status":false,"low_stock_amount":3,"sales_update_date":"2026-04-27T16:33:28","calc_backorders":null,"linked_bom":[],"sync_purchase_price":false,"bom_sellable":null,"minimum_threshold":null,"available_to_purchase":null,"selling_priority":null,"calculated_stock":null,"is_bom":false,"mi_inventories":[],"multi_inventory":"no","inventory_sorting_mode":"global","inventory_iteration":"global","expirable_inventories":"global","price_per_inventory":"global","show_write_off_inventories":"global","selectable_inventories":"global","selectable_inventories_mode":"global","_links":{"self":[{"href":"https:\/\/murenatest.com\/america\/fr\/wp-json\/wp\/v2\/product\/505161","targetHints":{"allow":["GET"]}}],"collection":[{"href":"https:\/\/murenatest.com\/america\/fr\/wp-json\/wp\/v2\/product"}],"about":[{"href":"https:\/\/murenatest.com\/america\/fr\/wp-json\/wp\/v2\/types\/product"}],"replies":[{"embeddable":true,"href":"https:\/\/murenatest.com\/america\/fr\/wp-json\/wp\/v2\/comments?post=505161"}],"wp:featuredmedia":[{"embeddable":true,"href":"https:\/\/murenatest.com\/america\/fr\/wp-json\/wp\/v2\/media\/505230"}],"wp:attachment":[{"href":"https:\/\/murenatest.com\/america\/fr\/wp-json\/wp\/v2\/media?parent=505161"}],"wp:term":[{"taxonomy":"product_brand","embeddable":true,"href":"https:\/\/murenatest.com\/america\/fr\/wp-json\/wp\/v2\/product_brand?post=505161"},{"taxonomy":"product_cat","embeddable":true,"href":"https:\/\/murenatest.com\/america\/fr\/wp-json\/wp\/v2\/product_cat?post=505161"},{"taxonomy":"product_tag","embeddable":true,"href":"https:\/\/murenatest.com\/america\/fr\/wp-json\/wp\/v2\/product_tag?post=505161"}],"curies":[{"name":"wp","href":"https:\/\/api.w.org\/{rel}","templated":true}]}}