{"id":76229,"date":"2023-05-19T09:17:46","date_gmt":"2023-05-19T13:17:46","guid":{"rendered":"https:\/\/murena.com\/america\/shop\/sin%20categor\u00eda\/murena-fairphone-4\/"},"modified":"2025-12-25T09:21:57","modified_gmt":"2025-12-25T14:21:57","slug":"murena-fairphone-4","status":"publish","type":"product","link":"https:\/\/murenatest.com\/america\/es\/shop\/moviles\/nuevo\/murena-fairphone-4\/","title":{"rendered":"Murena Fairphone 4"},"content":{"rendered":"","protected":false},"excerpt":{"rendered":"<p>El Murena Fairphone 4 deGoogled es el primer tel\u00e9fono 5G consciente de la privacidad y sostenible.<\/p>\n<p>Como todos los tel\u00e9fonos Fairphone, est\u00e1 construido para durar con su dise\u00f1o modular y reparable. Cuenta con una bater\u00eda recargable de 3905 mAh extra\u00edble. Puedes cambiar la bater\u00eda o la pantalla por tu cuenta. Ninguna parte del Murena Fairphone 4 est\u00e1 pegada, por lo que puede optar por repararlo usted mismo f\u00e1cilmente con un destornillador est\u00e1ndar.<\/p>\n<p>El Murena Fairphone 4 cuenta con una doble c\u00e1mara trasera de 48 MP y una c\u00e1mara selfie de 25 MP para obtener excelentes fotograf\u00edas y v\u00eddeos.<\/p>\n<p>Este tel\u00e9fono es el primer tel\u00e9fono modular con clasificaci\u00f3n IP. Esta clasificaci\u00f3n proporciona informaci\u00f3n sobre la protecci\u00f3n del dispositivo contra la intrusi\u00f3n de s\u00f3lidos (como part\u00edculas de polvo) y l\u00edquidos, como el agua. Con la clasificaci\u00f3n IP54, su Murena Fairphone 4 est\u00e1 protegido contra el polvo y la lluvia.<\/p>\n<p>Si quieres un tel\u00e9fono a prueba de futuro y si ya necesitas el 5G, este es tu compa\u00f1ero perfecto.<\/p>\n<p>Este tel\u00e9fono funciona con el revolucionario sistema operativo \/e\/OS y es tu escudo contra la constante recopilaci\u00f3n de datos de Google. Disfruta de las ventajas de un dispositivo inteligente sin la vigilancia, devolvi\u00e9ndote el control de tus datos personales. <a href=\"https:\/\/murenatest.com\/america\/es\/shop\/moviles\/nuevo\/murena-fairphone-4\/#android-without-google\">M\u00e1s informaci\u00f3n.<\/a><\/p>\n","protected":false},"featured_media":503713,"comment_status":"open","ping_status":"closed","template":"","meta":{"_seopress_robots_primary_cat":"none","_seopress_titles_title":"Murena Fairphone 4","_seopress_titles_desc":"\ud83d\udd0d A Murena Fairphone 4 displaying the \/e\/OS home screen in front of the back of two other devices Murena Fairphone 4 Grey back Murena Fairphone 4 inside Murena Fairphone 4 Green back      A Murena Fairphone 4 displaying the \/e\/OS home screen in front of the back of two other devices     Murena Fairphone 4 Grey back     Murena Fairphone 4 inside     Murena Fairphone 4 Green back  Murena Fairphone 4  El Fairphone 4 desGoogleado Murena es el primer tel\u00e9fono 5G sostenible y respetuoso con la privacidad.","_seopress_robots_index":""},"product_brand":[],"product_cat":[533],"product_tag":[557,555,576,659,569,571,568,567],"class_list":{"0":"post-76229","1":"product","2":"type-product","3":"status-publish","4":"has-post-thumbnail","6":"product_cat-nuevo","7":"product_tag-128-256gb-es","8":"product_tag-5g-es","9":"product_tag-bateria-extraible","10":"product_tag-compatible-con-t-mobile-y-sus-subsidiarias","11":"product_tag-doble-sim","12":"product_tag-extended-warranty-es","13":"product_tag-liberado","14":"product_tag-nuevo","15":"pa_colour-verde-moteado","16":"pa_colour-verde","17":"pa_colour-gris","18":"wpbf-post","21":"onbackorder","22":"taxable","23":"shipping-taxable","24":"purchasable","25":"product-type-variable"},"bundled_by":["506422","506428"],"bundle_stock_status":"onbackorder","bundle_stock_quantity":null,"bundle_virtual":false,"bundle_layout":"","bundle_add_to_cart_form_location":"","bundle_editable_in_cart":false,"bundle_sold_individually_context":"","bundle_item_grouping":"","bundle_min_size":"","bundle_max_size":"","bundle_price":[],"bundled_items":[],"bundle_sell_ids":[],"supplier_id":null,"supplier_sku":"","barcode":null,"atum_controlled":true,"out_stock_date":null,"out_stock_threshold":null,"inheritable":true,"inbound_stock":200,"stock_on_hold":6,"sold_today":0,"sales_last_days":0,"reserved_stock":0,"customer_returns":0,"warehouse_damage":0,"lost_in_post":0,"other_logs":0,"out_stock_days":0,"lost_sales":0,"has_location":false,"update_date":"2026-04-27T16:33:30","atum_locations":[],"atum_stock_status":"onbackorder","restock_status":false,"low_stock_amount":"","sales_update_date":"2026-04-27T16:33:30","calc_backorders":null,"linked_bom":[],"sync_purchase_price":false,"bom_sellable":null,"minimum_threshold":null,"available_to_purchase":null,"selling_priority":null,"calculated_stock":null,"is_bom":false,"mi_inventories":[],"multi_inventory":"no","inventory_sorting_mode":"global","inventory_iteration":"global","expirable_inventories":"global","price_per_inventory":"global","show_write_off_inventories":"global","selectable_inventories":"global","selectable_inventories_mode":"global","_links":{"self":[{"href":"https:\/\/murenatest.com\/america\/es\/wp-json\/wp\/v2\/product\/76229","targetHints":{"allow":["GET"]}}],"collection":[{"href":"https:\/\/murenatest.com\/america\/es\/wp-json\/wp\/v2\/product"}],"about":[{"href":"https:\/\/murenatest.com\/america\/es\/wp-json\/wp\/v2\/types\/product"}],"replies":[{"embeddable":true,"href":"https:\/\/murenatest.com\/america\/es\/wp-json\/wp\/v2\/comments?post=76229"}],"wp:featuredmedia":[{"embeddable":true,"href":"https:\/\/murenatest.com\/america\/es\/wp-json\/wp\/v2\/media\/503713"}],"wp:attachment":[{"href":"https:\/\/murenatest.com\/america\/es\/wp-json\/wp\/v2\/media?parent=76229"}],"wp:term":[{"taxonomy":"product_brand","embeddable":true,"href":"https:\/\/murenatest.com\/america\/es\/wp-json\/wp\/v2\/product_brand?post=76229"},{"taxonomy":"product_cat","embeddable":true,"href":"https:\/\/murenatest.com\/america\/es\/wp-json\/wp\/v2\/product_cat?post=76229"},{"taxonomy":"product_tag","embeddable":true,"href":"https:\/\/murenatest.com\/america\/es\/wp-json\/wp\/v2\/product_tag?post=76229"}],"curies":[{"name":"wp","href":"https:\/\/api.w.org\/{rel}","templated":true}]}}