{"id":76225,"date":"2023-05-19T09:54:31","date_gmt":"2023-05-19T13:54:31","guid":{"rendered":"https:\/\/murena.com\/america\/shop\/sin%20categor\u00eda\/usb-c-2-0-cable\/"},"modified":"2023-07-05T09:07:13","modified_gmt":"2023-07-05T13:07:13","slug":"usb-c-2-0-cable","status":"publish","type":"product","link":"https:\/\/murenatest.com\/america\/es\/shop\/accesorios\/usb-c-2-0-cable\/","title":{"rendered":"USB-C 2.0 Cable"},"content":{"rendered":"","protected":false},"excerpt":{"rendered":"<p>Cable USB-C con adaptador USB-A para cargar donde quieras.<\/p>\n<p>Este cable est\u00e1 reforzado con trenzado, lo que lo hace m\u00e1s duradero que un cable de carga est\u00e1ndar.<\/p>\n<ul>\n<li>100% poli\u00e9ster reciclado<\/li>\n<li>Longitud: 1,2 m<\/li>\n<li>Compatible con Fairphone 3 y 3+ y admite carga r\u00e1pida para Fairphone 4.<\/li>\n<\/ul>\n","protected":false},"featured_media":76161,"comment_status":"open","ping_status":"closed","template":"","meta":{"_seopress_robots_primary_cat":"","_seopress_titles_title":"","_seopress_titles_desc":"","_seopress_robots_index":""},"product_brand":[],"product_cat":[535],"product_tag":[558],"class_list":{"0":"post-76225","1":"product","2":"type-product","3":"status-publish","4":"has-post-thumbnail","6":"product_cat-accesorios","7":"product_tag-accessories-es","8":"wpbf-post","11":"instock","12":"taxable","13":"shipping-taxable","14":"purchasable","15":"product-type-simple"},"bundled_by":[],"bundle_stock_status":"instock","bundle_stock_quantity":28,"bundle_virtual":false,"bundle_layout":"","bundle_add_to_cart_form_location":"","bundle_editable_in_cart":false,"bundle_sold_individually_context":"","bundle_item_grouping":"","bundle_min_size":"","bundle_max_size":"","bundle_price":[],"bundled_items":[],"bundle_sell_ids":[],"supplier_id":500111,"supplier_sku":"","barcode":null,"atum_controlled":true,"out_stock_date":null,"out_stock_threshold":null,"inheritable":false,"inbound_stock":0,"stock_on_hold":0,"sold_today":0,"sales_last_days":0,"reserved_stock":0,"customer_returns":0,"warehouse_damage":0,"lost_in_post":0,"other_logs":0,"out_stock_days":0,"lost_sales":0,"has_location":false,"update_date":"2026-04-27T16:33:13","atum_locations":[],"atum_stock_status":"instock","restock_status":false,"low_stock_amount":"","sales_update_date":"2026-04-27T16:33:13","calc_backorders":null,"linked_bom":[],"sync_purchase_price":false,"bom_sellable":null,"minimum_threshold":null,"available_to_purchase":null,"selling_priority":null,"calculated_stock":null,"is_bom":false,"mi_inventories":[],"multi_inventory":"global","inventory_sorting_mode":"global","inventory_iteration":"global","expirable_inventories":"global","price_per_inventory":"global","show_write_off_inventories":"global","selectable_inventories":"global","selectable_inventories_mode":"global","_links":{"self":[{"href":"https:\/\/murenatest.com\/america\/es\/wp-json\/wp\/v2\/product\/76225","targetHints":{"allow":["GET"]}}],"collection":[{"href":"https:\/\/murenatest.com\/america\/es\/wp-json\/wp\/v2\/product"}],"about":[{"href":"https:\/\/murenatest.com\/america\/es\/wp-json\/wp\/v2\/types\/product"}],"replies":[{"embeddable":true,"href":"https:\/\/murenatest.com\/america\/es\/wp-json\/wp\/v2\/comments?post=76225"}],"wp:featuredmedia":[{"embeddable":true,"href":"https:\/\/murenatest.com\/america\/es\/wp-json\/wp\/v2\/media\/76161"}],"wp:attachment":[{"href":"https:\/\/murenatest.com\/america\/es\/wp-json\/wp\/v2\/media?parent=76225"}],"wp:term":[{"taxonomy":"product_brand","embeddable":true,"href":"https:\/\/murenatest.com\/america\/es\/wp-json\/wp\/v2\/product_brand?post=76225"},{"taxonomy":"product_cat","embeddable":true,"href":"https:\/\/murenatest.com\/america\/es\/wp-json\/wp\/v2\/product_cat?post=76225"},{"taxonomy":"product_tag","embeddable":true,"href":"https:\/\/murenatest.com\/america\/es\/wp-json\/wp\/v2\/product_tag?post=76225"}],"curies":[{"name":"wp","href":"https:\/\/api.w.org\/{rel}","templated":true}]}}