{"id":76115,"date":"2023-04-11T14:50:23","date_gmt":"2023-04-11T18:50:23","guid":{"rendered":"https:\/\/murena.com\/america\/shop\/sin%20categor\u00eda\/murena-pixel-5-reacondicionado\/"},"modified":"2025-01-24T10:48:14","modified_gmt":"2025-01-24T15:48:14","slug":"murena-pixel-5-reacondicionado","status":"publish","type":"product","link":"https:\/\/murenatest.com\/america\/es\/shop\/moviles\/reacondicionado\/murena-pixel-5-reacondicionado\/","title":{"rendered":"Murena Pixel 5 &#8211; Reacondicionado"},"content":{"rendered":"","protected":false},"excerpt":{"rendered":"<p>El Murena Pixel 5 es nuestro dispositivo m\u00e1s compacto con una gran pantalla OLED de 6 pulgadas.<\/p>\n<p>El elegante dise\u00f1o del tel\u00e9fono permite sujetarlo y utilizarlo con una sola mano, sin renunciar al tama\u00f1o de la pantalla.<\/p>\n<p>Equipado con un procesador Qualcomm Snapdragon 765G y 8 GB de RAM, este tel\u00e9fono ofrece un rendimiento ultrarr\u00e1pido y unos efectos visuales impresionantes que facilitar\u00e1n cualquier tarea.<\/p>\n<p>Adem\u00e1s, el Murena Pixel 5 est\u00e1 equipado con una c\u00e1mara trasera de 12,2 megap\u00edxeles y una c\u00e1mara frontal de 8 megap\u00edxeles, que proporcionan im\u00e1genes n\u00edtidas y claras que capturan todos los detalles. Con 128 GB de almacenamiento, tendr\u00e1s espacio de sobra para todas tus fotos, v\u00eddeos y apps.<\/p>\n<p>Tiene una bater\u00eda de 4080 mAh, ranura Nano-SIM y ranura eSIM. El tel\u00e9fono tiene certificaci\u00f3n IP68, lo que significa que es resistente al polvo y al agua hasta 1,5 metros durante 30 minutos.<\/p>\n<p>El Murena Pixel 5 es el tel\u00e9fono perfecto para ti si quieres un tel\u00e9fono compacto con 5G y altas prestaciones.<\/p>\n<p>Utilizando el sistema operativo \/e\/OS, este dispositivo es tu escudo contra la constante recopilaci\u00f3n de datos de Google. Disfruta de los beneficios de un dispositivo inteligente sin la vigilancia, poni\u00e9ndole de nuevo en control de sus datos personales. <a href=\"https:\/\/murenatest.com\/america\/es\/shop\/moviles\/reacondicionado\/murena-pixel-5-reacondicionado\/#android-without-google\">Leer m\u00e1s<\/a><\/p>\n","protected":false},"featured_media":503722,"comment_status":"open","ping_status":"closed","template":"","meta":{"_seopress_robots_primary_cat":"","_seopress_titles_title":"Murena Pixel 5 - Reacondicionado","_seopress_titles_desc":"Experimenta la privacidad ante todo con el Pixel 5 de Murena. Equipado con el revolucionario sistema operativo \/e\/OS, este dispositivo es tu escudo contra la constante recopilaci\u00f3n de datos de Google. Disfruta de las ventajas de un dispositivo inteligente renovado sin la vigilancia, devolvi\u00e9ndote el control de tus datos personales.","_seopress_robots_index":""},"product_brand":[],"product_cat":[534],"product_tag":[549,556,553,555,573,569,568,575],"class_list":{"0":"post-76115","1":"product","2":"type-product","3":"status-publish","4":"has-post-thumbnail","6":"product_cat-reacondicionado","7":"product_tag-1-anos-de-garantia","8":"product_tag-128-gb-es","9":"product_tag-4g-lte-es","10":"product_tag-5g-es","11":"product_tag-bateria-no-extraible","12":"product_tag-doble-sim","13":"product_tag-liberado","14":"product_tag-reacondicionado","15":"wpbf-post","18":"outofstock","19":"purchasable","20":"product-type-simple"},"bundled_by":[],"bundle_stock_status":"outofstock","bundle_stock_quantity":0,"bundle_virtual":false,"bundle_layout":"","bundle_add_to_cart_form_location":"","bundle_editable_in_cart":false,"bundle_sold_individually_context":"","bundle_item_grouping":"","bundle_min_size":"","bundle_max_size":"","bundle_price":[],"bundled_items":[],"bundle_sell_ids":[],"supplier_id":null,"supplier_sku":"","barcode":null,"atum_controlled":false,"out_stock_date":"2023-05-19 07:51:40","out_stock_threshold":null,"inheritable":false,"inbound_stock":0,"stock_on_hold":0,"sold_today":0,"sales_last_days":0,"reserved_stock":0,"customer_returns":0,"warehouse_damage":0,"lost_in_post":0,"other_logs":0,"out_stock_days":1074,"lost_sales":0,"has_location":false,"update_date":"2026-04-27T16:33:16","atum_locations":[],"atum_stock_status":"outofstock","restock_status":false,"low_stock_amount":"","sales_update_date":"2026-04-27T16:33:16","calc_backorders":null,"linked_bom":[],"sync_purchase_price":false,"bom_sellable":null,"minimum_threshold":null,"available_to_purchase":null,"selling_priority":null,"calculated_stock":null,"is_bom":false,"mi_inventories":[],"multi_inventory":"no","inventory_sorting_mode":"global","inventory_iteration":"global","expirable_inventories":"global","price_per_inventory":"global","show_write_off_inventories":"global","selectable_inventories":"global","selectable_inventories_mode":"global","_links":{"self":[{"href":"https:\/\/murenatest.com\/america\/es\/wp-json\/wp\/v2\/product\/76115","targetHints":{"allow":["GET"]}}],"collection":[{"href":"https:\/\/murenatest.com\/america\/es\/wp-json\/wp\/v2\/product"}],"about":[{"href":"https:\/\/murenatest.com\/america\/es\/wp-json\/wp\/v2\/types\/product"}],"replies":[{"embeddable":true,"href":"https:\/\/murenatest.com\/america\/es\/wp-json\/wp\/v2\/comments?post=76115"}],"wp:featuredmedia":[{"embeddable":true,"href":"https:\/\/murenatest.com\/america\/es\/wp-json\/wp\/v2\/media\/503722"}],"wp:attachment":[{"href":"https:\/\/murenatest.com\/america\/es\/wp-json\/wp\/v2\/media?parent=76115"}],"wp:term":[{"taxonomy":"product_brand","embeddable":true,"href":"https:\/\/murenatest.com\/america\/es\/wp-json\/wp\/v2\/product_brand?post=76115"},{"taxonomy":"product_cat","embeddable":true,"href":"https:\/\/murenatest.com\/america\/es\/wp-json\/wp\/v2\/product_cat?post=76115"},{"taxonomy":"product_tag","embeddable":true,"href":"https:\/\/murenatest.com\/america\/es\/wp-json\/wp\/v2\/product_tag?post=76115"}],"curies":[{"name":"wp","href":"https:\/\/api.w.org\/{rel}","templated":true}]}}