{"id":505162,"date":"2024-12-04T13:30:17","date_gmt":"2024-12-04T18:30:17","guid":{"rendered":"https:\/\/murena.com\/america\/shop\/sin%20categor\u00eda\/murena-pixel-tablet\/"},"modified":"2025-03-12T07:05:48","modified_gmt":"2025-03-12T11:05:48","slug":"murena-pixel-tablet","status":"publish","type":"product","link":"https:\/\/murenatest.com\/america\/es\/shop\/moviles\/reacondicionado\/murena-pixel-tablet\/","title":{"rendered":"Murena Pixel Tablet"},"content":{"rendered":"","protected":false},"excerpt":{"rendered":"<p>Despu\u00e9s de muchas peticiones, \u00a1por fin est\u00e1 aqu\u00ed!<br \/>\nDescubra nuestra primera tableta orientada a la privacidad, la <strong>tableta Murena Pixel<\/strong>.<\/p>\n<p>La tableta Murena Pixel, que funciona con el sistema operativo de c\u00f3digo abierto \/e\/OS, ofrece una <strong>experiencia Android centrada en la privacidad<\/strong>. Disfruta de todo el rendimiento y la versatilidad que necesitas, al tiempo que minimizas el rastreo de datos, tienes una experiencia m\u00e1s segura y ning\u00fan servicio de Google recopila tu informaci\u00f3n personal.<a href=\"https:\/\/murenatest.com\/america\/shop\/smartphones\/premium-refurbished\/murena-pixel-tablet\/#android-without-google\"><span style=\"text-decoration: underline\"> M\u00e1s informaci\u00f3n<\/span><\/a><\/p>\n<p>Con una pantalla LCD de 10,95 pulgadas y una n\u00edtida resoluci\u00f3n de 2560 x 1600 p\u00edxeles, esta tableta ofrece im\u00e1genes vibrantes tanto para el trabajo como para el ocio. Equipada con el eficiente chip Tensor G2, garantiza un rendimiento fluido a la vez que mantiene tus <strong>datos seguros<\/strong>. Disfruta de la sincronizaci\u00f3n integrada con <strong>Murena Workspace<\/strong>, que funciona con energ\u00eda renovable.<\/p>\n<p>El elegante dise\u00f1o de aluminio de la tableta y las c\u00e1maras frontal y trasera. Tanto si la utiliza para multimedia, productividad o creatividad, la <strong>tableta Pixel de Murena<\/strong> con sistema operativo \/e\/OS ofrece una alternativa fluida y respetuosa con la privacidad a las tabletas tradicionales, d\u00e1ndole un control total sobre sus datos. <a href=\"https:\/\/murenatest.com\/america\/shop\/smartphones\/premium-refurbished\/murena-pixel-tablet\/#tech-spec\"><span style=\"text-decoration: underline\">M\u00e1s informaci\u00f3n<\/span><\/a><\/p>\n<p>La <strong>Murena Pixel Tablet<\/strong> es la elecci\u00f3n perfecta para quienes buscan un dispositivo de alto rendimiento sin renunciar a la \u00e9tica. Con \/e\/OS, ofrece una combinaci\u00f3n perfecta de potentes funciones y s\u00f3lida seguridad, d\u00e1ndote la libertad de disfrutar de la tecnolog\u00eda mientras mantienes tus datos personales seguros y bajo tu control.<\/p>\n<p>Nota: el importe que figura a continuaci\u00f3n incluye todos los impuestos y derechos de aduana de su pa\u00eds.<\/p>\n","protected":false},"featured_media":505231,"comment_status":"open","ping_status":"closed","template":"","meta":{"_seopress_robots_primary_cat":"none","_seopress_titles_title":"","_seopress_titles_desc":"","_seopress_robots_index":""},"product_brand":[],"product_cat":[534],"product_tag":[557,551,567],"class_list":{"0":"post-505162","1":"product","2":"type-product","3":"status-publish","4":"has-post-thumbnail","6":"product_cat-reacondicionado","7":"product_tag-128-256gb-es","8":"product_tag-2-anos-de-garantia","9":"product_tag-nuevo","10":"pa_colour-gris","11":"wpbf-post","14":"outofstock","15":"taxable","16":"shipping-taxable","17":"purchasable","18":"product-type-variable"},"bundled_by":[],"bundle_stock_status":"outofstock","bundle_stock_quantity":0,"bundle_virtual":false,"bundle_layout":"","bundle_add_to_cart_form_location":"","bundle_editable_in_cart":false,"bundle_sold_individually_context":"","bundle_item_grouping":"","bundle_min_size":"","bundle_max_size":"","bundle_price":[],"bundled_items":[],"bundle_sell_ids":[],"supplier_id":500111,"supplier_sku":"","barcode":null,"atum_controlled":true,"out_stock_date":"2025-05-13 08:22:45","out_stock_threshold":null,"inheritable":true,"inbound_stock":0,"stock_on_hold":1,"sold_today":0,"sales_last_days":0,"reserved_stock":0,"customer_returns":0,"warehouse_damage":0,"lost_in_post":0,"other_logs":0,"out_stock_days":349,"lost_sales":0,"has_location":false,"update_date":"2026-04-27T16:33:28","atum_locations":[],"atum_stock_status":"outofstock","restock_status":false,"low_stock_amount":3,"sales_update_date":"2026-04-27T16:33:28","calc_backorders":null,"linked_bom":[],"sync_purchase_price":false,"bom_sellable":null,"minimum_threshold":null,"available_to_purchase":null,"selling_priority":null,"calculated_stock":null,"is_bom":false,"mi_inventories":[],"multi_inventory":"no","inventory_sorting_mode":"global","inventory_iteration":"global","expirable_inventories":"global","price_per_inventory":"global","show_write_off_inventories":"global","selectable_inventories":"global","selectable_inventories_mode":"global","_links":{"self":[{"href":"https:\/\/murenatest.com\/america\/es\/wp-json\/wp\/v2\/product\/505162","targetHints":{"allow":["GET"]}}],"collection":[{"href":"https:\/\/murenatest.com\/america\/es\/wp-json\/wp\/v2\/product"}],"about":[{"href":"https:\/\/murenatest.com\/america\/es\/wp-json\/wp\/v2\/types\/product"}],"replies":[{"embeddable":true,"href":"https:\/\/murenatest.com\/america\/es\/wp-json\/wp\/v2\/comments?post=505162"}],"wp:featuredmedia":[{"embeddable":true,"href":"https:\/\/murenatest.com\/america\/es\/wp-json\/wp\/v2\/media\/505231"}],"wp:attachment":[{"href":"https:\/\/murenatest.com\/america\/es\/wp-json\/wp\/v2\/media?parent=505162"}],"wp:term":[{"taxonomy":"product_brand","embeddable":true,"href":"https:\/\/murenatest.com\/america\/es\/wp-json\/wp\/v2\/product_brand?post=505162"},{"taxonomy":"product_cat","embeddable":true,"href":"https:\/\/murenatest.com\/america\/es\/wp-json\/wp\/v2\/product_cat?post=505162"},{"taxonomy":"product_tag","embeddable":true,"href":"https:\/\/murenatest.com\/america\/es\/wp-json\/wp\/v2\/product_tag?post=505162"}],"curies":[{"name":"wp","href":"https:\/\/api.w.org\/{rel}","templated":true}]}}