{"id":504994,"date":"2024-11-26T14:06:55","date_gmt":"2024-11-26T19:06:55","guid":{"rendered":"https:\/\/murena.com\/america\/shop\/sin%20categor\u00eda\/murena-cmf-phone-1\/"},"modified":"2025-04-07T03:36:44","modified_gmt":"2025-04-07T07:36:44","slug":"murena-cmf-phone-1","status":"publish","type":"product","link":"https:\/\/murenatest.com\/america\/es\/shop\/moviles\/nuevo\/murena-cmf-phone-1\/","title":{"rendered":"Murena CMF Tel\u00e9fono 1"},"content":{"rendered":"","protected":false},"excerpt":{"rendered":"<p><strong>Se pueden hacer pedidos pendientes.<\/strong><\/p>\n<p class=\"p1\">Nuevo Murena CMF Tel\u00e9fono 1.<\/p>\n<p class=\"p1\">Privacidad combinada con un valor inmejorable. El Murena CMF Phone 1 combina grandes especificaciones y privacidad con un bajo coste.<br \/>\nImpulsado por el sistema operativo \/e\/OS, este tel\u00e9fono te protege en todo momento contra la recopilaci\u00f3n constante de datos. <\/p>\n<p class=\"p1\">Robusto, colorido y r\u00e1pido. El Murena CMF Phone 1 le ofrece el control y la protecci\u00f3n de sus datos personales.   <a href=\"https:\/\/murenatest.com\/shop\/brand\/murena-cmf-phone-1\/#android-without-google\"><span class=\"s1\">M\u00e1s informaci\u00f3n.<\/span><\/a><\/p>\n<p class=\"p1\">Equipado con un procesador r\u00e1pido y una bater\u00eda de 5000mAh de larga duraci\u00f3n. \u00a1Tu m\u00f3vil puede durar hasta dos d\u00edas sin cargarse!   <a href=\"https:\/\/murenatest.com\/shop\/brand\/murena-cmf-phone-1\/#tech-spec\"><span class=\"s1\">M\u00e1s informaci\u00f3n.<\/span><\/a><\/p>\n<p class=\"p1\">Nota : Este smartphone no tiene NFC.<br \/>\nEl Murena CMF Phone 1 viene con un cargador de arranque desbloqueado, <a href=\"https:\/\/murenatest.com\/america\/es\/faq\/#bootloader-unlocked\">por favor vea aqu\u00ed<\/a> para m\u00e1s informaci\u00f3n sobre lo que esto significa.<\/p>\n","protected":false},"featured_media":505085,"comment_status":"open","ping_status":"closed","template":"","meta":{"_seopress_robots_primary_cat":"none","_seopress_titles_title":"","_seopress_titles_desc":"","_seopress_robots_index":""},"product_brand":[],"product_cat":[533],"product_tag":[556,555,569,568,567],"class_list":{"0":"post-504994","1":"product","2":"type-product","3":"status-publish","4":"has-post-thumbnail","6":"product_cat-nuevo","7":"product_tag-128-gb-es","8":"product_tag-5g-es","9":"product_tag-doble-sim","10":"product_tag-liberado","11":"product_tag-nuevo","12":"pa_colour-naranja","13":"pa_colour-negro","14":"pa_colour-verde-claro","15":"wpbf-post","18":"instock","19":"taxable","20":"shipping-taxable","21":"purchasable","22":"product-type-variable"},"bundled_by":[],"bundle_stock_status":"instock","bundle_stock_quantity":null,"bundle_virtual":false,"bundle_layout":"","bundle_add_to_cart_form_location":"","bundle_editable_in_cart":false,"bundle_sold_individually_context":"","bundle_item_grouping":"","bundle_min_size":"","bundle_max_size":"","bundle_price":[],"bundled_items":[],"bundle_sell_ids":[],"supplier_id":500111,"supplier_sku":"","barcode":null,"atum_controlled":true,"out_stock_date":"2024-11-26 14:06:55","out_stock_threshold":null,"inheritable":true,"inbound_stock":0,"stock_on_hold":6,"sold_today":0,"sales_last_days":0,"reserved_stock":0,"customer_returns":0,"warehouse_damage":0,"lost_in_post":0,"other_logs":0,"out_stock_days":517,"lost_sales":0,"has_location":false,"update_date":"2026-04-27T16:33:31","atum_locations":[],"atum_stock_status":"instock","restock_status":false,"low_stock_amount":"","sales_update_date":"2026-04-27T16:33:31","calc_backorders":null,"linked_bom":[],"sync_purchase_price":false,"bom_sellable":null,"minimum_threshold":null,"available_to_purchase":null,"selling_priority":null,"calculated_stock":null,"is_bom":false,"mi_inventories":[],"multi_inventory":"no","inventory_sorting_mode":"global","inventory_iteration":"global","expirable_inventories":"global","price_per_inventory":"global","show_write_off_inventories":"global","selectable_inventories":"global","selectable_inventories_mode":"global","_links":{"self":[{"href":"https:\/\/murenatest.com\/america\/es\/wp-json\/wp\/v2\/product\/504994","targetHints":{"allow":["GET"]}}],"collection":[{"href":"https:\/\/murenatest.com\/america\/es\/wp-json\/wp\/v2\/product"}],"about":[{"href":"https:\/\/murenatest.com\/america\/es\/wp-json\/wp\/v2\/types\/product"}],"replies":[{"embeddable":true,"href":"https:\/\/murenatest.com\/america\/es\/wp-json\/wp\/v2\/comments?post=504994"}],"wp:featuredmedia":[{"embeddable":true,"href":"https:\/\/murenatest.com\/america\/es\/wp-json\/wp\/v2\/media\/505085"}],"wp:attachment":[{"href":"https:\/\/murenatest.com\/america\/es\/wp-json\/wp\/v2\/media?parent=504994"}],"wp:term":[{"taxonomy":"product_brand","embeddable":true,"href":"https:\/\/murenatest.com\/america\/es\/wp-json\/wp\/v2\/product_brand?post=504994"},{"taxonomy":"product_cat","embeddable":true,"href":"https:\/\/murenatest.com\/america\/es\/wp-json\/wp\/v2\/product_cat?post=504994"},{"taxonomy":"product_tag","embeddable":true,"href":"https:\/\/murenatest.com\/america\/es\/wp-json\/wp\/v2\/product_tag?post=504994"}],"curies":[{"name":"wp","href":"https:\/\/api.w.org\/{rel}","templated":true}]}}